{"id":9875,"date":"2025-12-19T17:35:43","date_gmt":"2025-12-19T17:35:43","guid":{"rendered":"https:\/\/mybrazil.co.uk\/?post_type=product&#038;p=9875"},"modified":"2026-04-21T18:35:11","modified_gmt":"2026-04-21T17:35:11","slug":"polpa-de-maracuja-congelada-com-sementes-500g-prime-fruits","status":"publish","type":"product","link":"https:\/\/mybrazil.co.uk\/en\/shop\/polpa-de-maracuja-congelada-com-sementes-500g-prime-fruits\/","title":{"rendered":"Polpa de Maracuj\u00e1 Congelada com Sementes 500g Prime Fruits"},"content":{"rendered":"<p><strong data-start=\"272\" data-end=\"322\">Polpa de Maracuj\u00e1 Congelada com Sementes 500 g<\/strong> \u2014 fruta tropical pronta para uso, congelada para <strong data-start=\"372\" data-end=\"420\">preservar sabor, aroma e nutrientes naturais<\/strong>. Com sementes inclu\u00eddas para textura aut\u00eantica, esta polpa \u00e9 ideal para preparar <strong data-start=\"502\" data-end=\"574\">sucos, smoothies, sobremesas, molhos, sorvetes e coquet\u00e9is tropicais<\/strong> de maneira pr\u00e1tica e deliciosa. Produto vers\u00e1til que leva o sabor ex\u00f3tico e refrescante do maracuj\u00e1 diretamente para suas receitas \u2014 perfeito para o dia a dia ou ocasi\u00f5es especiais.<\/p>","protected":false},"excerpt":{"rendered":"<p>Polpa de Maracuj\u00e1 Congelada com Sementes 500 g \u2014 fruta tropical pronta para uso, congelada para preservar sabor, aroma e nutrientes naturais. Com sementes inclu\u00eddas para textura aut\u00eantica, esta polpa \u00e9 ideal para preparar sucos, smoothies, sobremesas, molhos, sorvetes e coquet\u00e9is tropicais de maneira pr\u00e1tica e deliciosa. Produto vers\u00e1til que leva o sabor ex\u00f3tico e [&hellip;]<\/p>","protected":false},"featured_media":9986,"comment_status":"open","ping_status":"closed","template":"","meta":{"_acf_changed":false,"_glsr_average":0,"_glsr_ranking":0,"_glsr_reviews":0},"product_brand":[],"product_cat":[80,43,91],"product_tag":[],"class_list":{"0":"post-9875","1":"product","2":"type-product","3":"status-publish","4":"has-post-thumbnail","6":"product_cat-congelados","7":"product_cat-grocery","8":"product_cat-sucos","10":"first","11":"outofstock","12":"taxable","13":"shipping-taxable","14":"purchasable","15":"product-type-simple"},"acf":[],"_links":{"self":[{"href":"https:\/\/mybrazil.co.uk\/en\/wp-json\/wp\/v2\/product\/9875","targetHints":{"allow":["GET"]}}],"collection":[{"href":"https:\/\/mybrazil.co.uk\/en\/wp-json\/wp\/v2\/product"}],"about":[{"href":"https:\/\/mybrazil.co.uk\/en\/wp-json\/wp\/v2\/types\/product"}],"replies":[{"embeddable":true,"href":"https:\/\/mybrazil.co.uk\/en\/wp-json\/wp\/v2\/comments?post=9875"}],"wp:featuredmedia":[{"embeddable":true,"href":"https:\/\/mybrazil.co.uk\/en\/wp-json\/wp\/v2\/media\/9986"}],"wp:attachment":[{"href":"https:\/\/mybrazil.co.uk\/en\/wp-json\/wp\/v2\/media?parent=9875"}],"wp:term":[{"taxonomy":"product_brand","embeddable":true,"href":"https:\/\/mybrazil.co.uk\/en\/wp-json\/wp\/v2\/product_brand?post=9875"},{"taxonomy":"product_cat","embeddable":true,"href":"https:\/\/mybrazil.co.uk\/en\/wp-json\/wp\/v2\/product_cat?post=9875"},{"taxonomy":"product_tag","embeddable":true,"href":"https:\/\/mybrazil.co.uk\/en\/wp-json\/wp\/v2\/product_tag?post=9875"}],"curies":[{"name":"wp","href":"https:\/\/api.w.org\/{rel}","templated":true}]}}