{"id":9869,"date":"2025-12-19T15:46:52","date_gmt":"2025-12-19T15:46:52","guid":{"rendered":"https:\/\/mybrazil.co.uk\/?post_type=product&#038;p=9869"},"modified":"2026-04-02T17:42:18","modified_gmt":"2026-04-02T16:42:18","slug":"ovomaltine-400g","status":"publish","type":"product","link":"https:\/\/mybrazil.co.uk\/en\/shop\/ovomaltine-400g\/","title":{"rendered":"Ovomaltine 400g"},"content":{"rendered":"<p>Ovomaltine em P\u00f3 400 g \u2014 <strong data-start=\"131\" data-end=\"168\">achocolatado fortificante maltado<\/strong> para preparar bebidas quentes ou frias com sabor marcante e nutritivo. Feito \u00e0 base de <strong data-start=\"256\" data-end=\"301\">extrato de malte de cevada, cacau e leite<\/strong>, com adi\u00e7\u00e3o de <strong data-start=\"317\" data-end=\"341\">vitaminas e minerais<\/strong>, oferece uma bebida energ\u00e9tica e deliciosa para toda a fam\u00edlia. Ideal para tomar no caf\u00e9 da manh\u00e3, no lanche ou como refor\u00e7o nutritivo ao longo do dia \u2014 basta adicionar leite ou \u00e1gua e misturar at\u00e9 dissolver completamente. Produto pr\u00e1tico, vers\u00e1til e de sabor \u00fanico que agrada jovens e adultos.<\/p>\n<p>Ingredientes \/ Ingredients<br \/>\nExtrato de malte de <strong data-start=\"1312\" data-end=\"1322\">cevada<\/strong>, a\u00e7\u00facar, soro de leite concentrado, cacau magro em p\u00f3, leite em p\u00f3 gordo, minerais (carbonato de c\u00e1lcio, carbonato de magn\u00e9sio, fosfato de c\u00e1lcio), chocolate (1,3 %), <strong data-start=\"1490\" data-end=\"1507\">\u00f3leo de colza<\/strong>, sal, 11 vitaminas (A, E, C, B1, B2, niacina, B6, \u00e1cido f\u00f3lico, B12, biotina, \u00e1cido pantot\u00eanico), aroma de vanilina. Pode conter avel\u00e3.<\/p>","protected":false},"excerpt":{"rendered":"<p>Ovomaltine em P\u00f3 400 g \u2014 achocolatado fortificante maltado para preparar bebidas quentes ou frias com sabor marcante e nutritivo. Feito \u00e0 base de extrato de malte de cevada, cacau e leite, com adi\u00e7\u00e3o de vitaminas e minerais, oferece uma bebida energ\u00e9tica e deliciosa para toda a fam\u00edlia. Ideal para tomar no caf\u00e9 da manh\u00e3, [&hellip;]<\/p>","protected":false},"featured_media":9909,"comment_status":"open","ping_status":"closed","template":"","meta":{"_acf_changed":false,"_glsr_average":0,"_glsr_ranking":0,"_glsr_reviews":0},"product_brand":[],"product_cat":[113,81],"product_tag":[],"class_list":{"0":"post-9869","1":"product","2":"type-product","3":"status-publish","4":"has-post-thumbnail","6":"product_cat-achocolatados","7":"product_cat-grocery-2","9":"first","10":"instock","11":"taxable","12":"shipping-taxable","13":"purchasable","14":"product-type-simple"},"acf":[],"_links":{"self":[{"href":"https:\/\/mybrazil.co.uk\/en\/wp-json\/wp\/v2\/product\/9869","targetHints":{"allow":["GET"]}}],"collection":[{"href":"https:\/\/mybrazil.co.uk\/en\/wp-json\/wp\/v2\/product"}],"about":[{"href":"https:\/\/mybrazil.co.uk\/en\/wp-json\/wp\/v2\/types\/product"}],"replies":[{"embeddable":true,"href":"https:\/\/mybrazil.co.uk\/en\/wp-json\/wp\/v2\/comments?post=9869"}],"wp:featuredmedia":[{"embeddable":true,"href":"https:\/\/mybrazil.co.uk\/en\/wp-json\/wp\/v2\/media\/9909"}],"wp:attachment":[{"href":"https:\/\/mybrazil.co.uk\/en\/wp-json\/wp\/v2\/media?parent=9869"}],"wp:term":[{"taxonomy":"product_brand","embeddable":true,"href":"https:\/\/mybrazil.co.uk\/en\/wp-json\/wp\/v2\/product_brand?post=9869"},{"taxonomy":"product_cat","embeddable":true,"href":"https:\/\/mybrazil.co.uk\/en\/wp-json\/wp\/v2\/product_cat?post=9869"},{"taxonomy":"product_tag","embeddable":true,"href":"https:\/\/mybrazil.co.uk\/en\/wp-json\/wp\/v2\/product_tag?post=9869"}],"curies":[{"name":"wp","href":"https:\/\/api.w.org\/{rel}","templated":true}]}}