{"id":9781,"date":"2025-12-05T17:42:42","date_gmt":"2025-12-05T17:42:42","guid":{"rendered":"https:\/\/mybrazil.co.uk\/?post_type=product&#038;p=9781"},"modified":"2026-04-18T17:54:06","modified_gmt":"2026-04-18T16:54:06","slug":"fafora-sabor-picante-300g-bom-gosto","status":"publish","type":"product","link":"https:\/\/mybrazil.co.uk\/en\/shop\/fafora-sabor-picante-300g-bom-gosto\/","title":{"rendered":"Fafora Sabor Picante 300g Bom Gosto"},"content":{"rendered":"<p>Farofa pronta sabor picante Bom Gosto \u2014 pacote de 300 g. Farinha de mandioca temperada com alho, cebola, cebolinha e peda\u00e7os de pimenta, criando um sabor marcante e levemente picante. Crocante, pr\u00e1tica e saborosa \u2014 perfeita para acompanhar carnes, feij\u00e3o, arroz, churrascos e refei\u00e7\u00f5es brasileiras no dia a dia. Adiciona textura, sabor e um toque picante \u00e0s suas refei\u00e7\u00f5es com muita praticidade.<\/p>","protected":false},"excerpt":{"rendered":"<p>Farofa pronta sabor picante Bom Gosto \u2014 pacote de 300 g. Farinha de mandioca temperada com alho, cebola, cebolinha e peda\u00e7os de pimenta, criando um sabor marcante e levemente picante. Crocante, pr\u00e1tica e saborosa \u2014 perfeita para acompanhar carnes, feij\u00e3o, arroz, churrascos e refei\u00e7\u00f5es brasileiras no dia a dia. Adiciona textura, sabor e um toque [&hellip;]<\/p>","protected":false},"featured_media":9782,"comment_status":"open","ping_status":"closed","template":"","meta":{"_acf_changed":false,"_glsr_average":0,"_glsr_ranking":0,"_glsr_reviews":0},"product_brand":[],"product_cat":[103,94],"product_tag":[],"class_list":{"0":"post-9781","1":"product","2":"type-product","3":"status-publish","4":"has-post-thumbnail","6":"product_cat-churrasco","7":"product_cat-graos-farinhacos","9":"first","10":"outofstock","11":"taxable","12":"shipping-taxable","13":"purchasable","14":"product-type-simple"},"acf":[],"_links":{"self":[{"href":"https:\/\/mybrazil.co.uk\/en\/wp-json\/wp\/v2\/product\/9781","targetHints":{"allow":["GET"]}}],"collection":[{"href":"https:\/\/mybrazil.co.uk\/en\/wp-json\/wp\/v2\/product"}],"about":[{"href":"https:\/\/mybrazil.co.uk\/en\/wp-json\/wp\/v2\/types\/product"}],"replies":[{"embeddable":true,"href":"https:\/\/mybrazil.co.uk\/en\/wp-json\/wp\/v2\/comments?post=9781"}],"wp:featuredmedia":[{"embeddable":true,"href":"https:\/\/mybrazil.co.uk\/en\/wp-json\/wp\/v2\/media\/9782"}],"wp:attachment":[{"href":"https:\/\/mybrazil.co.uk\/en\/wp-json\/wp\/v2\/media?parent=9781"}],"wp:term":[{"taxonomy":"product_brand","embeddable":true,"href":"https:\/\/mybrazil.co.uk\/en\/wp-json\/wp\/v2\/product_brand?post=9781"},{"taxonomy":"product_cat","embeddable":true,"href":"https:\/\/mybrazil.co.uk\/en\/wp-json\/wp\/v2\/product_cat?post=9781"},{"taxonomy":"product_tag","embeddable":true,"href":"https:\/\/mybrazil.co.uk\/en\/wp-json\/wp\/v2\/product_tag?post=9781"}],"curies":[{"name":"wp","href":"https:\/\/api.w.org\/{rel}","templated":true}]}}