{"id":9779,"date":"2025-12-05T17:42:03","date_gmt":"2025-12-05T17:42:03","guid":{"rendered":"https:\/\/mybrazil.co.uk\/?post_type=product&#038;p=9779"},"modified":"2026-04-22T11:27:25","modified_gmt":"2026-04-22T10:27:25","slug":"fafora-sabor-bacon-300g-bom-gosto","status":"publish","type":"product","link":"https:\/\/mybrazil.co.uk\/en\/shop\/fafora-sabor-bacon-300g-bom-gosto\/","title":{"rendered":"Fafora sabor bacon 300g Bom Gosto"},"content":{"rendered":"<p>Farofa pronta \u201cSabor Bacon\u201d Bom Gosto \u2014 pacote de 300 g. Farinha de mandioca temperada com sabor marcante de bacon e condimentos tradicionais (alho, cebola e cebolinha), pronta para servir. Crocante, saborosa e pr\u00e1tica \u2014 ideal como acompanhamento em churrascos, feijoada, carnes assadas, arroz com feij\u00e3o ou em refei\u00e7\u00f5es do dia a dia. D\u00e1 um toque caseiro e cheio de sabor \u00e0s suas refei\u00e7\u00f5es brasileiras sem complica\u00e7\u00e3o.<\/p>","protected":false},"excerpt":{"rendered":"<p>Farofa pronta \u201cSabor Bacon\u201d Bom Gosto \u2014 pacote de 300 g. Farinha de mandioca temperada com sabor marcante de bacon e condimentos tradicionais (alho, cebola e cebolinha), pronta para servir. Crocante, saborosa e pr\u00e1tica \u2014 ideal como acompanhamento em churrascos, feijoada, carnes assadas, arroz com feij\u00e3o ou em refei\u00e7\u00f5es do dia a dia. D\u00e1 um [&hellip;]<\/p>","protected":false},"featured_media":9780,"comment_status":"open","ping_status":"closed","template":"","meta":{"_acf_changed":false,"_glsr_average":0,"_glsr_ranking":0,"_glsr_reviews":0},"product_brand":[],"product_cat":[103,94],"product_tag":[],"class_list":{"0":"post-9779","1":"product","2":"type-product","3":"status-publish","4":"has-post-thumbnail","6":"product_cat-churrasco","7":"product_cat-graos-farinhacos","9":"first","10":"instock","11":"taxable","12":"shipping-taxable","13":"purchasable","14":"product-type-simple"},"acf":[],"_links":{"self":[{"href":"https:\/\/mybrazil.co.uk\/en\/wp-json\/wp\/v2\/product\/9779","targetHints":{"allow":["GET"]}}],"collection":[{"href":"https:\/\/mybrazil.co.uk\/en\/wp-json\/wp\/v2\/product"}],"about":[{"href":"https:\/\/mybrazil.co.uk\/en\/wp-json\/wp\/v2\/types\/product"}],"replies":[{"embeddable":true,"href":"https:\/\/mybrazil.co.uk\/en\/wp-json\/wp\/v2\/comments?post=9779"}],"wp:featuredmedia":[{"embeddable":true,"href":"https:\/\/mybrazil.co.uk\/en\/wp-json\/wp\/v2\/media\/9780"}],"wp:attachment":[{"href":"https:\/\/mybrazil.co.uk\/en\/wp-json\/wp\/v2\/media?parent=9779"}],"wp:term":[{"taxonomy":"product_brand","embeddable":true,"href":"https:\/\/mybrazil.co.uk\/en\/wp-json\/wp\/v2\/product_brand?post=9779"},{"taxonomy":"product_cat","embeddable":true,"href":"https:\/\/mybrazil.co.uk\/en\/wp-json\/wp\/v2\/product_cat?post=9779"},{"taxonomy":"product_tag","embeddable":true,"href":"https:\/\/mybrazil.co.uk\/en\/wp-json\/wp\/v2\/product_tag?post=9779"}],"curies":[{"name":"wp","href":"https:\/\/api.w.org\/{rel}","templated":true}]}}