{"id":9777,"date":"2025-12-05T17:21:32","date_gmt":"2025-12-05T17:21:32","guid":{"rendered":"https:\/\/mybrazil.co.uk\/?post_type=product&#038;p=9777"},"modified":"2025-12-11T13:46:53","modified_gmt":"2025-12-11T13:46:53","slug":"esponja-de-banho-nativaspa","status":"publish","type":"product","link":"https:\/\/mybrazil.co.uk\/en\/shop\/esponja-de-banho-nativaspa\/","title":{"rendered":"Esponja de Banho nativaSPA"},"content":{"rendered":"<p>Esponja de banho da linha Nativa SPA, da O Botic\u00e1rio \u2014 ideal para transformar seu banho em um verdadeiro ritual de cuidado e bem-estar. Com material macio e textura delicada, a esponja cria uma espuma rica e suave, ajudando na limpeza profunda da pele e promovendo uma sensa\u00e7\u00e3o de <strong data-start=\"559\" data-end=\"588\">pele macia e revitalizada<\/strong>. Perfeita para uso di\u00e1rio, deixa a pele pronta para receber hidratantes ou \u00f3leos corporais. Ajuda a remover impurezas e c\u00e9lulas mortas com delicadeza, sem agredir a pele.<\/p>","protected":false},"excerpt":{"rendered":"<p>Esponja de banho da linha Nativa SPA, da O Botic\u00e1rio \u2014 ideal para transformar seu banho em um verdadeiro ritual de cuidado e bem-estar. Com material macio e textura delicada, a esponja cria uma espuma rica e suave, ajudando na limpeza profunda da pele e promovendo uma sensa\u00e7\u00e3o de pele macia e revitalizada. Perfeita para [&hellip;]<\/p>","protected":false},"featured_media":9778,"comment_status":"open","ping_status":"closed","template":"","meta":{"_acf_changed":false,"_glsr_average":0,"_glsr_ranking":0,"_glsr_reviews":0},"product_brand":[],"product_cat":[40],"product_tag":[],"class_list":{"0":"post-9777","1":"product","2":"type-product","3":"status-publish","4":"has-post-thumbnail","6":"product_cat-beauty","8":"first","9":"instock","10":"taxable","11":"shipping-taxable","12":"purchasable","13":"product-type-simple"},"acf":[],"_links":{"self":[{"href":"https:\/\/mybrazil.co.uk\/en\/wp-json\/wp\/v2\/product\/9777","targetHints":{"allow":["GET"]}}],"collection":[{"href":"https:\/\/mybrazil.co.uk\/en\/wp-json\/wp\/v2\/product"}],"about":[{"href":"https:\/\/mybrazil.co.uk\/en\/wp-json\/wp\/v2\/types\/product"}],"replies":[{"embeddable":true,"href":"https:\/\/mybrazil.co.uk\/en\/wp-json\/wp\/v2\/comments?post=9777"}],"wp:featuredmedia":[{"embeddable":true,"href":"https:\/\/mybrazil.co.uk\/en\/wp-json\/wp\/v2\/media\/9778"}],"wp:attachment":[{"href":"https:\/\/mybrazil.co.uk\/en\/wp-json\/wp\/v2\/media?parent=9777"}],"wp:term":[{"taxonomy":"product_brand","embeddable":true,"href":"https:\/\/mybrazil.co.uk\/en\/wp-json\/wp\/v2\/product_brand?post=9777"},{"taxonomy":"product_cat","embeddable":true,"href":"https:\/\/mybrazil.co.uk\/en\/wp-json\/wp\/v2\/product_cat?post=9777"},{"taxonomy":"product_tag","embeddable":true,"href":"https:\/\/mybrazil.co.uk\/en\/wp-json\/wp\/v2\/product_tag?post=9777"}],"curies":[{"name":"wp","href":"https:\/\/api.w.org\/{rel}","templated":true}]}}