{"id":9775,"date":"2025-12-05T17:13:59","date_gmt":"2025-12-05T17:13:59","guid":{"rendered":"https:\/\/mybrazil.co.uk\/?post_type=product&#038;p=9775"},"modified":"2026-02-28T17:18:07","modified_gmt":"2026-02-28T17:18:07","slug":"lily-absolu-eau-de-parfum-75-ml","status":"publish","type":"product","link":"https:\/\/mybrazil.co.uk\/en\/shop\/lily-absolu-eau-de-parfum-75-ml\/","title":{"rendered":"Lily Absolu Eau de Parfum 75 ml"},"content":{"rendered":"<p>Lily Absolu Eau de Parfum 75 ml \u2014 uma fragr\u00e2ncia feminina sofisticada e intensa da cole\u00e7\u00e3o Lily \/ O Botic\u00e1rio, constru\u00edda com o exclusivo \u201cL\u00edrio de Grasse\u201d, cultivado na Fran\u00e7a e extra\u00eddo artesanalmente por enfleurage. A fragr\u00e2ncia mistura delicadeza e presen\u00e7a: notas florais exuberantes e envolventes que evoluem para um fundo sensual e elegante, ideal para quem busca um perfume marcante e duradouro para ocasi\u00f5es especiais ou uso di\u00e1rio refinado. Perfume elegante, feminino e com alta fixa\u00e7\u00e3o \u2014 perfeito para mulheres que valorizam sofistica\u00e7\u00e3o, feminilidade e charme.<\/p>","protected":false},"excerpt":{"rendered":"<p>Lily Absolu Eau de Parfum 75 ml \u2014 uma fragr\u00e2ncia feminina sofisticada e intensa da cole\u00e7\u00e3o Lily \/ O Botic\u00e1rio, constru\u00edda com o exclusivo \u201cL\u00edrio de Grasse\u201d, cultivado na Fran\u00e7a e extra\u00eddo artesanalmente por enfleurage. A fragr\u00e2ncia mistura delicadeza e presen\u00e7a: notas florais exuberantes e envolventes que evoluem para um fundo sensual e elegante, ideal [&hellip;]<\/p>","protected":false},"featured_media":9776,"comment_status":"open","ping_status":"closed","template":"","meta":{"_acf_changed":false,"_glsr_average":0,"_glsr_ranking":0,"_glsr_reviews":0},"product_brand":[],"product_cat":[40],"product_tag":[],"class_list":{"0":"post-9775","1":"product","2":"type-product","3":"status-publish","4":"has-post-thumbnail","6":"product_cat-beauty","8":"first","9":"outofstock","10":"taxable","11":"shipping-taxable","12":"purchasable","13":"product-type-simple"},"acf":[],"_links":{"self":[{"href":"https:\/\/mybrazil.co.uk\/en\/wp-json\/wp\/v2\/product\/9775","targetHints":{"allow":["GET"]}}],"collection":[{"href":"https:\/\/mybrazil.co.uk\/en\/wp-json\/wp\/v2\/product"}],"about":[{"href":"https:\/\/mybrazil.co.uk\/en\/wp-json\/wp\/v2\/types\/product"}],"replies":[{"embeddable":true,"href":"https:\/\/mybrazil.co.uk\/en\/wp-json\/wp\/v2\/comments?post=9775"}],"wp:featuredmedia":[{"embeddable":true,"href":"https:\/\/mybrazil.co.uk\/en\/wp-json\/wp\/v2\/media\/9776"}],"wp:attachment":[{"href":"https:\/\/mybrazil.co.uk\/en\/wp-json\/wp\/v2\/media?parent=9775"}],"wp:term":[{"taxonomy":"product_brand","embeddable":true,"href":"https:\/\/mybrazil.co.uk\/en\/wp-json\/wp\/v2\/product_brand?post=9775"},{"taxonomy":"product_cat","embeddable":true,"href":"https:\/\/mybrazil.co.uk\/en\/wp-json\/wp\/v2\/product_cat?post=9775"},{"taxonomy":"product_tag","embeddable":true,"href":"https:\/\/mybrazil.co.uk\/en\/wp-json\/wp\/v2\/product_tag?post=9775"}],"curies":[{"name":"wp","href":"https:\/\/api.w.org\/{rel}","templated":true}]}}