{"id":9764,"date":"2025-12-05T16:11:54","date_gmt":"2025-12-05T16:11:54","guid":{"rendered":"https:\/\/mybrazil.co.uk\/?post_type=product&#038;p=9764"},"modified":"2025-12-11T13:46:53","modified_gmt":"2025-12-11T13:46:53","slug":"oleo-hidratante-corporal-nuvem-de-alegria-110ml-cuide-se-bem","status":"publish","type":"product","link":"https:\/\/mybrazil.co.uk\/en\/shop\/oleo-hidratante-corporal-nuvem-de-alegria-110ml-cuide-se-bem\/","title":{"rendered":"Oleo hidratante corporal nuvem de alegria 110ml cuide-se bem"},"content":{"rendered":"<p>\u00d3leo hidratante corporal \u201cNuvem de Alegria\u201d 110\u202fml \u2014 da linha Cuide\u2011se Bem. F\u00f3rmula leve e delicada, com textura sedosa e r\u00e1pida absor\u00e7\u00e3o, que deixa a pele <strong data-start=\"259\" data-end=\"301\">macia, perfumada e com toque aveludado<\/strong>, sem sensa\u00e7\u00e3o oleosa. Proporciona at\u00e9 <strong data-start=\"340\" data-end=\"362\">48\u202fh de hidrata\u00e7\u00e3o<\/strong>, ideal para manter a pele nutrida e suave mesmo nos dias frios ou secos. Sua fragr\u00e2ncia <strong data-start=\"451\" data-end=\"479\">frutada\u2011c\u00edtrica e alegre<\/strong> transforma o cuidado corporal num verdadeiro ritual de bem\u2011estar, elevando o astral e deixando a pele com aroma leve e energizante. Vegano e cruelty\u2011free, com <strong data-start=\"639\" data-end=\"682\">alta propor\u00e7\u00e3o de ingredientes naturais<\/strong> \u2014 perfeito para uso di\u00e1rio p\u00f3s\u2011banho.<\/p>","protected":false},"excerpt":{"rendered":"<p>\u00d3leo hidratante corporal \u201cNuvem de Alegria\u201d 110\u202fml \u2014 da linha Cuide\u2011se Bem. F\u00f3rmula leve e delicada, com textura sedosa e r\u00e1pida absor\u00e7\u00e3o, que deixa a pele macia, perfumada e com toque aveludado, sem sensa\u00e7\u00e3o oleosa. Proporciona at\u00e9 48\u202fh de hidrata\u00e7\u00e3o, ideal para manter a pele nutrida e suave mesmo nos dias frios ou secos. Sua [&hellip;]<\/p>","protected":false},"featured_media":9765,"comment_status":"open","ping_status":"closed","template":"","meta":{"_acf_changed":false,"_glsr_average":0,"_glsr_ranking":0,"_glsr_reviews":0},"product_brand":[],"product_cat":[40],"product_tag":[],"class_list":{"0":"post-9764","1":"product","2":"type-product","3":"status-publish","4":"has-post-thumbnail","6":"product_cat-beauty","8":"first","9":"instock","10":"taxable","11":"shipping-taxable","12":"purchasable","13":"product-type-simple"},"acf":[],"_links":{"self":[{"href":"https:\/\/mybrazil.co.uk\/en\/wp-json\/wp\/v2\/product\/9764","targetHints":{"allow":["GET"]}}],"collection":[{"href":"https:\/\/mybrazil.co.uk\/en\/wp-json\/wp\/v2\/product"}],"about":[{"href":"https:\/\/mybrazil.co.uk\/en\/wp-json\/wp\/v2\/types\/product"}],"replies":[{"embeddable":true,"href":"https:\/\/mybrazil.co.uk\/en\/wp-json\/wp\/v2\/comments?post=9764"}],"wp:featuredmedia":[{"embeddable":true,"href":"https:\/\/mybrazil.co.uk\/en\/wp-json\/wp\/v2\/media\/9765"}],"wp:attachment":[{"href":"https:\/\/mybrazil.co.uk\/en\/wp-json\/wp\/v2\/media?parent=9764"}],"wp:term":[{"taxonomy":"product_brand","embeddable":true,"href":"https:\/\/mybrazil.co.uk\/en\/wp-json\/wp\/v2\/product_brand?post=9764"},{"taxonomy":"product_cat","embeddable":true,"href":"https:\/\/mybrazil.co.uk\/en\/wp-json\/wp\/v2\/product_cat?post=9764"},{"taxonomy":"product_tag","embeddable":true,"href":"https:\/\/mybrazil.co.uk\/en\/wp-json\/wp\/v2\/product_tag?post=9764"}],"curies":[{"name":"wp","href":"https:\/\/api.w.org\/{rel}","templated":true}]}}