{"id":9762,"date":"2025-12-05T14:59:07","date_gmt":"2025-12-05T14:59:07","guid":{"rendered":"https:\/\/mybrazil.co.uk\/?post_type=product&#038;p=9762"},"modified":"2026-02-16T12:29:54","modified_gmt":"2026-02-16T12:29:54","slug":"locao-hidratante-nuvem-de-alegria-400ml-cuide-se-bem","status":"publish","type":"product","link":"https:\/\/mybrazil.co.uk\/en\/shop\/locao-hidratante-nuvem-de-alegria-400ml-cuide-se-bem\/","title":{"rendered":"Locao hidratante Nuvem de alegria 400ml cuide-se bem"},"content":{"rendered":"<p>Lo\u00e7\u00e3o hidratante corporal \u201cNuvem de Alegria\u201d \u2014 400\u202fml. Com textura cremosa e leve, essa lo\u00e7\u00e3o oferece <strong data-start=\"204\" data-end=\"239\">at\u00e9 48\u202fh de hidrata\u00e7\u00e3o profunda<\/strong>, deixando a pele <strong data-start=\"257\" data-end=\"315\">macia, perfumada e com sensa\u00e7\u00e3o de suavidade e cuidado<\/strong>. Enriquecida com <strong data-start=\"333\" data-end=\"366\">manteiga de karit\u00e9 e glicerol<\/strong>, ajuda a proteger a pele contra o ressecamento e mant\u00e9m a hidrata\u00e7\u00e3o por horas. A fragr\u00e2ncia \u00e9 <strong data-start=\"462\" data-end=\"495\">frutal\u2011citr\u00edca, alegre e leve<\/strong>, ideal para transformar o cuidado di\u00e1rio em um momento de bem\u2011estar, boa vibra\u00e7\u00e3o e conforto. Absor\u00e7\u00e3o r\u00e1pida e sem sensa\u00e7\u00e3o pegajosa, perfeita para uso p\u00f3s\u2011banho ou sempre que quiser pele hidratada e perfumada. \u2728<\/p>","protected":false},"excerpt":{"rendered":"<p>Lo\u00e7\u00e3o hidratante corporal \u201cNuvem de Alegria\u201d \u2014 400\u202fml. Com textura cremosa e leve, essa lo\u00e7\u00e3o oferece at\u00e9 48\u202fh de hidrata\u00e7\u00e3o profunda, deixando a pele macia, perfumada e com sensa\u00e7\u00e3o de suavidade e cuidado. Enriquecida com manteiga de karit\u00e9 e glicerol, ajuda a proteger a pele contra o ressecamento e mant\u00e9m a hidrata\u00e7\u00e3o por horas. A [&hellip;]<\/p>","protected":false},"featured_media":9763,"comment_status":"open","ping_status":"closed","template":"","meta":{"_acf_changed":false,"_glsr_average":0,"_glsr_ranking":0,"_glsr_reviews":0},"product_brand":[],"product_cat":[40],"product_tag":[],"class_list":{"0":"post-9762","1":"product","2":"type-product","3":"status-publish","4":"has-post-thumbnail","6":"product_cat-beauty","8":"first","9":"outofstock","10":"taxable","11":"shipping-taxable","12":"purchasable","13":"product-type-simple"},"acf":[],"_links":{"self":[{"href":"https:\/\/mybrazil.co.uk\/en\/wp-json\/wp\/v2\/product\/9762","targetHints":{"allow":["GET"]}}],"collection":[{"href":"https:\/\/mybrazil.co.uk\/en\/wp-json\/wp\/v2\/product"}],"about":[{"href":"https:\/\/mybrazil.co.uk\/en\/wp-json\/wp\/v2\/types\/product"}],"replies":[{"embeddable":true,"href":"https:\/\/mybrazil.co.uk\/en\/wp-json\/wp\/v2\/comments?post=9762"}],"wp:featuredmedia":[{"embeddable":true,"href":"https:\/\/mybrazil.co.uk\/en\/wp-json\/wp\/v2\/media\/9763"}],"wp:attachment":[{"href":"https:\/\/mybrazil.co.uk\/en\/wp-json\/wp\/v2\/media?parent=9762"}],"wp:term":[{"taxonomy":"product_brand","embeddable":true,"href":"https:\/\/mybrazil.co.uk\/en\/wp-json\/wp\/v2\/product_brand?post=9762"},{"taxonomy":"product_cat","embeddable":true,"href":"https:\/\/mybrazil.co.uk\/en\/wp-json\/wp\/v2\/product_cat?post=9762"},{"taxonomy":"product_tag","embeddable":true,"href":"https:\/\/mybrazil.co.uk\/en\/wp-json\/wp\/v2\/product_tag?post=9762"}],"curies":[{"name":"wp","href":"https:\/\/api.w.org\/{rel}","templated":true}]}}