{"id":9758,"date":"2025-12-05T14:45:35","date_gmt":"2025-12-05T14:45:35","guid":{"rendered":"https:\/\/mybrazil.co.uk\/?post_type=product&#038;p=9758"},"modified":"2026-03-12T12:07:00","modified_gmt":"2026-03-12T12:07:00","slug":"cuide-se-bem-nuvem-de-alegria-locao-iluminadora-150ml","status":"publish","type":"product","link":"https:\/\/mybrazil.co.uk\/en\/shop\/cuide-se-bem-nuvem-de-alegria-locao-iluminadora-150ml\/","title":{"rendered":"Cuide-se Bem Nuvem de alegria locao iluminadora 150ml"},"content":{"rendered":"<p>Lo\u00e7\u00e3o corporal iluminadora Cuide\u2011se Bem \u2013 edi\u00e7\u00e3o \u201cNuvem de Alegria\u201d, 150 ml. Uma lo\u00e7\u00e3o leve e perfumada que oferece <strong data-start=\"243\" data-end=\"270\">hidrata\u00e7\u00e3o por at\u00e9 48 h<\/strong> e deixa a pele com <strong data-start=\"290\" data-end=\"327\">brilho suave e apar\u00eancia radiante<\/strong> \u2014 como se estivesse envolta numa nuvem de felicidade. Sua textura espalha facilmente, \u00e9 de r\u00e1pida absor\u00e7\u00e3o e n\u00e3o deixa sensa\u00e7\u00e3o pegajosa. A fragr\u00e2ncia \u00e9 frutal-c\u00edtrica, com aroma alegre e refrescante, e o produto tem at\u00e9 <strong data-start=\"549\" data-end=\"591\">94 % de ingredientes de origem natural<\/strong>, sendo <strong data-start=\"599\" data-end=\"624\">vegano e cruelty-free<\/strong>. Ideal para uso di\u00e1rio, ap\u00f3s o banho, proporcionando pele hidratada, iluminada e com um toque de frescor.<\/p>","protected":false},"excerpt":{"rendered":"<p>Lo\u00e7\u00e3o corporal iluminadora Cuide\u2011se Bem \u2013 edi\u00e7\u00e3o \u201cNuvem de Alegria\u201d, 150 ml. Uma lo\u00e7\u00e3o leve e perfumada que oferece hidrata\u00e7\u00e3o por at\u00e9 48 h e deixa a pele com brilho suave e apar\u00eancia radiante \u2014 como se estivesse envolta numa nuvem de felicidade. Sua textura espalha facilmente, \u00e9 de r\u00e1pida absor\u00e7\u00e3o e n\u00e3o deixa sensa\u00e7\u00e3o [&hellip;]<\/p>","protected":false},"featured_media":9759,"comment_status":"open","ping_status":"closed","template":"","meta":{"_acf_changed":false,"_glsr_average":0,"_glsr_ranking":0,"_glsr_reviews":0},"product_brand":[],"product_cat":[40],"product_tag":[],"class_list":{"0":"post-9758","1":"product","2":"type-product","3":"status-publish","4":"has-post-thumbnail","6":"product_cat-beauty","8":"first","9":"outofstock","10":"taxable","11":"shipping-taxable","12":"purchasable","13":"product-type-simple"},"acf":[],"_links":{"self":[{"href":"https:\/\/mybrazil.co.uk\/en\/wp-json\/wp\/v2\/product\/9758","targetHints":{"allow":["GET"]}}],"collection":[{"href":"https:\/\/mybrazil.co.uk\/en\/wp-json\/wp\/v2\/product"}],"about":[{"href":"https:\/\/mybrazil.co.uk\/en\/wp-json\/wp\/v2\/types\/product"}],"replies":[{"embeddable":true,"href":"https:\/\/mybrazil.co.uk\/en\/wp-json\/wp\/v2\/comments?post=9758"}],"wp:featuredmedia":[{"embeddable":true,"href":"https:\/\/mybrazil.co.uk\/en\/wp-json\/wp\/v2\/media\/9759"}],"wp:attachment":[{"href":"https:\/\/mybrazil.co.uk\/en\/wp-json\/wp\/v2\/media?parent=9758"}],"wp:term":[{"taxonomy":"product_brand","embeddable":true,"href":"https:\/\/mybrazil.co.uk\/en\/wp-json\/wp\/v2\/product_brand?post=9758"},{"taxonomy":"product_cat","embeddable":true,"href":"https:\/\/mybrazil.co.uk\/en\/wp-json\/wp\/v2\/product_cat?post=9758"},{"taxonomy":"product_tag","embeddable":true,"href":"https:\/\/mybrazil.co.uk\/en\/wp-json\/wp\/v2\/product_tag?post=9758"}],"curies":[{"name":"wp","href":"https:\/\/api.w.org\/{rel}","templated":true}]}}