{"id":9749,"date":"2025-12-05T12:49:03","date_gmt":"2025-12-05T12:49:03","guid":{"rendered":"https:\/\/mybrazil.co.uk\/?post_type=product&#038;p=9749"},"modified":"2026-01-20T12:55:19","modified_gmt":"2026-01-20T12:55:19","slug":"locao-hidratante-corporal-malbec-pure-gold-200-ml","status":"publish","type":"product","link":"https:\/\/mybrazil.co.uk\/en\/shop\/locao-hidratante-corporal-malbec-pure-gold-200-ml\/","title":{"rendered":"Lo\u00e7\u00e3o hidratante corporal Malbec Pure Gold \u2014 200 ml"},"content":{"rendered":"<p>Desenvolvida para quem busca <strong data-start=\"155\" data-end=\"234\">hidrata\u00e7\u00e3o profunda e pele perfumada com um toque de sofistica\u00e7\u00e3o masculina<\/strong>. A textura \u00e9 leve, de r\u00e1pida absor\u00e7\u00e3o, sem deixar res\u00edduos brancos, e mant\u00e9m a pele hidratada por at\u00e9 <strong data-start=\"337\" data-end=\"349\">48 horas<\/strong>. Sua fragr\u00e2ncia \u00e9 inspirada em mel vegano, \u00e2mbar e madeiras densas, com uma abertura adocicada e levemente especiada, evoluindo para um fundo amadeirado-ambarado intenso e duradouro. Ideal para uso di\u00e1rio ap\u00f3s o banho, especialmente se voc\u00ea quer unir cuidado corporal e sensualidade numa s\u00f3 aplica\u00e7\u00e3o.<\/p>","protected":false},"excerpt":{"rendered":"<p>Desenvolvida para quem busca hidrata\u00e7\u00e3o profunda e pele perfumada com um toque de sofistica\u00e7\u00e3o masculina. A textura \u00e9 leve, de r\u00e1pida absor\u00e7\u00e3o, sem deixar res\u00edduos brancos, e mant\u00e9m a pele hidratada por at\u00e9 48 horas. Sua fragr\u00e2ncia \u00e9 inspirada em mel vegano, \u00e2mbar e madeiras densas, com uma abertura adocicada e levemente especiada, evoluindo para [&hellip;]<\/p>","protected":false},"featured_media":9750,"comment_status":"open","ping_status":"closed","template":"","meta":{"_acf_changed":false,"_glsr_average":0,"_glsr_ranking":0,"_glsr_reviews":0},"product_brand":[],"product_cat":[40],"product_tag":[],"class_list":{"0":"post-9749","1":"product","2":"type-product","3":"status-publish","4":"has-post-thumbnail","6":"product_cat-beauty","8":"first","9":"instock","10":"taxable","11":"shipping-taxable","12":"purchasable","13":"product-type-simple"},"acf":[],"_links":{"self":[{"href":"https:\/\/mybrazil.co.uk\/en\/wp-json\/wp\/v2\/product\/9749","targetHints":{"allow":["GET"]}}],"collection":[{"href":"https:\/\/mybrazil.co.uk\/en\/wp-json\/wp\/v2\/product"}],"about":[{"href":"https:\/\/mybrazil.co.uk\/en\/wp-json\/wp\/v2\/types\/product"}],"replies":[{"embeddable":true,"href":"https:\/\/mybrazil.co.uk\/en\/wp-json\/wp\/v2\/comments?post=9749"}],"wp:featuredmedia":[{"embeddable":true,"href":"https:\/\/mybrazil.co.uk\/en\/wp-json\/wp\/v2\/media\/9750"}],"wp:attachment":[{"href":"https:\/\/mybrazil.co.uk\/en\/wp-json\/wp\/v2\/media?parent=9749"}],"wp:term":[{"taxonomy":"product_brand","embeddable":true,"href":"https:\/\/mybrazil.co.uk\/en\/wp-json\/wp\/v2\/product_brand?post=9749"},{"taxonomy":"product_cat","embeddable":true,"href":"https:\/\/mybrazil.co.uk\/en\/wp-json\/wp\/v2\/product_cat?post=9749"},{"taxonomy":"product_tag","embeddable":true,"href":"https:\/\/mybrazil.co.uk\/en\/wp-json\/wp\/v2\/product_tag?post=9749"}],"curies":[{"name":"wp","href":"https:\/\/api.w.org\/{rel}","templated":true}]}}