{"id":9747,"date":"2025-12-05T12:19:20","date_gmt":"2025-12-05T12:19:20","guid":{"rendered":"https:\/\/mybrazil.co.uk\/?post_type=product&#038;p=9747"},"modified":"2025-12-11T13:46:53","modified_gmt":"2025-12-11T13:46:53","slug":"perfume-malbec-x-100ml","status":"publish","type":"product","link":"https:\/\/mybrazil.co.uk\/en\/shop\/perfume-malbec-x-100ml\/","title":{"rendered":"Perfume Malbec X 100ml"},"content":{"rendered":"<p>Uma fragr\u00e2ncia intensa e sedutora da fam\u00edlia olfativa <strong data-start=\"162\" data-end=\"185\">Amadeirado-Oriental<\/strong>. Ele combina uma abertura fresca e c\u00edtrica com notas arom\u00e1ticas (como yuzu, mandarina, grapefruit e folhas de violeta), um cora\u00e7\u00e3o especiado e envolvente (benjoim, cardamomo e o exclusivo \u201cFator X\u00ae\u201d) e uma base marcante de <strong data-start=\"409\" data-end=\"446\">camur\u00e7a, patchouli, \u00e2mbar e couro<\/strong>. Resultado: aroma <strong data-start=\"465\" data-end=\"502\">profundo, sofisticado e confiante<\/strong>, ideal para noites, encontros e ocasi\u00f5es especiais. Vers\u00e1til e provocante, traz presen\u00e7a marcante para quem quer destacar sua identidade.<\/p>","protected":false},"excerpt":{"rendered":"<p>Uma fragr\u00e2ncia intensa e sedutora da fam\u00edlia olfativa Amadeirado-Oriental. Ele combina uma abertura fresca e c\u00edtrica com notas arom\u00e1ticas (como yuzu, mandarina, grapefruit e folhas de violeta), um cora\u00e7\u00e3o especiado e envolvente (benjoim, cardamomo e o exclusivo \u201cFator X\u00ae\u201d) e uma base marcante de camur\u00e7a, patchouli, \u00e2mbar e couro. Resultado: aroma profundo, sofisticado e confiante, [&hellip;]<\/p>","protected":false},"featured_media":9748,"comment_status":"open","ping_status":"closed","template":"","meta":{"_acf_changed":false,"_glsr_average":0,"_glsr_ranking":0,"_glsr_reviews":0},"product_brand":[],"product_cat":[40],"product_tag":[],"class_list":{"0":"post-9747","1":"product","2":"type-product","3":"status-publish","4":"has-post-thumbnail","6":"product_cat-beauty","8":"first","9":"instock","10":"taxable","11":"shipping-taxable","12":"purchasable","13":"product-type-simple"},"acf":[],"_links":{"self":[{"href":"https:\/\/mybrazil.co.uk\/en\/wp-json\/wp\/v2\/product\/9747","targetHints":{"allow":["GET"]}}],"collection":[{"href":"https:\/\/mybrazil.co.uk\/en\/wp-json\/wp\/v2\/product"}],"about":[{"href":"https:\/\/mybrazil.co.uk\/en\/wp-json\/wp\/v2\/types\/product"}],"replies":[{"embeddable":true,"href":"https:\/\/mybrazil.co.uk\/en\/wp-json\/wp\/v2\/comments?post=9747"}],"wp:featuredmedia":[{"embeddable":true,"href":"https:\/\/mybrazil.co.uk\/en\/wp-json\/wp\/v2\/media\/9748"}],"wp:attachment":[{"href":"https:\/\/mybrazil.co.uk\/en\/wp-json\/wp\/v2\/media?parent=9747"}],"wp:term":[{"taxonomy":"product_brand","embeddable":true,"href":"https:\/\/mybrazil.co.uk\/en\/wp-json\/wp\/v2\/product_brand?post=9747"},{"taxonomy":"product_cat","embeddable":true,"href":"https:\/\/mybrazil.co.uk\/en\/wp-json\/wp\/v2\/product_cat?post=9747"},{"taxonomy":"product_tag","embeddable":true,"href":"https:\/\/mybrazil.co.uk\/en\/wp-json\/wp\/v2\/product_tag?post=9747"}],"curies":[{"name":"wp","href":"https:\/\/api.w.org\/{rel}","templated":true}]}}