{"id":9742,"date":"2025-12-05T11:20:40","date_gmt":"2025-12-05T11:20:40","guid":{"rendered":"https:\/\/mybrazil.co.uk\/?post_type=product&#038;p=9742"},"modified":"2025-12-11T13:46:53","modified_gmt":"2025-12-11T13:46:53","slug":"cereja-rouge-oleo-glorioso-para-corpo-e-cabelo-85-ml-nativaspa","status":"publish","type":"product","link":"https:\/\/mybrazil.co.uk\/en\/shop\/cereja-rouge-oleo-glorioso-para-corpo-e-cabelo-85-ml-nativaspa\/","title":{"rendered":"Cereja rouge Oleo Glorioso para corpo e cabelo 85 ML NativaSPA"},"content":{"rendered":"<p>\u00d3leo multifuncional para corpo e cabelo \u2014 Nativa SPA Cereja Rouge 85 ml. Textura leve e de <strong data-start=\"336\" data-end=\"350\">toque seco<\/strong>, ideal para quem busca <strong data-start=\"374\" data-end=\"412\">hidrata\u00e7\u00e3o profunda sem oleosidade<\/strong>. Enriquecido com <strong data-start=\"430\" data-end=\"478\">\u00f3leo 100% puro de quinoa e extrato de cereja<\/strong>, promove <strong data-start=\"488\" data-end=\"536\">pele macia, nutrida e com sensa\u00e7\u00e3o acetinada<\/strong> e <strong data-start=\"539\" data-end=\"577\">cabelos sedosos com brilho intenso<\/strong>. Com a fragr\u00e2ncia exclusiva \u201cSexy Cherry\u201d \u2014 um aroma <strong data-start=\"631\" data-end=\"680\">oriental-frutal ambarado, sensual e duradouro<\/strong> \u2014 transforma o cuidado di\u00e1rio em um ritual de charme e sofistica\u00e7\u00e3o. Perfeito para uso p\u00f3s-banho ou ao longo do dia, no corpo e nas pontas dos cabelos.<\/p>\n<p><strong data-start=\"1431\" data-end=\"1462\">Ingredientes \/ Ingredients:<br \/>\n<\/strong> Undecane; Dicaprylyl Ether; Tridecane; \u00d3leo de girassol; \u00d3leo de <strong data-start=\"1528\" data-end=\"1549\">Persea gratissima<\/strong> (abacate); Perfume (frag\u00e2ncia); Octyldodecanol; \u00d3leo de <strong data-start=\"1606\" data-end=\"1633\">Prunus amygdalus dulcis<\/strong> (am\u00eandoa doce); TBHQ; \u00d3leo de <strong data-start=\"1664\" data-end=\"1683\">Argania spinosa<\/strong> (argan); \u00c9steres et\u00edlicos de \u00f3leo de semente de <strong data-start=\"1732\" data-end=\"1754\">Chenopodium quinoa<\/strong>; Tocoferol; \u00d3leo de <strong data-start=\"1775\" data-end=\"1791\">Glycine soja<\/strong> (soja); Extrato de fruto de <strong data-start=\"1820\" data-end=\"1835\">Morus nigra<\/strong>; Fruto de <strong data-start=\"1846\" data-end=\"1864\">Prunus cerasus<\/strong> (cereja); Fruto de <strong data-start=\"1884\" data-end=\"1900\" data-is-only-node=\"\">Rubus idaeus<\/strong> (framboesa); Phenoxyethanol; Alpha-isomethyl Ionone; Cumarina; Geraniol; Limoneno; Linalol; \u00d3leo de <strong data-start=\"2001\" data-end=\"2022\">Pogostemon cablin<\/strong>; Cetonas de rosa; Benzalde\u00eddo; Beta-cariofileno; Dimetil fen\u00f3etil acetato; Hexametilindanopirano; Tetrametil acetiloctahidronaftaleno; \u00d3leo de casca de <strong data-start=\"2175\" data-end=\"2195\">Citrus aurantium<\/strong>; \u00d3leo de cedro-vermelho; Pineno; \u00d3leo de casca de <strong data-start=\"2246\" data-end=\"2262\">Citrus limon<\/strong> (lim\u00e3o siciliano).<\/p>","protected":false},"excerpt":{"rendered":"<p>\u00d3leo multifuncional para corpo e cabelo \u2014 Nativa SPA Cereja Rouge 85 ml. Textura leve e de toque seco, ideal para quem busca hidrata\u00e7\u00e3o profunda sem oleosidade. Enriquecido com \u00f3leo 100% puro de quinoa e extrato de cereja, promove pele macia, nutrida e com sensa\u00e7\u00e3o acetinada e cabelos sedosos com brilho intenso. Com a fragr\u00e2ncia [&hellip;]<\/p>","protected":false},"featured_media":9743,"comment_status":"open","ping_status":"closed","template":"","meta":{"_acf_changed":false,"_glsr_average":0,"_glsr_ranking":0,"_glsr_reviews":0},"product_brand":[],"product_cat":[40],"product_tag":[],"class_list":{"0":"post-9742","1":"product","2":"type-product","3":"status-publish","4":"has-post-thumbnail","6":"product_cat-beauty","8":"first","9":"instock","10":"taxable","11":"shipping-taxable","12":"purchasable","13":"product-type-simple"},"acf":[],"_links":{"self":[{"href":"https:\/\/mybrazil.co.uk\/en\/wp-json\/wp\/v2\/product\/9742","targetHints":{"allow":["GET"]}}],"collection":[{"href":"https:\/\/mybrazil.co.uk\/en\/wp-json\/wp\/v2\/product"}],"about":[{"href":"https:\/\/mybrazil.co.uk\/en\/wp-json\/wp\/v2\/types\/product"}],"replies":[{"embeddable":true,"href":"https:\/\/mybrazil.co.uk\/en\/wp-json\/wp\/v2\/comments?post=9742"}],"wp:featuredmedia":[{"embeddable":true,"href":"https:\/\/mybrazil.co.uk\/en\/wp-json\/wp\/v2\/media\/9743"}],"wp:attachment":[{"href":"https:\/\/mybrazil.co.uk\/en\/wp-json\/wp\/v2\/media?parent=9742"}],"wp:term":[{"taxonomy":"product_brand","embeddable":true,"href":"https:\/\/mybrazil.co.uk\/en\/wp-json\/wp\/v2\/product_brand?post=9742"},{"taxonomy":"product_cat","embeddable":true,"href":"https:\/\/mybrazil.co.uk\/en\/wp-json\/wp\/v2\/product_cat?post=9742"},{"taxonomy":"product_tag","embeddable":true,"href":"https:\/\/mybrazil.co.uk\/en\/wp-json\/wp\/v2\/product_tag?post=9742"}],"curies":[{"name":"wp","href":"https:\/\/api.w.org\/{rel}","templated":true}]}}