{"id":9702,"date":"2025-12-04T10:33:48","date_gmt":"2025-12-04T10:33:48","guid":{"rendered":"https:\/\/mybrazil.co.uk\/?post_type=product&#038;p=9702"},"modified":"2026-03-19T18:25:24","modified_gmt":"2026-03-19T18:25:24","slug":"pastel-de-nata-vegan-beths-510g-6x85g","status":"publish","type":"product","link":"https:\/\/mybrazil.co.uk\/en\/shop\/pastel-de-nata-vegan-beths-510g-6x85g\/","title":{"rendered":"Pastel de Nata Vegan Beth&#8217;s &#8211; 510g (6x85g)"},"content":{"rendered":"<p>Delicioso Pastel de Nata vers\u00e3o vegana da Beth\u2019s \u2014 embalagem com 510 g (6 unidades de 85 g). Folha folhada crocante e recheio cremoso totalmente vegetal, livre de leite e ovos. Pronto para assar: basta levar ao forno congelado por 10\u201312 minutos. Perfeito para quem busca sabor tradicional com ingredientes plant-based \u2014 ideal para caf\u00e9 da manh\u00e3, lanche, sobremesa ou um caf\u00e9 da tarde.<\/p>\n<p><strong>Ingredientes \/ Ingredients:<\/strong> bebida de soja, creme vegetal de soja, farinha de trigo, margarina vegetal, amido de milho, cenoura, entre outros ingredientes conforme embalagem.<\/p>","protected":false},"excerpt":{"rendered":"<p>Delicioso Pastel de Nata vers\u00e3o vegana da Beth\u2019s \u2014 embalagem com 510 g (6 unidades de 85 g). Folha folhada crocante e recheio cremoso totalmente vegetal, livre de leite e ovos. Pronto para assar: basta levar ao forno congelado por 10\u201312 minutos. Perfeito para quem busca sabor tradicional com ingredientes plant-based \u2014 ideal para caf\u00e9 [&hellip;]<\/p>","protected":false},"featured_media":9703,"comment_status":"open","ping_status":"closed","template":"","meta":{"_acf_changed":false,"_glsr_average":0,"_glsr_ranking":0,"_glsr_reviews":0},"product_brand":[],"product_cat":[80,46],"product_tag":[],"class_list":{"0":"post-9702","1":"product","2":"type-product","3":"status-publish","4":"has-post-thumbnail","6":"product_cat-congelados","7":"product_cat-sweets","9":"first","10":"instock","11":"taxable","12":"shipping-taxable","13":"purchasable","14":"product-type-simple"},"acf":[],"_links":{"self":[{"href":"https:\/\/mybrazil.co.uk\/en\/wp-json\/wp\/v2\/product\/9702","targetHints":{"allow":["GET"]}}],"collection":[{"href":"https:\/\/mybrazil.co.uk\/en\/wp-json\/wp\/v2\/product"}],"about":[{"href":"https:\/\/mybrazil.co.uk\/en\/wp-json\/wp\/v2\/types\/product"}],"replies":[{"embeddable":true,"href":"https:\/\/mybrazil.co.uk\/en\/wp-json\/wp\/v2\/comments?post=9702"}],"wp:featuredmedia":[{"embeddable":true,"href":"https:\/\/mybrazil.co.uk\/en\/wp-json\/wp\/v2\/media\/9703"}],"wp:attachment":[{"href":"https:\/\/mybrazil.co.uk\/en\/wp-json\/wp\/v2\/media?parent=9702"}],"wp:term":[{"taxonomy":"product_brand","embeddable":true,"href":"https:\/\/mybrazil.co.uk\/en\/wp-json\/wp\/v2\/product_brand?post=9702"},{"taxonomy":"product_cat","embeddable":true,"href":"https:\/\/mybrazil.co.uk\/en\/wp-json\/wp\/v2\/product_cat?post=9702"},{"taxonomy":"product_tag","embeddable":true,"href":"https:\/\/mybrazil.co.uk\/en\/wp-json\/wp\/v2\/product_tag?post=9702"}],"curies":[{"name":"wp","href":"https:\/\/api.w.org\/{rel}","templated":true}]}}