{"id":9700,"date":"2025-12-04T10:31:54","date_gmt":"2025-12-04T10:31:54","guid":{"rendered":"https:\/\/mybrazil.co.uk\/?post_type=product&#038;p=9700"},"modified":"2026-04-08T11:24:22","modified_gmt":"2026-04-08T10:24:22","slug":"pastel-de-nata-classico-beths-510g-6x85g","status":"publish","type":"product","link":"https:\/\/mybrazil.co.uk\/en\/shop\/pastel-de-nata-classico-beths-510g-6x85g\/","title":{"rendered":"Pastel de Nata Classico Beth&#8217;s &#8211; 510g (6x85g)"},"content":{"rendered":"<p>Pastel de Nata Cl\u00e1ssico da Beth&#8217;s \u2013 embalagem de 510 g (6 unidades de 85 g) \u2014 a verdadeira tradi\u00e7\u00e3o portuguesa pronta para sua mesa. Cada pastel \u00e9 <strong data-start=\"350\" data-end=\"376\">massa folhada crocante<\/strong> por fora e <strong data-start=\"388\" data-end=\"415\">recheio cremoso de nata<\/strong> por dentro, resultando num contraste delicioso entre textura e sabor. Produto <strong data-start=\"494\" data-end=\"525\">pr\u00e9-assado e ultracongelado<\/strong>: basta levar ao forno por 10\u201312 minutos e voc\u00ea ter\u00e1 past\u00e9is fresquinhos, com o exterior estaladi\u00e7o e o interior macio. Perfeito como <strong data-start=\"659\" data-end=\"714\">caf\u00e9 da manh\u00e3, lanche, sobremesa ou com um bom caf\u00e9<\/strong> \u2014 e ideal para dividir com fam\u00edlia e amigos.<\/p>\n<h2 data-start=\"1293\" data-end=\"1324\">Ingredientes \/ Ingredients<\/h2>\n<p data-start=\"1325\" data-end=\"1502\">Sugar; milk; wheat flour; water; margarine (palm oil, water, rapeseed oil, salt; egg yolk; liquid egg; maize starch; vanilla flavouring).<\/p>","protected":false},"excerpt":{"rendered":"<p>Pastel de Nata Cl\u00e1ssico da Beth&#8217;s \u2013 embalagem de 510 g (6 unidades de 85 g) \u2014 a verdadeira tradi\u00e7\u00e3o portuguesa pronta para sua mesa. Cada pastel \u00e9 massa folhada crocante por fora e recheio cremoso de nata por dentro, resultando num contraste delicioso entre textura e sabor. Produto pr\u00e9-assado e ultracongelado: basta levar ao [&hellip;]<\/p>","protected":false},"featured_media":9701,"comment_status":"open","ping_status":"closed","template":"","meta":{"_acf_changed":false,"_glsr_average":0,"_glsr_ranking":0,"_glsr_reviews":0},"product_brand":[],"product_cat":[80,46],"product_tag":[],"class_list":{"0":"post-9700","1":"product","2":"type-product","3":"status-publish","4":"has-post-thumbnail","6":"product_cat-congelados","7":"product_cat-sweets","9":"first","10":"instock","11":"taxable","12":"shipping-taxable","13":"purchasable","14":"product-type-simple"},"acf":[],"_links":{"self":[{"href":"https:\/\/mybrazil.co.uk\/en\/wp-json\/wp\/v2\/product\/9700","targetHints":{"allow":["GET"]}}],"collection":[{"href":"https:\/\/mybrazil.co.uk\/en\/wp-json\/wp\/v2\/product"}],"about":[{"href":"https:\/\/mybrazil.co.uk\/en\/wp-json\/wp\/v2\/types\/product"}],"replies":[{"embeddable":true,"href":"https:\/\/mybrazil.co.uk\/en\/wp-json\/wp\/v2\/comments?post=9700"}],"wp:featuredmedia":[{"embeddable":true,"href":"https:\/\/mybrazil.co.uk\/en\/wp-json\/wp\/v2\/media\/9701"}],"wp:attachment":[{"href":"https:\/\/mybrazil.co.uk\/en\/wp-json\/wp\/v2\/media?parent=9700"}],"wp:term":[{"taxonomy":"product_brand","embeddable":true,"href":"https:\/\/mybrazil.co.uk\/en\/wp-json\/wp\/v2\/product_brand?post=9700"},{"taxonomy":"product_cat","embeddable":true,"href":"https:\/\/mybrazil.co.uk\/en\/wp-json\/wp\/v2\/product_cat?post=9700"},{"taxonomy":"product_tag","embeddable":true,"href":"https:\/\/mybrazil.co.uk\/en\/wp-json\/wp\/v2\/product_tag?post=9700"}],"curies":[{"name":"wp","href":"https:\/\/api.w.org\/{rel}","templated":true}]}}