{"id":9612,"date":"2025-11-20T14:37:19","date_gmt":"2025-11-20T14:37:19","guid":{"rendered":"https:\/\/mybrazil.co.uk\/?post_type=product&#038;p=9612"},"modified":"2026-04-04T11:38:06","modified_gmt":"2026-04-04T10:38:06","slug":"pacoca-288g-santa-helena","status":"publish","type":"product","link":"https:\/\/mybrazil.co.uk\/en\/shop\/pacoca-288g-santa-helena\/","title":{"rendered":"Pacoca 288g Santa Helena"},"content":{"rendered":"<p>A <strong data-start=\"152\" data-end=\"187\">Pa\u00e7oquita 288 g da Santa Helena<\/strong> \u00e9 a tradicional pa\u00e7oca brasileira em formato retangular, feita \u00e0 base de amendoim torrado e mo\u00eddo, a\u00e7\u00facar e uma pitada de sal. Ela tem textura firme e sabor intenso de amendoim, ideal para matar a vontade de doce, compartilhar em festas, ou comer aos poucos no dia a dia. Por sua composi\u00e7\u00e3o simples e carinho nost\u00e1lgico, \u00e9 uma escolha cl\u00e1ssica para quem ama sabores genu\u00ednos e saud\u00e1veis de lembran\u00e7a de inf\u00e2ncia.<\/p>","protected":false},"excerpt":{"rendered":"<p>A Pa\u00e7oquita 288 g da Santa Helena \u00e9 a tradicional pa\u00e7oca brasileira em formato retangular, feita \u00e0 base de amendoim torrado e mo\u00eddo, a\u00e7\u00facar e uma pitada de sal. Ela tem textura firme e sabor intenso de amendoim, ideal para matar a vontade de doce, compartilhar em festas, ou comer aos poucos no dia a [&hellip;]<\/p>","protected":false},"featured_media":9613,"comment_status":"open","ping_status":"closed","template":"","meta":{"_acf_changed":false,"_glsr_average":0,"_glsr_ranking":0,"_glsr_reviews":0},"product_brand":[],"product_cat":[46,79],"product_tag":[],"class_list":{"0":"post-9612","1":"product","2":"type-product","3":"status-publish","4":"has-post-thumbnail","6":"product_cat-sweets","7":"product_cat-mais_vendido_slide_dois","9":"first","10":"instock","11":"taxable","12":"shipping-taxable","13":"purchasable","14":"product-type-simple"},"acf":[],"_links":{"self":[{"href":"https:\/\/mybrazil.co.uk\/en\/wp-json\/wp\/v2\/product\/9612","targetHints":{"allow":["GET"]}}],"collection":[{"href":"https:\/\/mybrazil.co.uk\/en\/wp-json\/wp\/v2\/product"}],"about":[{"href":"https:\/\/mybrazil.co.uk\/en\/wp-json\/wp\/v2\/types\/product"}],"replies":[{"embeddable":true,"href":"https:\/\/mybrazil.co.uk\/en\/wp-json\/wp\/v2\/comments?post=9612"}],"wp:featuredmedia":[{"embeddable":true,"href":"https:\/\/mybrazil.co.uk\/en\/wp-json\/wp\/v2\/media\/9613"}],"wp:attachment":[{"href":"https:\/\/mybrazil.co.uk\/en\/wp-json\/wp\/v2\/media?parent=9612"}],"wp:term":[{"taxonomy":"product_brand","embeddable":true,"href":"https:\/\/mybrazil.co.uk\/en\/wp-json\/wp\/v2\/product_brand?post=9612"},{"taxonomy":"product_cat","embeddable":true,"href":"https:\/\/mybrazil.co.uk\/en\/wp-json\/wp\/v2\/product_cat?post=9612"},{"taxonomy":"product_tag","embeddable":true,"href":"https:\/\/mybrazil.co.uk\/en\/wp-json\/wp\/v2\/product_tag?post=9612"}],"curies":[{"name":"wp","href":"https:\/\/api.w.org\/{rel}","templated":true}]}}