{"id":9588,"date":"2025-11-17T23:34:59","date_gmt":"2025-11-17T23:34:59","guid":{"rendered":"https:\/\/mybrazil.co.uk\/?post_type=product&#038;p=9588"},"modified":"2026-04-16T18:50:05","modified_gmt":"2026-04-16T17:50:05","slug":"sal-grosso-parrilla-tradicional-500g-essenciati","status":"publish","type":"product","link":"https:\/\/mybrazil.co.uk\/en\/shop\/sal-grosso-parrilla-tradicional-500g-essenciati\/","title":{"rendered":"Sal Grosso Parrilla Tradicional 500g Essenciati"},"content":{"rendered":"<p><strong data-start=\"223\" data-end=\"271\">Sal de Parrilla Tradicional Essenciati 500 g<\/strong> \u2014 sal marinho entrefino, com cristais mais finos que o sal grosso tradicional, ideal para churrascos, grelhados, forno ou finaliza\u00e7\u00e3o de carnes. Sua granulometria permite uma aplica\u00e7\u00e3o mais uniforme, evitando que a carne perca l\u00edquidos e garantindo um tempero eficiente. Usado antes, durante ou depois do preparo da carne, este sal render\u00e1 at\u00e9 <strong data-start=\"616\" data-end=\"633\">10 vezes mais<\/strong> que o sal grosso comum.<\/p>","protected":false},"excerpt":{"rendered":"<p>Sal de Parrilla Tradicional Essenciati 500 g \u2014 sal marinho entrefino, com cristais mais finos que o sal grosso tradicional, ideal para churrascos, grelhados, forno ou finaliza\u00e7\u00e3o de carnes. Sua granulometria permite uma aplica\u00e7\u00e3o mais uniforme, evitando que a carne perca l\u00edquidos e garantindo um tempero eficiente. Usado antes, durante ou depois do preparo da [&hellip;]<\/p>","protected":false},"featured_media":9589,"comment_status":"open","ping_status":"closed","template":"","meta":{"_acf_changed":false,"_glsr_average":0,"_glsr_ranking":0,"_glsr_reviews":0},"product_brand":[],"product_cat":[103,41],"product_tag":[],"class_list":{"0":"post-9588","1":"product","2":"type-product","3":"status-publish","4":"has-post-thumbnail","6":"product_cat-churrasco","7":"product_cat-condiments-and-sauce","9":"first","10":"instock","11":"taxable","12":"shipping-taxable","13":"purchasable","14":"product-type-simple"},"acf":[],"_links":{"self":[{"href":"https:\/\/mybrazil.co.uk\/en\/wp-json\/wp\/v2\/product\/9588","targetHints":{"allow":["GET"]}}],"collection":[{"href":"https:\/\/mybrazil.co.uk\/en\/wp-json\/wp\/v2\/product"}],"about":[{"href":"https:\/\/mybrazil.co.uk\/en\/wp-json\/wp\/v2\/types\/product"}],"replies":[{"embeddable":true,"href":"https:\/\/mybrazil.co.uk\/en\/wp-json\/wp\/v2\/comments?post=9588"}],"wp:featuredmedia":[{"embeddable":true,"href":"https:\/\/mybrazil.co.uk\/en\/wp-json\/wp\/v2\/media\/9589"}],"wp:attachment":[{"href":"https:\/\/mybrazil.co.uk\/en\/wp-json\/wp\/v2\/media?parent=9588"}],"wp:term":[{"taxonomy":"product_brand","embeddable":true,"href":"https:\/\/mybrazil.co.uk\/en\/wp-json\/wp\/v2\/product_brand?post=9588"},{"taxonomy":"product_cat","embeddable":true,"href":"https:\/\/mybrazil.co.uk\/en\/wp-json\/wp\/v2\/product_cat?post=9588"},{"taxonomy":"product_tag","embeddable":true,"href":"https:\/\/mybrazil.co.uk\/en\/wp-json\/wp\/v2\/product_tag?post=9588"}],"curies":[{"name":"wp","href":"https:\/\/api.w.org\/{rel}","templated":true}]}}