{"id":9581,"date":"2025-11-17T13:45:02","date_gmt":"2025-11-17T13:45:02","guid":{"rendered":"https:\/\/mybrazil.co.uk\/?post_type=product&#038;p=9581"},"modified":"2026-04-21T18:51:05","modified_gmt":"2026-04-21T17:51:05","slug":"cerveja-super-bock-stout-330ml-5-0","status":"publish","type":"product","link":"https:\/\/mybrazil.co.uk\/en\/shop\/cerveja-super-bock-stout-330ml-5-0\/","title":{"rendered":"Cerveja Super Bock  Stout 330ml 5.0%"},"content":{"rendered":"<p data-start=\"403\" data-end=\"944\">A <strong data-start=\"405\" data-end=\"439\">Super Bock Stout 330 ml (5,0%)<\/strong> \u00e9 uma cerveja preta distinta, de corpo m\u00e9dio e espuma cremosa e persistente. Produzida com uma combina\u00e7\u00e3o de maltes especiais (malte pilsner, malte de caramelo e malte de chocolate), oferece um aroma complexo de malte torrado, chocolate, caf\u00e9 e frutas escuras. No sabor, equilibra do\u00e7ura e amargor, com notas de caramelo e caf\u00e9 que se prolongam no final. Ideal para acompanhar sobremesas, chocolates ou carnes grelhadas. Deve ser servida fresca, entre 5 \u00b0C e 10 \u00b0C, para melhor express\u00e3o dos seus aromas.<\/p>","protected":false},"excerpt":{"rendered":"<p>A Super Bock Stout 330 ml (5,0%) \u00e9 uma cerveja preta distinta, de corpo m\u00e9dio e espuma cremosa e persistente. Produzida com uma combina\u00e7\u00e3o de maltes especiais (malte pilsner, malte de caramelo e malte de chocolate), oferece um aroma complexo de malte torrado, chocolate, caf\u00e9 e frutas escuras. No sabor, equilibra do\u00e7ura e amargor, com [&hellip;]<\/p>","protected":false},"featured_media":9582,"comment_status":"open","ping_status":"closed","template":"","meta":{"_acf_changed":false,"_glsr_average":0,"_glsr_ranking":0,"_glsr_reviews":0},"product_brand":[],"product_cat":[89],"product_tag":[],"class_list":{"0":"post-9581","1":"product","2":"type-product","3":"status-publish","4":"has-post-thumbnail","6":"product_cat-beer-wine-alcoholic-spirits","8":"first","9":"instock","10":"taxable","11":"shipping-taxable","12":"purchasable","13":"product-type-simple"},"acf":[],"_links":{"self":[{"href":"https:\/\/mybrazil.co.uk\/en\/wp-json\/wp\/v2\/product\/9581","targetHints":{"allow":["GET"]}}],"collection":[{"href":"https:\/\/mybrazil.co.uk\/en\/wp-json\/wp\/v2\/product"}],"about":[{"href":"https:\/\/mybrazil.co.uk\/en\/wp-json\/wp\/v2\/types\/product"}],"replies":[{"embeddable":true,"href":"https:\/\/mybrazil.co.uk\/en\/wp-json\/wp\/v2\/comments?post=9581"}],"wp:featuredmedia":[{"embeddable":true,"href":"https:\/\/mybrazil.co.uk\/en\/wp-json\/wp\/v2\/media\/9582"}],"wp:attachment":[{"href":"https:\/\/mybrazil.co.uk\/en\/wp-json\/wp\/v2\/media?parent=9581"}],"wp:term":[{"taxonomy":"product_brand","embeddable":true,"href":"https:\/\/mybrazil.co.uk\/en\/wp-json\/wp\/v2\/product_brand?post=9581"},{"taxonomy":"product_cat","embeddable":true,"href":"https:\/\/mybrazil.co.uk\/en\/wp-json\/wp\/v2\/product_cat?post=9581"},{"taxonomy":"product_tag","embeddable":true,"href":"https:\/\/mybrazil.co.uk\/en\/wp-json\/wp\/v2\/product_tag?post=9581"}],"curies":[{"name":"wp","href":"https:\/\/api.w.org\/{rel}","templated":true}]}}