{"id":9579,"date":"2025-11-17T13:28:53","date_gmt":"2025-11-17T13:28:53","guid":{"rendered":"https:\/\/mybrazil.co.uk\/?post_type=product&#038;p=9579"},"modified":"2026-04-16T11:23:06","modified_gmt":"2026-04-16T10:23:06","slug":"sal-grosso-parrilla-lemon-pepper-500g-essenciati","status":"publish","type":"product","link":"https:\/\/mybrazil.co.uk\/en\/shop\/sal-grosso-parrilla-lemon-pepper-500g-essenciati\/","title":{"rendered":"Sal Grosso Parrilla Lemon Pepper 500g Essenciati"},"content":{"rendered":"<p>O <strong data-start=\"74\" data-end=\"123\">Sal de Parrilla Essenciati Lemon Pepper 500 g<\/strong> \u00e9 um tempero entrefino especialmente desenvolvido para real\u00e7ar grelhados com um toque c\u00edtrico sofisticado. Ideal para carnes, aves, peixes e at\u00e9 vegetais, esse sal combina a textura granulada da parrilla com raspas de lim\u00e3o, pimenta-do-reino, c\u00farcuma, alho e cebola desidratados, criando um sabor marcante e equilibrado. Seu sabor vibrante desperta o paladar e ele pode ser usado tanto antes quanto depois do preparo, garantindo acabamento suculento e perfumado.<\/p>","protected":false},"excerpt":{"rendered":"<p>O Sal de Parrilla Essenciati Lemon Pepper 500 g \u00e9 um tempero entrefino especialmente desenvolvido para real\u00e7ar grelhados com um toque c\u00edtrico sofisticado. Ideal para carnes, aves, peixes e at\u00e9 vegetais, esse sal combina a textura granulada da parrilla com raspas de lim\u00e3o, pimenta-do-reino, c\u00farcuma, alho e cebola desidratados, criando um sabor marcante e equilibrado. [&hellip;]<\/p>","protected":false},"featured_media":9580,"comment_status":"open","ping_status":"closed","template":"","meta":{"_acf_changed":false,"_glsr_average":0,"_glsr_ranking":0,"_glsr_reviews":0},"product_brand":[],"product_cat":[103,41],"product_tag":[],"class_list":{"0":"post-9579","1":"product","2":"type-product","3":"status-publish","4":"has-post-thumbnail","6":"product_cat-churrasco","7":"product_cat-condiments-and-sauce","9":"first","10":"instock","11":"taxable","12":"shipping-taxable","13":"purchasable","14":"product-type-simple"},"acf":[],"_links":{"self":[{"href":"https:\/\/mybrazil.co.uk\/en\/wp-json\/wp\/v2\/product\/9579","targetHints":{"allow":["GET"]}}],"collection":[{"href":"https:\/\/mybrazil.co.uk\/en\/wp-json\/wp\/v2\/product"}],"about":[{"href":"https:\/\/mybrazil.co.uk\/en\/wp-json\/wp\/v2\/types\/product"}],"replies":[{"embeddable":true,"href":"https:\/\/mybrazil.co.uk\/en\/wp-json\/wp\/v2\/comments?post=9579"}],"wp:featuredmedia":[{"embeddable":true,"href":"https:\/\/mybrazil.co.uk\/en\/wp-json\/wp\/v2\/media\/9580"}],"wp:attachment":[{"href":"https:\/\/mybrazil.co.uk\/en\/wp-json\/wp\/v2\/media?parent=9579"}],"wp:term":[{"taxonomy":"product_brand","embeddable":true,"href":"https:\/\/mybrazil.co.uk\/en\/wp-json\/wp\/v2\/product_brand?post=9579"},{"taxonomy":"product_cat","embeddable":true,"href":"https:\/\/mybrazil.co.uk\/en\/wp-json\/wp\/v2\/product_cat?post=9579"},{"taxonomy":"product_tag","embeddable":true,"href":"https:\/\/mybrazil.co.uk\/en\/wp-json\/wp\/v2\/product_tag?post=9579"}],"curies":[{"name":"wp","href":"https:\/\/api.w.org\/{rel}","templated":true}]}}