{"id":9566,"date":"2025-11-14T17:50:35","date_gmt":"2025-11-14T17:50:35","guid":{"rendered":"https:\/\/mybrazil.co.uk\/?post_type=product&#038;p=9566"},"modified":"2026-04-13T12:26:45","modified_gmt":"2026-04-13T11:26:45","slug":"esmalte-malbec-10ml-anita","status":"publish","type":"product","link":"https:\/\/mybrazil.co.uk\/en\/shop\/esmalte-malbec-10ml-anita\/","title":{"rendered":"Esmalte Malbec 10ml Anita"},"content":{"rendered":"<p>Tom vinho profundo, intenso e sofisticado, inspirado na uva Malbec. Faz parte da linha cremoso da cole\u00e7\u00e3o Uvas, com boa cobertura, secagem r\u00e1pida e f\u00f3rmula com <strong data-start=\"264\" data-end=\"276\">Vit\u2011Nail<\/strong>, que ajuda a fortalecer as unhas. Ideal para quem quer uma cor marcante e elegante para ocasi\u00f5es especiais ou para o uso cotidiano.<\/p>","protected":false},"excerpt":{"rendered":"<p>Tom vinho profundo, intenso e sofisticado, inspirado na uva Malbec. Faz parte da linha cremoso da cole\u00e7\u00e3o Uvas, com boa cobertura, secagem r\u00e1pida e f\u00f3rmula com Vit\u2011Nail, que ajuda a fortalecer as unhas. Ideal para quem quer uma cor marcante e elegante para ocasi\u00f5es especiais ou para o uso cotidiano.<\/p>","protected":false},"featured_media":9567,"comment_status":"open","ping_status":"closed","template":"","meta":{"_acf_changed":false,"_glsr_average":0,"_glsr_ranking":0,"_glsr_reviews":0},"product_brand":[],"product_cat":[40],"product_tag":[],"class_list":{"0":"post-9566","1":"product","2":"type-product","3":"status-publish","4":"has-post-thumbnail","6":"product_cat-beauty","8":"first","9":"instock","10":"taxable","11":"shipping-taxable","12":"purchasable","13":"product-type-simple"},"acf":[],"_links":{"self":[{"href":"https:\/\/mybrazil.co.uk\/en\/wp-json\/wp\/v2\/product\/9566","targetHints":{"allow":["GET"]}}],"collection":[{"href":"https:\/\/mybrazil.co.uk\/en\/wp-json\/wp\/v2\/product"}],"about":[{"href":"https:\/\/mybrazil.co.uk\/en\/wp-json\/wp\/v2\/types\/product"}],"replies":[{"embeddable":true,"href":"https:\/\/mybrazil.co.uk\/en\/wp-json\/wp\/v2\/comments?post=9566"}],"wp:featuredmedia":[{"embeddable":true,"href":"https:\/\/mybrazil.co.uk\/en\/wp-json\/wp\/v2\/media\/9567"}],"wp:attachment":[{"href":"https:\/\/mybrazil.co.uk\/en\/wp-json\/wp\/v2\/media?parent=9566"}],"wp:term":[{"taxonomy":"product_brand","embeddable":true,"href":"https:\/\/mybrazil.co.uk\/en\/wp-json\/wp\/v2\/product_brand?post=9566"},{"taxonomy":"product_cat","embeddable":true,"href":"https:\/\/mybrazil.co.uk\/en\/wp-json\/wp\/v2\/product_cat?post=9566"},{"taxonomy":"product_tag","embeddable":true,"href":"https:\/\/mybrazil.co.uk\/en\/wp-json\/wp\/v2\/product_tag?post=9566"}],"curies":[{"name":"wp","href":"https:\/\/api.w.org\/{rel}","templated":true}]}}