{"id":9558,"date":"2025-11-14T17:26:25","date_gmt":"2025-11-14T17:26:25","guid":{"rendered":"https:\/\/mybrazil.co.uk\/?post_type=product&#038;p=9558"},"modified":"2026-04-18T10:21:55","modified_gmt":"2026-04-18T09:21:55","slug":"rapadura-com-melado-220g-dacolonia","status":"publish","type":"product","link":"https:\/\/mybrazil.co.uk\/en\/shop\/rapadura-com-melado-220g-dacolonia\/","title":{"rendered":"Rapadura com Melado 220g DaColonia"},"content":{"rendered":"<p>DaCol\u00f4nia Rapadura com Melado 220 g \u2014 doce tradicional brasileiro, produzido com melado de cana-de-a\u00e7\u00facar e a\u00e7\u00facar, de textura firme e sabor intenso que preserva o aroma caracter\u00edstico da cana. Ideal para ser consumido puro como lanche ou sobremesa, ou incorporado em receitas t\u00edpicas juninas ou de caf\u00e9 da tarde. Produto sem gl\u00faten.<\/p>","protected":false},"excerpt":{"rendered":"<p>DaCol\u00f4nia Rapadura com Melado 220 g \u2014 doce tradicional brasileiro, produzido com melado de cana-de-a\u00e7\u00facar e a\u00e7\u00facar, de textura firme e sabor intenso que preserva o aroma caracter\u00edstico da cana. Ideal para ser consumido puro como lanche ou sobremesa, ou incorporado em receitas t\u00edpicas juninas ou de caf\u00e9 da tarde. Produto sem gl\u00faten.<\/p>","protected":false},"featured_media":9559,"comment_status":"open","ping_status":"closed","template":"","meta":{"_acf_changed":false,"_glsr_average":0,"_glsr_ranking":0,"_glsr_reviews":0},"product_brand":[],"product_cat":[46],"product_tag":[],"class_list":{"0":"post-9558","1":"product","2":"type-product","3":"status-publish","4":"has-post-thumbnail","6":"product_cat-sweets","8":"first","9":"instock","10":"taxable","11":"shipping-taxable","12":"purchasable","13":"product-type-simple"},"acf":[],"_links":{"self":[{"href":"https:\/\/mybrazil.co.uk\/en\/wp-json\/wp\/v2\/product\/9558","targetHints":{"allow":["GET"]}}],"collection":[{"href":"https:\/\/mybrazil.co.uk\/en\/wp-json\/wp\/v2\/product"}],"about":[{"href":"https:\/\/mybrazil.co.uk\/en\/wp-json\/wp\/v2\/types\/product"}],"replies":[{"embeddable":true,"href":"https:\/\/mybrazil.co.uk\/en\/wp-json\/wp\/v2\/comments?post=9558"}],"wp:featuredmedia":[{"embeddable":true,"href":"https:\/\/mybrazil.co.uk\/en\/wp-json\/wp\/v2\/media\/9559"}],"wp:attachment":[{"href":"https:\/\/mybrazil.co.uk\/en\/wp-json\/wp\/v2\/media?parent=9558"}],"wp:term":[{"taxonomy":"product_brand","embeddable":true,"href":"https:\/\/mybrazil.co.uk\/en\/wp-json\/wp\/v2\/product_brand?post=9558"},{"taxonomy":"product_cat","embeddable":true,"href":"https:\/\/mybrazil.co.uk\/en\/wp-json\/wp\/v2\/product_cat?post=9558"},{"taxonomy":"product_tag","embeddable":true,"href":"https:\/\/mybrazil.co.uk\/en\/wp-json\/wp\/v2\/product_tag?post=9558"}],"curies":[{"name":"wp","href":"https:\/\/api.w.org\/{rel}","templated":true}]}}