{"id":9554,"date":"2025-11-14T16:57:43","date_gmt":"2025-11-14T16:57:43","guid":{"rendered":"https:\/\/mybrazil.co.uk\/?post_type=product&#038;p=9554"},"modified":"2026-04-16T15:46:03","modified_gmt":"2026-04-16T14:46:03","slug":"cream-cracker-170g-renata","status":"publish","type":"product","link":"https:\/\/mybrazil.co.uk\/en\/shop\/cream-cracker-170g-renata\/","title":{"rendered":"Cream Cracker 170g Renata"},"content":{"rendered":"<p>O Biscoito Renata Cream Cracker 170 g \u00e9 um biscoito laminado, crocante e leve, ideal para lanches r\u00e1pidos, caf\u00e9s da manh\u00e3 ou para servir com pat\u00eas, queijos e manteiga. Produzido com uma farofa especial que mant\u00e9m o biscoito fresquinho e saboroso por mais tempo, traz o equil\u00edbrio perfeito entre textura e sabor tradicional.<\/p>","protected":false},"excerpt":{"rendered":"<p>O Biscoito Renata Cream Cracker 170 g \u00e9 um biscoito laminado, crocante e leve, ideal para lanches r\u00e1pidos, caf\u00e9s da manh\u00e3 ou para servir com pat\u00eas, queijos e manteiga. Produzido com uma farofa especial que mant\u00e9m o biscoito fresquinho e saboroso por mais tempo, traz o equil\u00edbrio perfeito entre textura e sabor tradicional.<\/p>","protected":false},"featured_media":9555,"comment_status":"open","ping_status":"closed","template":"","meta":{"_acf_changed":false,"_glsr_average":0,"_glsr_ranking":0,"_glsr_reviews":0},"product_brand":[],"product_cat":[92],"product_tag":[],"class_list":{"0":"post-9554","1":"product","2":"type-product","3":"status-publish","4":"has-post-thumbnail","6":"product_cat-bolachas-biscoitos-salgadinhos","8":"first","9":"instock","10":"taxable","11":"shipping-taxable","12":"purchasable","13":"product-type-simple"},"acf":[],"_links":{"self":[{"href":"https:\/\/mybrazil.co.uk\/en\/wp-json\/wp\/v2\/product\/9554","targetHints":{"allow":["GET"]}}],"collection":[{"href":"https:\/\/mybrazil.co.uk\/en\/wp-json\/wp\/v2\/product"}],"about":[{"href":"https:\/\/mybrazil.co.uk\/en\/wp-json\/wp\/v2\/types\/product"}],"replies":[{"embeddable":true,"href":"https:\/\/mybrazil.co.uk\/en\/wp-json\/wp\/v2\/comments?post=9554"}],"wp:featuredmedia":[{"embeddable":true,"href":"https:\/\/mybrazil.co.uk\/en\/wp-json\/wp\/v2\/media\/9555"}],"wp:attachment":[{"href":"https:\/\/mybrazil.co.uk\/en\/wp-json\/wp\/v2\/media?parent=9554"}],"wp:term":[{"taxonomy":"product_brand","embeddable":true,"href":"https:\/\/mybrazil.co.uk\/en\/wp-json\/wp\/v2\/product_brand?post=9554"},{"taxonomy":"product_cat","embeddable":true,"href":"https:\/\/mybrazil.co.uk\/en\/wp-json\/wp\/v2\/product_cat?post=9554"},{"taxonomy":"product_tag","embeddable":true,"href":"https:\/\/mybrazil.co.uk\/en\/wp-json\/wp\/v2\/product_tag?post=9554"}],"curies":[{"name":"wp","href":"https:\/\/api.w.org\/{rel}","templated":true}]}}