{"id":9552,"date":"2025-11-14T16:44:51","date_gmt":"2025-11-14T16:44:51","guid":{"rendered":"https:\/\/mybrazil.co.uk\/?post_type=product&#038;p=9552"},"modified":"2026-04-24T12:56:53","modified_gmt":"2026-04-24T11:56:53","slug":"soda-limonada-350ml-antarctica","status":"publish","type":"product","link":"https:\/\/mybrazil.co.uk\/en\/shop\/soda-limonada-350ml-antarctica\/","title":{"rendered":"Soda Limonada 350ml Antarctica"},"content":{"rendered":"<p>Soda Limonada Antarctica 350 ml \u2014 refrigerante gaseificado com sabor leve e refrescante de lim\u00e3o siciliano. Produzido com \u00e1gua com g\u00e1s e suco de lim\u00e3o concentrado, tem uma f\u00f3rmula equilibrada, ideal para momentos de descontra\u00e7\u00e3o, churrascos ou acompanhando refei\u00e7\u00f5es. N\u00e3o cont\u00e9m gl\u00faten.<\/p>","protected":false},"excerpt":{"rendered":"<p>Soda Limonada Antarctica 350 ml \u2014 refrigerante gaseificado com sabor leve e refrescante de lim\u00e3o siciliano. Produzido com \u00e1gua com g\u00e1s e suco de lim\u00e3o concentrado, tem uma f\u00f3rmula equilibrada, ideal para momentos de descontra\u00e7\u00e3o, churrascos ou acompanhando refei\u00e7\u00f5es. N\u00e3o cont\u00e9m gl\u00faten.<\/p>","protected":false},"featured_media":9553,"comment_status":"open","ping_status":"closed","template":"","meta":{"_acf_changed":false,"_glsr_average":0,"_glsr_ranking":0,"_glsr_reviews":0},"product_brand":[],"product_cat":[90],"product_tag":[],"class_list":{"0":"post-9552","1":"product","2":"type-product","3":"status-publish","4":"has-post-thumbnail","6":"product_cat-refrigerantes","8":"first","9":"instock","10":"taxable","11":"shipping-taxable","12":"purchasable","13":"product-type-simple"},"acf":[],"_links":{"self":[{"href":"https:\/\/mybrazil.co.uk\/en\/wp-json\/wp\/v2\/product\/9552","targetHints":{"allow":["GET"]}}],"collection":[{"href":"https:\/\/mybrazil.co.uk\/en\/wp-json\/wp\/v2\/product"}],"about":[{"href":"https:\/\/mybrazil.co.uk\/en\/wp-json\/wp\/v2\/types\/product"}],"replies":[{"embeddable":true,"href":"https:\/\/mybrazil.co.uk\/en\/wp-json\/wp\/v2\/comments?post=9552"}],"wp:featuredmedia":[{"embeddable":true,"href":"https:\/\/mybrazil.co.uk\/en\/wp-json\/wp\/v2\/media\/9553"}],"wp:attachment":[{"href":"https:\/\/mybrazil.co.uk\/en\/wp-json\/wp\/v2\/media?parent=9552"}],"wp:term":[{"taxonomy":"product_brand","embeddable":true,"href":"https:\/\/mybrazil.co.uk\/en\/wp-json\/wp\/v2\/product_brand?post=9552"},{"taxonomy":"product_cat","embeddable":true,"href":"https:\/\/mybrazil.co.uk\/en\/wp-json\/wp\/v2\/product_cat?post=9552"},{"taxonomy":"product_tag","embeddable":true,"href":"https:\/\/mybrazil.co.uk\/en\/wp-json\/wp\/v2\/product_tag?post=9552"}],"curies":[{"name":"wp","href":"https:\/\/api.w.org\/{rel}","templated":true}]}}