{"id":9470,"date":"2025-10-28T15:31:34","date_gmt":"2025-10-28T15:31:34","guid":{"rendered":"https:\/\/mybrazil.co.uk\/?post_type=product&#038;p=9470"},"modified":"2026-04-09T13:43:49","modified_gmt":"2026-04-09T12:43:49","slug":"alcatra-black-angus-950g-1050g","status":"publish","type":"product","link":"https:\/\/mybrazil.co.uk\/en\/shop\/alcatra-black-angus-950g-1050g\/","title":{"rendered":"Alcatra com Picanha Angus"},"content":{"rendered":"<p>Alcatra \/ Picanha Angus \u2014 cortes premium de bovinos 100 %\u00a0 Angus, alimentados a gr\u00e3os por cerca de 150-180 dias, provenientes da Austr\u00e1lia. A capa de gordura caracter\u00edstica protege e real\u00e7a o sabor, resultando numa carne macia, suculenta e rica em sabor. Ideal para grelhar, assar ou preparar estilo brasileiro\/argentino. Um produto de alto padr\u00e3o para quem valoriza qualidade e sabor de excel\u00eancia.<\/p>","protected":false},"excerpt":{"rendered":"<p>Alcatra \/ Picanha Angus \u2014 cortes premium de bovinos 100 %\u00a0 Angus, alimentados a gr\u00e3os por cerca de 150-180 dias, provenientes da Austr\u00e1lia. A capa de gordura caracter\u00edstica protege e real\u00e7a o sabor, resultando numa carne macia, suculenta e rica em sabor. Ideal para grelhar, assar ou preparar estilo brasileiro\/argentino. Um produto de alto padr\u00e3o [&hellip;]<\/p>","protected":false},"featured_media":10586,"comment_status":"open","ping_status":"closed","template":"","meta":{"_acf_changed":false,"_glsr_average":0,"_glsr_ranking":0,"_glsr_reviews":0},"product_brand":[],"product_cat":[96,44],"product_tag":[],"class_list":{"0":"post-9470","1":"product","2":"type-product","3":"status-publish","4":"has-post-thumbnail","6":"product_cat-bovinos","7":"product_cat-meat","9":"first","10":"instock","11":"taxable","12":"shipping-taxable","13":"purchasable","14":"product-type-simple"},"acf":[],"_links":{"self":[{"href":"https:\/\/mybrazil.co.uk\/en\/wp-json\/wp\/v2\/product\/9470","targetHints":{"allow":["GET"]}}],"collection":[{"href":"https:\/\/mybrazil.co.uk\/en\/wp-json\/wp\/v2\/product"}],"about":[{"href":"https:\/\/mybrazil.co.uk\/en\/wp-json\/wp\/v2\/types\/product"}],"replies":[{"embeddable":true,"href":"https:\/\/mybrazil.co.uk\/en\/wp-json\/wp\/v2\/comments?post=9470"}],"wp:featuredmedia":[{"embeddable":true,"href":"https:\/\/mybrazil.co.uk\/en\/wp-json\/wp\/v2\/media\/10586"}],"wp:attachment":[{"href":"https:\/\/mybrazil.co.uk\/en\/wp-json\/wp\/v2\/media?parent=9470"}],"wp:term":[{"taxonomy":"product_brand","embeddable":true,"href":"https:\/\/mybrazil.co.uk\/en\/wp-json\/wp\/v2\/product_brand?post=9470"},{"taxonomy":"product_cat","embeddable":true,"href":"https:\/\/mybrazil.co.uk\/en\/wp-json\/wp\/v2\/product_cat?post=9470"},{"taxonomy":"product_tag","embeddable":true,"href":"https:\/\/mybrazil.co.uk\/en\/wp-json\/wp\/v2\/product_tag?post=9470"}],"curies":[{"name":"wp","href":"https:\/\/api.w.org\/{rel}","templated":true}]}}