{"id":9452,"date":"2025-10-24T18:50:01","date_gmt":"2025-10-24T17:50:01","guid":{"rendered":"https:\/\/mybrazil.co.uk\/?post_type=product&#038;p=9452"},"modified":"2026-01-20T12:07:16","modified_gmt":"2026-01-20T12:07:16","slug":"creme-2-em-1-mais-lisos-1000g-skala-expert","status":"publish","type":"product","link":"https:\/\/mybrazil.co.uk\/en\/shop\/creme-2-em-1-mais-lisos-1000g-skala-expert\/","title":{"rendered":"Creme 2 em 1 Mais Lisos 1000g Skala Expert"},"content":{"rendered":"<p>F\u00f3rmula especializada para fios retos, lisos ou alisados, que desejam controle de volume e frizz. Enriquecido com <strong data-start=\"438\" data-end=\"460\">prote\u00ednas de arroz<\/strong>, <strong data-start=\"462\" data-end=\"494\">amido de milho (corn starch)<\/strong> e <strong data-start=\"497\" data-end=\"512\">amino\u00e1cidos<\/strong>, este tratamento forma um filme protetor ao redor dos fios, promovendo alinhamento e maciez. Com <strong data-start=\"610\" data-end=\"624\">vitamina E<\/strong> e <strong data-start=\"627\" data-end=\"642\">D-panthenol<\/strong>, fortalece e repara a fibra capilar enquanto reduz o frizz e reduz o volume. Livre de sulfatos, parabeno, petrolato, silicones e \u00f3leo mineral.<br data-start=\"823\" data-end=\"826\" \/>Pode ser usado como tratamento intensivo, condicionador de rotina ou leave-in. Indicado para cabelo liso de origem ou alisado, com frizz, volumoso ou dif\u00edcil de controlar.<\/p>","protected":false},"excerpt":{"rendered":"<p>F\u00f3rmula especializada para fios retos, lisos ou alisados, que desejam controle de volume e frizz. Enriquecido com prote\u00ednas de arroz, amido de milho (corn starch) e amino\u00e1cidos, este tratamento forma um filme protetor ao redor dos fios, promovendo alinhamento e maciez. Com vitamina E e D-panthenol, fortalece e repara a fibra capilar enquanto reduz o [&hellip;]<\/p>","protected":false},"featured_media":9453,"comment_status":"open","ping_status":"closed","template":"","meta":{"_acf_changed":false,"_glsr_average":0,"_glsr_ranking":0,"_glsr_reviews":0},"product_brand":[],"product_cat":[40],"product_tag":[],"class_list":{"0":"post-9452","1":"product","2":"type-product","3":"status-publish","4":"has-post-thumbnail","6":"product_cat-beauty","8":"first","9":"instock","10":"taxable","11":"shipping-taxable","12":"purchasable","13":"product-type-simple"},"acf":[],"_links":{"self":[{"href":"https:\/\/mybrazil.co.uk\/en\/wp-json\/wp\/v2\/product\/9452","targetHints":{"allow":["GET"]}}],"collection":[{"href":"https:\/\/mybrazil.co.uk\/en\/wp-json\/wp\/v2\/product"}],"about":[{"href":"https:\/\/mybrazil.co.uk\/en\/wp-json\/wp\/v2\/types\/product"}],"replies":[{"embeddable":true,"href":"https:\/\/mybrazil.co.uk\/en\/wp-json\/wp\/v2\/comments?post=9452"}],"wp:featuredmedia":[{"embeddable":true,"href":"https:\/\/mybrazil.co.uk\/en\/wp-json\/wp\/v2\/media\/9453"}],"wp:attachment":[{"href":"https:\/\/mybrazil.co.uk\/en\/wp-json\/wp\/v2\/media?parent=9452"}],"wp:term":[{"taxonomy":"product_brand","embeddable":true,"href":"https:\/\/mybrazil.co.uk\/en\/wp-json\/wp\/v2\/product_brand?post=9452"},{"taxonomy":"product_cat","embeddable":true,"href":"https:\/\/mybrazil.co.uk\/en\/wp-json\/wp\/v2\/product_cat?post=9452"},{"taxonomy":"product_tag","embeddable":true,"href":"https:\/\/mybrazil.co.uk\/en\/wp-json\/wp\/v2\/product_tag?post=9452"}],"curies":[{"name":"wp","href":"https:\/\/api.w.org\/{rel}","templated":true}]}}