{"id":9450,"date":"2025-10-24T18:17:08","date_gmt":"2025-10-24T17:17:08","guid":{"rendered":"https:\/\/mybrazil.co.uk\/?post_type=product&#038;p=9450"},"modified":"2026-03-11T11:37:25","modified_gmt":"2026-03-11T11:37:25","slug":"creme-de-hidratacao-babosa1000g-skala","status":"publish","type":"product","link":"https:\/\/mybrazil.co.uk\/en\/shop\/creme-de-hidratacao-babosa1000g-skala\/","title":{"rendered":"Creme de Hidratacao Babosa1000g Skala"},"content":{"rendered":"<p>O <strong data-start=\"289\" data-end=\"332\">Skala Creme de Tratamento Babosa 1000 g<\/strong> \u00e9 um tratamento capilar profundamente hidratante, especialmente formulado para cabelos secos, crespos ou cacheados. Enriquecido com <strong data-start=\"465\" data-end=\"487\">babosa (aloe vera)<\/strong>, <strong data-start=\"489\" data-end=\"511\">manteiga de karit\u00e9<\/strong> e <strong data-start=\"514\" data-end=\"529\">D-panthenol<\/strong>, este creme proporciona uma hidrata\u00e7\u00e3o intensa, restaura\u00e7\u00e3o da vitalidade e brilho aos fios.<br data-start=\"660\" data-end=\"663\" \/>Pode ser usado como m\u00e1scara de tratamento profundo, condicionador ou leave-in \u2014 oferece versatilidade no cuidado capilar.\u00a0<br data-start=\"822\" data-end=\"825\" \/>Ideal para cabelos que necessitam de reposi\u00e7\u00e3o de \u00e1gua, nutri\u00e7\u00e3o e mais defini\u00e7\u00e3o nos cachos, ajudando a controlar o frizz e a manter a maciez.<\/p>","protected":false},"excerpt":{"rendered":"<p>O Skala Creme de Tratamento Babosa 1000 g \u00e9 um tratamento capilar profundamente hidratante, especialmente formulado para cabelos secos, crespos ou cacheados. Enriquecido com babosa (aloe vera), manteiga de karit\u00e9 e D-panthenol, este creme proporciona uma hidrata\u00e7\u00e3o intensa, restaura\u00e7\u00e3o da vitalidade e brilho aos fios.Pode ser usado como m\u00e1scara de tratamento profundo, condicionador ou leave-in [&hellip;]<\/p>","protected":false},"featured_media":9451,"comment_status":"open","ping_status":"closed","template":"","meta":{"_acf_changed":false,"_glsr_average":0,"_glsr_ranking":0,"_glsr_reviews":0},"product_brand":[],"product_cat":[40],"product_tag":[],"class_list":{"0":"post-9450","1":"product","2":"type-product","3":"status-publish","4":"has-post-thumbnail","6":"product_cat-beauty","8":"first","9":"instock","10":"taxable","11":"shipping-taxable","12":"purchasable","13":"product-type-simple"},"acf":[],"_links":{"self":[{"href":"https:\/\/mybrazil.co.uk\/en\/wp-json\/wp\/v2\/product\/9450","targetHints":{"allow":["GET"]}}],"collection":[{"href":"https:\/\/mybrazil.co.uk\/en\/wp-json\/wp\/v2\/product"}],"about":[{"href":"https:\/\/mybrazil.co.uk\/en\/wp-json\/wp\/v2\/types\/product"}],"replies":[{"embeddable":true,"href":"https:\/\/mybrazil.co.uk\/en\/wp-json\/wp\/v2\/comments?post=9450"}],"wp:featuredmedia":[{"embeddable":true,"href":"https:\/\/mybrazil.co.uk\/en\/wp-json\/wp\/v2\/media\/9451"}],"wp:attachment":[{"href":"https:\/\/mybrazil.co.uk\/en\/wp-json\/wp\/v2\/media?parent=9450"}],"wp:term":[{"taxonomy":"product_brand","embeddable":true,"href":"https:\/\/mybrazil.co.uk\/en\/wp-json\/wp\/v2\/product_brand?post=9450"},{"taxonomy":"product_cat","embeddable":true,"href":"https:\/\/mybrazil.co.uk\/en\/wp-json\/wp\/v2\/product_cat?post=9450"},{"taxonomy":"product_tag","embeddable":true,"href":"https:\/\/mybrazil.co.uk\/en\/wp-json\/wp\/v2\/product_tag?post=9450"}],"curies":[{"name":"wp","href":"https:\/\/api.w.org\/{rel}","templated":true}]}}