{"id":9336,"date":"2025-09-29T16:40:26","date_gmt":"2025-09-29T15:40:26","guid":{"rendered":"https:\/\/mybrazil.co.uk\/?post_type=product&#038;p=9336"},"modified":"2026-04-22T16:19:51","modified_gmt":"2026-04-22T15:19:51","slug":"mocoto-350-450g","status":"publish","type":"product","link":"https:\/\/mybrazil.co.uk\/en\/shop\/mocoto-350-450g\/","title":{"rendered":"Mocoto ( 450-550g)"},"content":{"rendered":"<p>Carne bovina de mocot\u00f3 (p\u00e9 de boi) com osso, muito valorizada por sua textura gelatinosa e riqueza de col\u00e1geno. Ideal para caldos, ensopados ou pratos tradicionais que pedem cozimento lento. Fornece sabor intenso e consist\u00eancia encorpada ao prato, al\u00e9m de nutrientes como c\u00e1lcio, f\u00f3sforo e prote\u00ednas provenientes de ossos, cartilagens e tutano.<\/p>","protected":false},"excerpt":{"rendered":"<p>Carne bovina de mocot\u00f3 (p\u00e9 de boi) com osso, muito valorizada por sua textura gelatinosa e riqueza de col\u00e1geno. Ideal para caldos, ensopados ou pratos tradicionais que pedem cozimento lento. Fornece sabor intenso e consist\u00eancia encorpada ao prato, al\u00e9m de nutrientes como c\u00e1lcio, f\u00f3sforo e prote\u00ednas provenientes de ossos, cartilagens e tutano.<\/p>","protected":false},"featured_media":6012,"comment_status":"open","ping_status":"closed","template":"","meta":{"_acf_changed":false,"_glsr_average":0,"_glsr_ranking":0,"_glsr_reviews":0},"product_brand":[],"product_cat":[96,44],"product_tag":[],"class_list":{"0":"post-9336","1":"product","2":"type-product","3":"status-publish","4":"has-post-thumbnail","6":"product_cat-bovinos","7":"product_cat-meat","9":"first","10":"instock","11":"taxable","12":"shipping-taxable","13":"purchasable","14":"product-type-simple"},"acf":[],"_links":{"self":[{"href":"https:\/\/mybrazil.co.uk\/en\/wp-json\/wp\/v2\/product\/9336","targetHints":{"allow":["GET"]}}],"collection":[{"href":"https:\/\/mybrazil.co.uk\/en\/wp-json\/wp\/v2\/product"}],"about":[{"href":"https:\/\/mybrazil.co.uk\/en\/wp-json\/wp\/v2\/types\/product"}],"replies":[{"embeddable":true,"href":"https:\/\/mybrazil.co.uk\/en\/wp-json\/wp\/v2\/comments?post=9336"}],"wp:featuredmedia":[{"embeddable":true,"href":"https:\/\/mybrazil.co.uk\/en\/wp-json\/wp\/v2\/media\/6012"}],"wp:attachment":[{"href":"https:\/\/mybrazil.co.uk\/en\/wp-json\/wp\/v2\/media?parent=9336"}],"wp:term":[{"taxonomy":"product_brand","embeddable":true,"href":"https:\/\/mybrazil.co.uk\/en\/wp-json\/wp\/v2\/product_brand?post=9336"},{"taxonomy":"product_cat","embeddable":true,"href":"https:\/\/mybrazil.co.uk\/en\/wp-json\/wp\/v2\/product_cat?post=9336"},{"taxonomy":"product_tag","embeddable":true,"href":"https:\/\/mybrazil.co.uk\/en\/wp-json\/wp\/v2\/product_tag?post=9336"}],"curies":[{"name":"wp","href":"https:\/\/api.w.org\/{rel}","templated":true}]}}