{"id":9321,"date":"2025-09-26T14:36:50","date_gmt":"2025-09-26T13:36:50","guid":{"rendered":"https:\/\/mybrazil.co.uk\/?post_type=product&#038;p=9321"},"modified":"2026-04-21T12:05:37","modified_gmt":"2026-04-21T11:05:37","slug":"requeijao-sofra-200g","status":"publish","type":"product","link":"https:\/\/mybrazil.co.uk\/en\/shop\/requeijao-sofra-200g\/","title":{"rendered":"Requeijao Sofra 200g"},"content":{"rendered":"<p>Requeij\u00e3o cremoso e vers\u00e1til, ideal para o caf\u00e9 da manh\u00e3, lanche ou para incrementar receitas salgadas e doces. Textura suave e salgadinha, perfeita para espalhar sobre p\u00e3es, torradas ou misturar em molhos. Embalagem pr\u00e1tica para uso dom\u00e9stico.<\/p>","protected":false},"excerpt":{"rendered":"<p>Requeij\u00e3o cremoso e vers\u00e1til, ideal para o caf\u00e9 da manh\u00e3, lanche ou para incrementar receitas salgadas e doces. Textura suave e salgadinha, perfeita para espalhar sobre p\u00e3es, torradas ou misturar em molhos. Embalagem pr\u00e1tica para uso dom\u00e9stico.<\/p>","protected":false},"featured_media":9331,"comment_status":"open","ping_status":"closed","template":"","meta":{"_acf_changed":false,"_glsr_average":0,"_glsr_ranking":0,"_glsr_reviews":0},"product_brand":[],"product_cat":[43,106],"product_tag":[],"class_list":{"0":"post-9321","1":"product","2":"type-product","3":"status-publish","4":"has-post-thumbnail","6":"product_cat-grocery","7":"product_cat-queijos-e-laticinios","9":"first","10":"instock","11":"taxable","12":"shipping-taxable","13":"purchasable","14":"product-type-simple"},"acf":[],"_links":{"self":[{"href":"https:\/\/mybrazil.co.uk\/en\/wp-json\/wp\/v2\/product\/9321","targetHints":{"allow":["GET"]}}],"collection":[{"href":"https:\/\/mybrazil.co.uk\/en\/wp-json\/wp\/v2\/product"}],"about":[{"href":"https:\/\/mybrazil.co.uk\/en\/wp-json\/wp\/v2\/types\/product"}],"replies":[{"embeddable":true,"href":"https:\/\/mybrazil.co.uk\/en\/wp-json\/wp\/v2\/comments?post=9321"}],"wp:featuredmedia":[{"embeddable":true,"href":"https:\/\/mybrazil.co.uk\/en\/wp-json\/wp\/v2\/media\/9331"}],"wp:attachment":[{"href":"https:\/\/mybrazil.co.uk\/en\/wp-json\/wp\/v2\/media?parent=9321"}],"wp:term":[{"taxonomy":"product_brand","embeddable":true,"href":"https:\/\/mybrazil.co.uk\/en\/wp-json\/wp\/v2\/product_brand?post=9321"},{"taxonomy":"product_cat","embeddable":true,"href":"https:\/\/mybrazil.co.uk\/en\/wp-json\/wp\/v2\/product_cat?post=9321"},{"taxonomy":"product_tag","embeddable":true,"href":"https:\/\/mybrazil.co.uk\/en\/wp-json\/wp\/v2\/product_tag?post=9321"}],"curies":[{"name":"wp","href":"https:\/\/api.w.org\/{rel}","templated":true}]}}