{"id":9312,"date":"2025-09-26T13:54:08","date_gmt":"2025-09-26T12:54:08","guid":{"rendered":"https:\/\/mybrazil.co.uk\/?post_type=product&#038;p=9312"},"modified":"2026-04-07T15:57:28","modified_gmt":"2026-04-07T14:57:28","slug":"fanta-uva-220ml","status":"publish","type":"product","link":"https:\/\/mybrazil.co.uk\/en\/shop\/fanta-uva-220ml\/","title":{"rendered":"Fanta Uva 220ml"},"content":{"rendered":"<p>Refrigerante <strong data-start=\"133\" data-end=\"153\">Fanta Uva 220 ml<\/strong>, sabor marcante e frutado, ideal para matar a sede com refresc\u00e2ncia. Com g\u00e1s e 5,5 % de suco de uva e lim\u00e3o, oferece uma experi\u00eancia vibrante. Perfeito para acompanhar refei\u00e7\u00f5es, lanches ou momentos de descontra\u00e7\u00e3o. Destaque para sua colora\u00e7\u00e3o intensa e sabor equilibrado entre doce e levemente \u00e1cido.<\/p>\n<p>Ingredientes \/ Ingredients:<br data-start=\"854\" data-end=\"857\" \/>\u00c1gua gaseificada, a\u00e7\u00facar, sucos concentrados de uva e lim\u00e3o, aroma sint\u00e9tico id\u00eantico ao natural, regulador de acidez (\u00e1cido c\u00edtrico e citrato de s\u00f3dio), conservadores (benzoato de s\u00f3dio e sorbato de pot\u00e1ssio), edulcorantes (acesulfame de pot\u00e1ssio e sucralose), corantes artificiais (amaranto, azul brilhante FCF e tartrazina).<\/p>","protected":false},"excerpt":{"rendered":"<p>Refrigerante Fanta Uva 220 ml, sabor marcante e frutado, ideal para matar a sede com refresc\u00e2ncia. Com g\u00e1s e 5,5 % de suco de uva e lim\u00e3o, oferece uma experi\u00eancia vibrante. Perfeito para acompanhar refei\u00e7\u00f5es, lanches ou momentos de descontra\u00e7\u00e3o. Destaque para sua colora\u00e7\u00e3o intensa e sabor equilibrado entre doce e levemente \u00e1cido. Ingredientes \/ [&hellip;]<\/p>","protected":false},"featured_media":9313,"comment_status":"open","ping_status":"closed","template":"","meta":{"_acf_changed":false,"_glsr_average":0,"_glsr_ranking":0,"_glsr_reviews":0},"product_brand":[],"product_cat":[42,90],"product_tag":[],"class_list":{"0":"post-9312","1":"product","2":"type-product","3":"status-publish","4":"has-post-thumbnail","6":"product_cat-drink","7":"product_cat-refrigerantes","9":"first","10":"outofstock","11":"taxable","12":"shipping-taxable","13":"purchasable","14":"product-type-simple"},"acf":[],"_links":{"self":[{"href":"https:\/\/mybrazil.co.uk\/en\/wp-json\/wp\/v2\/product\/9312","targetHints":{"allow":["GET"]}}],"collection":[{"href":"https:\/\/mybrazil.co.uk\/en\/wp-json\/wp\/v2\/product"}],"about":[{"href":"https:\/\/mybrazil.co.uk\/en\/wp-json\/wp\/v2\/types\/product"}],"replies":[{"embeddable":true,"href":"https:\/\/mybrazil.co.uk\/en\/wp-json\/wp\/v2\/comments?post=9312"}],"wp:featuredmedia":[{"embeddable":true,"href":"https:\/\/mybrazil.co.uk\/en\/wp-json\/wp\/v2\/media\/9313"}],"wp:attachment":[{"href":"https:\/\/mybrazil.co.uk\/en\/wp-json\/wp\/v2\/media?parent=9312"}],"wp:term":[{"taxonomy":"product_brand","embeddable":true,"href":"https:\/\/mybrazil.co.uk\/en\/wp-json\/wp\/v2\/product_brand?post=9312"},{"taxonomy":"product_cat","embeddable":true,"href":"https:\/\/mybrazil.co.uk\/en\/wp-json\/wp\/v2\/product_cat?post=9312"},{"taxonomy":"product_tag","embeddable":true,"href":"https:\/\/mybrazil.co.uk\/en\/wp-json\/wp\/v2\/product_tag?post=9312"}],"curies":[{"name":"wp","href":"https:\/\/api.w.org\/{rel}","templated":true}]}}