{"id":9303,"date":"2025-09-25T17:49:51","date_gmt":"2025-09-25T16:49:51","guid":{"rendered":"https:\/\/mybrazil.co.uk\/?post_type=product&#038;p=9303"},"modified":"2026-01-20T12:34:15","modified_gmt":"2026-01-20T12:34:15","slug":"condicionador-match-hidratacao-antifrizz-280ml","status":"publish","type":"product","link":"https:\/\/mybrazil.co.uk\/en\/shop\/condicionador-match-hidratacao-antifrizz-280ml\/","title":{"rendered":"Condicionador Match Hidratacao Antifrizz 280ml"},"content":{"rendered":"<p data-start=\"209\" data-end=\"765\">desenvolvido especialmente para cabelos frisados e secos. Ajuda a desembara\u00e7ar, sela as cut\u00edculas e controla o frizz por at\u00e9 <strong data-start=\"417\" data-end=\"429\">24 horas<\/strong>. Forma um escudo antiest\u00e1tico, reduzindo o frizz em at\u00e9 8 vezes e protegendo os fios contra a umidade. Sua f\u00f3rmula inovadora cont\u00e9m <strong data-start=\"562\" data-end=\"583\">Creatina Seladora<\/strong> (que reconstr\u00f3i pontes eletrost\u00e1ticas) e <strong data-start=\"625\" data-end=\"643\">Hialu Glicerol<\/strong> (glicerol + \u00e1cido hialur\u00f3nico) para hidratar e reter a umidade natural dos fios.<\/p>\n<p data-start=\"767\" data-end=\"956\">Modo de uso: aplique ao longo dos fios molhados (comprimento), desfie levemente com os dedos, deixe agir por alguns minutos e enx\u00e1gue completamente.<\/p>\n<p data-start=\"767\" data-end=\"956\"><strong data-start=\"1599\" data-end=\"1630\">Ingredientes \/ Ingredients:<\/strong><br data-start=\"1630\" data-end=\"1633\" \/>Aqua (Water); Cetearyl Alcohol; C12-15 Alkyl Benzoate; Dimethiconol; Behentrimonium Chloride; Bis-Diisopropanolamino-PG-Propyl Disiloxane \/ Bis-Vinyl Dimethicone Copolymer; Parfum (Fragrance); Bis-(Isostearoyl \/ Oleoyl Isopropyl) Dimonium Methosulfate; Phenoxyethanol; Isopropyl Alcohol; Benzyl Alcohol; Butyloctanol; Glycerin; Sodium Gluconate; TEA-Dodecylbenzenesulfonate; Creatine; Lactic Acid; Polyurethane-39; Sodium Hydroxide; Iodopropynyl Butylcarbamate; Sodium Hyaluronate; Phenylpropanol; Propanediol; Caprylyl Glycol; Tocopherol; Hexyl Cinnamal; Limonene; Linalool.<\/p>","protected":false},"excerpt":{"rendered":"<p>desenvolvido especialmente para cabelos frisados e secos. Ajuda a desembara\u00e7ar, sela as cut\u00edculas e controla o frizz por at\u00e9 24 horas. Forma um escudo antiest\u00e1tico, reduzindo o frizz em at\u00e9 8 vezes e protegendo os fios contra a umidade. Sua f\u00f3rmula inovadora cont\u00e9m Creatina Seladora (que reconstr\u00f3i pontes eletrost\u00e1ticas) e Hialu Glicerol (glicerol + \u00e1cido [&hellip;]<\/p>","protected":false},"featured_media":9304,"comment_status":"open","ping_status":"closed","template":"","meta":{"_acf_changed":false,"_glsr_average":0,"_glsr_ranking":0,"_glsr_reviews":0},"product_brand":[],"product_cat":[40],"product_tag":[],"class_list":{"0":"post-9303","1":"product","2":"type-product","3":"status-publish","4":"has-post-thumbnail","6":"product_cat-beauty","8":"first","9":"instock","10":"taxable","11":"shipping-taxable","12":"purchasable","13":"product-type-simple"},"acf":[],"_links":{"self":[{"href":"https:\/\/mybrazil.co.uk\/en\/wp-json\/wp\/v2\/product\/9303","targetHints":{"allow":["GET"]}}],"collection":[{"href":"https:\/\/mybrazil.co.uk\/en\/wp-json\/wp\/v2\/product"}],"about":[{"href":"https:\/\/mybrazil.co.uk\/en\/wp-json\/wp\/v2\/types\/product"}],"replies":[{"embeddable":true,"href":"https:\/\/mybrazil.co.uk\/en\/wp-json\/wp\/v2\/comments?post=9303"}],"wp:featuredmedia":[{"embeddable":true,"href":"https:\/\/mybrazil.co.uk\/en\/wp-json\/wp\/v2\/media\/9304"}],"wp:attachment":[{"href":"https:\/\/mybrazil.co.uk\/en\/wp-json\/wp\/v2\/media?parent=9303"}],"wp:term":[{"taxonomy":"product_brand","embeddable":true,"href":"https:\/\/mybrazil.co.uk\/en\/wp-json\/wp\/v2\/product_brand?post=9303"},{"taxonomy":"product_cat","embeddable":true,"href":"https:\/\/mybrazil.co.uk\/en\/wp-json\/wp\/v2\/product_cat?post=9303"},{"taxonomy":"product_tag","embeddable":true,"href":"https:\/\/mybrazil.co.uk\/en\/wp-json\/wp\/v2\/product_tag?post=9303"}],"curies":[{"name":"wp","href":"https:\/\/api.w.org\/{rel}","templated":true}]}}