{"id":9290,"date":"2025-09-25T17:23:24","date_gmt":"2025-09-25T16:23:24","guid":{"rendered":"https:\/\/mybrazil.co.uk\/?post_type=product&#038;p=9290"},"modified":"2026-01-20T12:34:49","modified_gmt":"2026-01-20T12:34:49","slug":"hercode-touch-eau-de-parfum-50ml","status":"publish","type":"product","link":"https:\/\/mybrazil.co.uk\/en\/shop\/hercode-touch-eau-de-parfum-50ml\/","title":{"rendered":"Hercode touch Eau de Parfum 50ml"},"content":{"rendered":"<p>Uma fragr\u00e2ncia amadeirada-oriental envolvente e sensual, criada para despertar a autoconsci\u00eancia e o prazer atrav\u00e9s do toque. Com notas de <strong data-start=\"463\" data-end=\"495\">frutas vermelhas e bergamota<\/strong> no topo; <strong data-start=\"505\" data-end=\"539\">jasmim, ylang-ylang e tuberosa<\/strong> no corpo; e <strong data-start=\"552\" data-end=\"590\">baunilha absoluta, s\u00e2ndalo e \u00e2mbar<\/strong> na base.<br data-start=\"637\" data-end=\"640\" \/>A embalagem em formato de cadeado simboliza mist\u00e9rio e feminilidade, e o perfume vem com o exclusivo \u201cC\u00f3digo Secreto\u201d, um acorde olfativo instigante.\u00a0<br data-start=\"827\" data-end=\"830\" \/>Ideal para ocasi\u00e3o noturna ou rom\u00e2ntica, mas com charme suficiente para o uso elegante ao longo do dia.<\/p>\n<p>&nbsp;<\/p>","protected":false},"excerpt":{"rendered":"<p>Uma fragr\u00e2ncia amadeirada-oriental envolvente e sensual, criada para despertar a autoconsci\u00eancia e o prazer atrav\u00e9s do toque. Com notas de frutas vermelhas e bergamota no topo; jasmim, ylang-ylang e tuberosa no corpo; e baunilha absoluta, s\u00e2ndalo e \u00e2mbar na base.A embalagem em formato de cadeado simboliza mist\u00e9rio e feminilidade, e o perfume vem com o [&hellip;]<\/p>","protected":false},"featured_media":9291,"comment_status":"open","ping_status":"closed","template":"","meta":{"_acf_changed":false,"_glsr_average":0,"_glsr_ranking":0,"_glsr_reviews":0},"product_brand":[],"product_cat":[40],"product_tag":[],"class_list":{"0":"post-9290","1":"product","2":"type-product","3":"status-publish","4":"has-post-thumbnail","6":"product_cat-beauty","8":"first","9":"instock","10":"taxable","11":"shipping-taxable","12":"purchasable","13":"product-type-simple"},"acf":[],"_links":{"self":[{"href":"https:\/\/mybrazil.co.uk\/en\/wp-json\/wp\/v2\/product\/9290","targetHints":{"allow":["GET"]}}],"collection":[{"href":"https:\/\/mybrazil.co.uk\/en\/wp-json\/wp\/v2\/product"}],"about":[{"href":"https:\/\/mybrazil.co.uk\/en\/wp-json\/wp\/v2\/types\/product"}],"replies":[{"embeddable":true,"href":"https:\/\/mybrazil.co.uk\/en\/wp-json\/wp\/v2\/comments?post=9290"}],"wp:featuredmedia":[{"embeddable":true,"href":"https:\/\/mybrazil.co.uk\/en\/wp-json\/wp\/v2\/media\/9291"}],"wp:attachment":[{"href":"https:\/\/mybrazil.co.uk\/en\/wp-json\/wp\/v2\/media?parent=9290"}],"wp:term":[{"taxonomy":"product_brand","embeddable":true,"href":"https:\/\/mybrazil.co.uk\/en\/wp-json\/wp\/v2\/product_brand?post=9290"},{"taxonomy":"product_cat","embeddable":true,"href":"https:\/\/mybrazil.co.uk\/en\/wp-json\/wp\/v2\/product_cat?post=9290"},{"taxonomy":"product_tag","embeddable":true,"href":"https:\/\/mybrazil.co.uk\/en\/wp-json\/wp\/v2\/product_tag?post=9290"}],"curies":[{"name":"wp","href":"https:\/\/api.w.org\/{rel}","templated":true}]}}