{"id":9276,"date":"2025-09-25T16:15:53","date_gmt":"2025-09-25T15:15:53","guid":{"rendered":"https:\/\/mybrazil.co.uk\/?post_type=product&#038;p=9276"},"modified":"2026-01-20T12:34:56","modified_gmt":"2026-01-20T12:34:56","slug":"coffee-woman-100ml-oboticario","status":"publish","type":"product","link":"https:\/\/mybrazil.co.uk\/en\/shop\/coffee-woman-100ml-oboticario\/","title":{"rendered":"Coffee Woman 100ml oBoticario"},"content":{"rendered":"<p>fragr\u00e2ncia feminina envolvente que une a intensidade do caf\u00e9 ar\u00e1bica premium \u00e0 suavidade da baunilha e notas frutadas. No topo, surgem bergamota, ma\u00e7\u00e3 e notas verdes; no cora\u00e7\u00e3o, jasmim, flor de laranjeira e extrato de caf\u00e9; e na base, benjoim, \u00e2mbar, musk, s\u00e2ndalo e baunilha.<br data-start=\"552\" data-end=\"555\" \/>A tecnologia exclusiva de infus\u00e3o de caf\u00e9 torna essa fragr\u00e2ncia marcante e moderna, ideal para mulheres sofisticadas e contempor\u00e2neas que desejam um aroma tanto doce quanto elegante.<\/p>\n<p><strong data-start=\"1439\" data-end=\"1470\">Ingredientes \/ Ingredients:<\/strong><br data-start=\"1470\" data-end=\"1473\" \/>Alcohol Denat.; Parfum (Fragrance); Aqua (Water); Ethylhexyl Salicylate; Coffee Arabica Seed Extract; Caprylyl Glycol; Butyl Methoxydibenzoylmethane; Alpha-Isomethyl Ionone; Benzyl Salicylate; Coumarin; Limonene; Linalool<\/p>","protected":false},"excerpt":{"rendered":"<p>fragr\u00e2ncia feminina envolvente que une a intensidade do caf\u00e9 ar\u00e1bica premium \u00e0 suavidade da baunilha e notas frutadas. No topo, surgem bergamota, ma\u00e7\u00e3 e notas verdes; no cora\u00e7\u00e3o, jasmim, flor de laranjeira e extrato de caf\u00e9; e na base, benjoim, \u00e2mbar, musk, s\u00e2ndalo e baunilha.A tecnologia exclusiva de infus\u00e3o de caf\u00e9 torna essa fragr\u00e2ncia marcante [&hellip;]<\/p>","protected":false},"featured_media":9277,"comment_status":"open","ping_status":"closed","template":"","meta":{"_acf_changed":false,"_glsr_average":0,"_glsr_ranking":0,"_glsr_reviews":0},"product_brand":[],"product_cat":[40],"product_tag":[],"class_list":{"0":"post-9276","1":"product","2":"type-product","3":"status-publish","4":"has-post-thumbnail","6":"product_cat-beauty","8":"first","9":"instock","10":"taxable","11":"shipping-taxable","12":"purchasable","13":"product-type-simple"},"acf":[],"_links":{"self":[{"href":"https:\/\/mybrazil.co.uk\/en\/wp-json\/wp\/v2\/product\/9276","targetHints":{"allow":["GET"]}}],"collection":[{"href":"https:\/\/mybrazil.co.uk\/en\/wp-json\/wp\/v2\/product"}],"about":[{"href":"https:\/\/mybrazil.co.uk\/en\/wp-json\/wp\/v2\/types\/product"}],"replies":[{"embeddable":true,"href":"https:\/\/mybrazil.co.uk\/en\/wp-json\/wp\/v2\/comments?post=9276"}],"wp:featuredmedia":[{"embeddable":true,"href":"https:\/\/mybrazil.co.uk\/en\/wp-json\/wp\/v2\/media\/9277"}],"wp:attachment":[{"href":"https:\/\/mybrazil.co.uk\/en\/wp-json\/wp\/v2\/media?parent=9276"}],"wp:term":[{"taxonomy":"product_brand","embeddable":true,"href":"https:\/\/mybrazil.co.uk\/en\/wp-json\/wp\/v2\/product_brand?post=9276"},{"taxonomy":"product_cat","embeddable":true,"href":"https:\/\/mybrazil.co.uk\/en\/wp-json\/wp\/v2\/product_cat?post=9276"},{"taxonomy":"product_tag","embeddable":true,"href":"https:\/\/mybrazil.co.uk\/en\/wp-json\/wp\/v2\/product_tag?post=9276"}],"curies":[{"name":"wp","href":"https:\/\/api.w.org\/{rel}","templated":true}]}}