{"id":9273,"date":"2025-09-25T16:12:14","date_gmt":"2025-09-25T15:12:14","guid":{"rendered":"https:\/\/mybrazil.co.uk\/?post_type=product&#038;p=9273"},"modified":"2026-01-20T12:35:05","modified_gmt":"2026-01-20T12:35:05","slug":"coffee-woman-duo-100ml-oboticario","status":"publish","type":"product","link":"https:\/\/mybrazil.co.uk\/en\/shop\/coffee-woman-duo-100ml-oboticario\/","title":{"rendered":"Coffee Woman DUO 100ml oBoticario"},"content":{"rendered":"<p>Uma fragr\u00e2ncia gourmand com equil\u00edbrio sofisticado entre o amargor do caf\u00e9 e a do\u00e7ura do leite. Abre com notas frescas de <strong data-start=\"384\" data-end=\"431\">lavanda, bergamota italiana e frutas negras<\/strong>, evoluindo para um cora\u00e7\u00e3o floral de <strong data-start=\"469\" data-end=\"545\">rosa, jasmim sambac, ylang-ylang e orqu\u00eddea com toque de latte macchiato<\/strong>; a base revela <strong data-start=\"561\" data-end=\"603\">patchouli, s\u00e2ndalo, benjoim e alm\u00edscar.<\/strong><br data-start=\"642\" data-end=\"645\" \/>Ideal para uso noturno, dias frios ou ambientes fechados \u2014 confere personalidade, calor e sofistica\u00e7\u00e3o.<\/p>\n<p>&nbsp;<\/p>","protected":false},"excerpt":{"rendered":"<p>Uma fragr\u00e2ncia gourmand com equil\u00edbrio sofisticado entre o amargor do caf\u00e9 e a do\u00e7ura do leite. Abre com notas frescas de lavanda, bergamota italiana e frutas negras, evoluindo para um cora\u00e7\u00e3o floral de rosa, jasmim sambac, ylang-ylang e orqu\u00eddea com toque de latte macchiato; a base revela patchouli, s\u00e2ndalo, benjoim e alm\u00edscar.Ideal para uso noturno, [&hellip;]<\/p>","protected":false},"featured_media":9274,"comment_status":"open","ping_status":"closed","template":"","meta":{"_acf_changed":false,"_glsr_average":0,"_glsr_ranking":0,"_glsr_reviews":0},"product_brand":[],"product_cat":[40],"product_tag":[],"class_list":{"0":"post-9273","1":"product","2":"type-product","3":"status-publish","4":"has-post-thumbnail","6":"product_cat-beauty","8":"first","9":"instock","10":"taxable","11":"shipping-taxable","12":"purchasable","13":"product-type-simple"},"acf":[],"_links":{"self":[{"href":"https:\/\/mybrazil.co.uk\/en\/wp-json\/wp\/v2\/product\/9273","targetHints":{"allow":["GET"]}}],"collection":[{"href":"https:\/\/mybrazil.co.uk\/en\/wp-json\/wp\/v2\/product"}],"about":[{"href":"https:\/\/mybrazil.co.uk\/en\/wp-json\/wp\/v2\/types\/product"}],"replies":[{"embeddable":true,"href":"https:\/\/mybrazil.co.uk\/en\/wp-json\/wp\/v2\/comments?post=9273"}],"wp:featuredmedia":[{"embeddable":true,"href":"https:\/\/mybrazil.co.uk\/en\/wp-json\/wp\/v2\/media\/9274"}],"wp:attachment":[{"href":"https:\/\/mybrazil.co.uk\/en\/wp-json\/wp\/v2\/media?parent=9273"}],"wp:term":[{"taxonomy":"product_brand","embeddable":true,"href":"https:\/\/mybrazil.co.uk\/en\/wp-json\/wp\/v2\/product_brand?post=9273"},{"taxonomy":"product_cat","embeddable":true,"href":"https:\/\/mybrazil.co.uk\/en\/wp-json\/wp\/v2\/product_cat?post=9273"},{"taxonomy":"product_tag","embeddable":true,"href":"https:\/\/mybrazil.co.uk\/en\/wp-json\/wp\/v2\/product_tag?post=9273"}],"curies":[{"name":"wp","href":"https:\/\/api.w.org\/{rel}","templated":true}]}}