{"id":9247,"date":"2025-09-24T13:22:11","date_gmt":"2025-09-24T12:22:11","guid":{"rendered":"https:\/\/mybrazil.co.uk\/?post_type=product&#038;p=9247"},"modified":"2026-03-28T14:13:57","modified_gmt":"2026-03-28T14:13:57","slug":"sabonete-liquido-ameixa-negra-250ml-nativa-spa","status":"publish","type":"product","link":"https:\/\/mybrazil.co.uk\/en\/shop\/sabonete-liquido-ameixa-negra-250ml-nativa-spa\/","title":{"rendered":"Sabonete Liquido Ameixa Negra 250ml Nativa SPA"},"content":{"rendered":"<p>Sua f\u00f3rmula entrega uma espuma cremosa e envolvente, limpa sem ressecar e mant\u00e9m a hidrata\u00e7\u00e3o natural da pele. Com fragr\u00e2ncia floriental amadeirada da linha Ameixa Negra, exala sofistica\u00e7\u00e3o e sensualidade. Enriquecido com \u00f3leo de quinoa (Bio\u00e9ster 100 % puro) que nutre e protege. Ideal para o uso di\u00e1rio em todos os tipos de pele.<\/p>\n<p>Ingredientes \/ Ingredients:<br data-start=\"1121\" data-end=\"1124\" \/>AQUA (WATER); SODIUM LAURETH SULFATE; GLYCERIN; COCAMIDOPROPYL BETAINE; DECYL GLUCOSIDE; PARFUM (FRAGRANCE); LAURYL GLUCOSIDE; PHENOXYETHANOL; SODIUM BENZOATE; POTASSIUM CHLORIDE; PEG-120 METHYL GLUCOSE DIOLEATE; CITRIC ACID; SODIUM GLUCONATE; PANTHENOL; POLYQUATERNIUM-7; SODIUM HYDROXIDE; CHENOPODIUM QUINOA SEED OIL ETHYL ESTERS; PROPYLENE GLYCOL; CI 17200 (RED 33); CI 14700 (RED 4); PRUNUS DOMESTICA FRUIT EXTRACT; CI 42090 (BLUE 1); SODIUM SULFATE; SODIUM CHLORIDE; CI 19140 (YELLOW 5); POLYSORBATE 20; TOCOPHEROL; POTASSIUM SORBATE; TETRASODIUM EDTA; ALPHA-ISOMETHYL IONONE; BENZYL SALICYLATE; CITRONELLOL; COUMARIN; HEXYL CINNAMAL; LIMONENE; LINALOOL<\/p>","protected":false},"excerpt":{"rendered":"<p>Sua f\u00f3rmula entrega uma espuma cremosa e envolvente, limpa sem ressecar e mant\u00e9m a hidrata\u00e7\u00e3o natural da pele. Com fragr\u00e2ncia floriental amadeirada da linha Ameixa Negra, exala sofistica\u00e7\u00e3o e sensualidade. Enriquecido com \u00f3leo de quinoa (Bio\u00e9ster 100 % puro) que nutre e protege. Ideal para o uso di\u00e1rio em todos os tipos de pele. Ingredientes [&hellip;]<\/p>","protected":false},"featured_media":9248,"comment_status":"open","ping_status":"closed","template":"","meta":{"_acf_changed":false,"_glsr_average":0,"_glsr_ranking":0,"_glsr_reviews":0},"product_brand":[],"product_cat":[40],"product_tag":[],"class_list":{"0":"post-9247","1":"product","2":"type-product","3":"status-publish","4":"has-post-thumbnail","6":"product_cat-beauty","8":"first","9":"outofstock","10":"taxable","11":"shipping-taxable","12":"purchasable","13":"product-type-simple"},"acf":[],"_links":{"self":[{"href":"https:\/\/mybrazil.co.uk\/en\/wp-json\/wp\/v2\/product\/9247","targetHints":{"allow":["GET"]}}],"collection":[{"href":"https:\/\/mybrazil.co.uk\/en\/wp-json\/wp\/v2\/product"}],"about":[{"href":"https:\/\/mybrazil.co.uk\/en\/wp-json\/wp\/v2\/types\/product"}],"replies":[{"embeddable":true,"href":"https:\/\/mybrazil.co.uk\/en\/wp-json\/wp\/v2\/comments?post=9247"}],"wp:featuredmedia":[{"embeddable":true,"href":"https:\/\/mybrazil.co.uk\/en\/wp-json\/wp\/v2\/media\/9248"}],"wp:attachment":[{"href":"https:\/\/mybrazil.co.uk\/en\/wp-json\/wp\/v2\/media?parent=9247"}],"wp:term":[{"taxonomy":"product_brand","embeddable":true,"href":"https:\/\/mybrazil.co.uk\/en\/wp-json\/wp\/v2\/product_brand?post=9247"},{"taxonomy":"product_cat","embeddable":true,"href":"https:\/\/mybrazil.co.uk\/en\/wp-json\/wp\/v2\/product_cat?post=9247"},{"taxonomy":"product_tag","embeddable":true,"href":"https:\/\/mybrazil.co.uk\/en\/wp-json\/wp\/v2\/product_tag?post=9247"}],"curies":[{"name":"wp","href":"https:\/\/api.w.org\/{rel}","templated":true}]}}