{"id":9244,"date":"2025-09-24T13:15:57","date_gmt":"2025-09-24T12:15:57","guid":{"rendered":"https:\/\/mybrazil.co.uk\/?post_type=product&#038;p=9244"},"modified":"2026-02-13T16:07:39","modified_gmt":"2026-02-13T16:07:39","slug":"condicionador-sophie-200ml-oboticario","status":"publish","type":"product","link":"https:\/\/mybrazil.co.uk\/en\/shop\/condicionador-sophie-200ml-oboticario\/","title":{"rendered":"Condicionador Brilho Sophie 200ml oBoticario"},"content":{"rendered":"<p>Enriquecido com \u00f3leo de argan, pantenol e vitamina B5. Sua f\u00f3rmula foi desenvolvida para hidratar intensamente, desembara\u00e7ar e proporcionar brilho duradouro aos fios, sem pesar. Ideal para uso di\u00e1rio em cabelos de meninas e todos os tipos de cabelo. Deixa o cabelo macio, com fragr\u00e2ncia floral que pode perdurar at\u00e9 8 horas.<\/p>\n<h3 data-start=\"986\" data-end=\"1018\">Ingredientes \/ Ingredients<\/h3>\n<p data-start=\"1019\" data-end=\"1483\">AQUA (WATER); CETEARYL ALCOHOL; DIMETHICONE; C12-15 ALKYL BENZOATE; BEHENTRIMONIUM CHLORIDE; GLYCERIN; BIS-(ISOSTEAROYL\/OLEOYL) DIMONIUM METHOSULFATE; PARFUM (FRAGRANCE); AMODIMETHICONE; BEHENTRIMONIUM METHOSULFATE; CAPRYLYL GLYCOL; PHENOXYETHANOL; ISOPROPYL ALCOHOL; DISODIUM EDTA; CETRIMONIUM CHLORIDE; TRIDECETH-12; SODIUM BENZOATE; TOCOPHERYL ACETATE; ARGANIA SPINOSA KERNEL OIL; SODIUM HYDROXIDE; PANTHENOL; CITRIC ACID<\/p>","protected":false},"excerpt":{"rendered":"<p>Enriquecido com \u00f3leo de argan, pantenol e vitamina B5. Sua f\u00f3rmula foi desenvolvida para hidratar intensamente, desembara\u00e7ar e proporcionar brilho duradouro aos fios, sem pesar. Ideal para uso di\u00e1rio em cabelos de meninas e todos os tipos de cabelo. Deixa o cabelo macio, com fragr\u00e2ncia floral que pode perdurar at\u00e9 8 horas. Ingredientes \/ Ingredients [&hellip;]<\/p>","protected":false},"featured_media":9245,"comment_status":"open","ping_status":"closed","template":"","meta":{"_acf_changed":false,"_glsr_average":0,"_glsr_ranking":0,"_glsr_reviews":0},"product_brand":[],"product_cat":[40],"product_tag":[],"class_list":{"0":"post-9244","1":"product","2":"type-product","3":"status-publish","4":"has-post-thumbnail","6":"product_cat-beauty","8":"first","9":"instock","10":"taxable","11":"shipping-taxable","12":"purchasable","13":"product-type-simple"},"acf":[],"_links":{"self":[{"href":"https:\/\/mybrazil.co.uk\/en\/wp-json\/wp\/v2\/product\/9244","targetHints":{"allow":["GET"]}}],"collection":[{"href":"https:\/\/mybrazil.co.uk\/en\/wp-json\/wp\/v2\/product"}],"about":[{"href":"https:\/\/mybrazil.co.uk\/en\/wp-json\/wp\/v2\/types\/product"}],"replies":[{"embeddable":true,"href":"https:\/\/mybrazil.co.uk\/en\/wp-json\/wp\/v2\/comments?post=9244"}],"wp:featuredmedia":[{"embeddable":true,"href":"https:\/\/mybrazil.co.uk\/en\/wp-json\/wp\/v2\/media\/9245"}],"wp:attachment":[{"href":"https:\/\/mybrazil.co.uk\/en\/wp-json\/wp\/v2\/media?parent=9244"}],"wp:term":[{"taxonomy":"product_brand","embeddable":true,"href":"https:\/\/mybrazil.co.uk\/en\/wp-json\/wp\/v2\/product_brand?post=9244"},{"taxonomy":"product_cat","embeddable":true,"href":"https:\/\/mybrazil.co.uk\/en\/wp-json\/wp\/v2\/product_cat?post=9244"},{"taxonomy":"product_tag","embeddable":true,"href":"https:\/\/mybrazil.co.uk\/en\/wp-json\/wp\/v2\/product_tag?post=9244"}],"curies":[{"name":"wp","href":"https:\/\/api.w.org\/{rel}","templated":true}]}}