{"id":9228,"date":"2025-09-19T16:03:41","date_gmt":"2025-09-19T15:03:41","guid":{"rendered":"https:\/\/mybrazil.co.uk\/?post_type=product&#038;p=9228"},"modified":"2026-04-15T17:05:05","modified_gmt":"2026-04-15T16:05:05","slug":"cerelac-farinha-lactea-900g-nestle","status":"publish","type":"product","link":"https:\/\/mybrazil.co.uk\/en\/shop\/cerelac-farinha-lactea-900g-nestle\/","title":{"rendered":"Cerelac Farinha Lactea 900g Nestle"},"content":{"rendered":"<p>Papa infantil de cereais com gl\u00faten, especialmente formulada para beb\u00e9s a partir dos <strong data-start=\"572\" data-end=\"583\">6 meses<\/strong>. Possui farinha de trigo hidrolisada, leite parcialmente desnatado e vitaminas e minerais essenciais como ferro, zinco, c\u00e1lcio e vitaminas A, B1, C e D. Prepara\u00e7\u00e3o simples com \u00e1gua, textura suave e agrad\u00e1vel, ideal para uma alimenta\u00e7\u00e3o diversificada, nutritiva e pr\u00e1tica.<\/p>\n<p data-start=\"1365\" data-end=\"1768\"><strong data-start=\"1365\" data-end=\"1396\">Ingredientes \/ Ingredients:<\/strong><br data-start=\"1396\" data-end=\"1399\" \/>Farinha de trigo hidrolisada (28,9 %), farinha de trigo (28,5 %), leite parcialmente desnatado (31,3 %), sacarose, \u00f3leo de girassol, subst\u00e2ncias minerais (carbonato de c\u00e1lcio, fumarato ferroso, sulfato de zinco, iodeto de pot\u00e1ssio), vitaminas (C, PP, E, B1, \u00e1cido pantot\u00eanico, A, B6, K, \u00e1cido f\u00f3lico, biotina, D), aroma (vanilina).<\/p>\n<p data-start=\"1770\" data-end=\"1865\"><em data-start=\"1770\" data-end=\"1783\">Alerg\u00e9nios:<\/em> Cont\u00e9m gl\u00faten (trigo) e prote\u00ednas do leite.<\/p>","protected":false},"excerpt":{"rendered":"<p>Papa infantil de cereais com gl\u00faten, especialmente formulada para beb\u00e9s a partir dos 6 meses. Possui farinha de trigo hidrolisada, leite parcialmente desnatado e vitaminas e minerais essenciais como ferro, zinco, c\u00e1lcio e vitaminas A, B1, C e D. Prepara\u00e7\u00e3o simples com \u00e1gua, textura suave e agrad\u00e1vel, ideal para uma alimenta\u00e7\u00e3o diversificada, nutritiva e pr\u00e1tica. [&hellip;]<\/p>","protected":false},"featured_media":9229,"comment_status":"open","ping_status":"closed","template":"","meta":{"_acf_changed":false,"_glsr_average":0,"_glsr_ranking":0,"_glsr_reviews":0},"product_brand":[],"product_cat":[94,43],"product_tag":[],"class_list":{"0":"post-9228","1":"product","2":"type-product","3":"status-publish","4":"has-post-thumbnail","6":"product_cat-graos-farinhacos","7":"product_cat-grocery","9":"first","10":"instock","11":"taxable","12":"shipping-taxable","13":"purchasable","14":"product-type-simple"},"acf":[],"_links":{"self":[{"href":"https:\/\/mybrazil.co.uk\/en\/wp-json\/wp\/v2\/product\/9228","targetHints":{"allow":["GET"]}}],"collection":[{"href":"https:\/\/mybrazil.co.uk\/en\/wp-json\/wp\/v2\/product"}],"about":[{"href":"https:\/\/mybrazil.co.uk\/en\/wp-json\/wp\/v2\/types\/product"}],"replies":[{"embeddable":true,"href":"https:\/\/mybrazil.co.uk\/en\/wp-json\/wp\/v2\/comments?post=9228"}],"wp:featuredmedia":[{"embeddable":true,"href":"https:\/\/mybrazil.co.uk\/en\/wp-json\/wp\/v2\/media\/9229"}],"wp:attachment":[{"href":"https:\/\/mybrazil.co.uk\/en\/wp-json\/wp\/v2\/media?parent=9228"}],"wp:term":[{"taxonomy":"product_brand","embeddable":true,"href":"https:\/\/mybrazil.co.uk\/en\/wp-json\/wp\/v2\/product_brand?post=9228"},{"taxonomy":"product_cat","embeddable":true,"href":"https:\/\/mybrazil.co.uk\/en\/wp-json\/wp\/v2\/product_cat?post=9228"},{"taxonomy":"product_tag","embeddable":true,"href":"https:\/\/mybrazil.co.uk\/en\/wp-json\/wp\/v2\/product_tag?post=9228"}],"curies":[{"name":"wp","href":"https:\/\/api.w.org\/{rel}","templated":true}]}}