{"id":9221,"date":"2025-09-19T13:53:03","date_gmt":"2025-09-19T12:53:03","guid":{"rendered":"https:\/\/mybrazil.co.uk\/?post_type=product&#038;p=9221"},"modified":"2026-04-18T18:38:08","modified_gmt":"2026-04-18T17:38:08","slug":"geleia-de-goiaba-230g-predilecta","status":"publish","type":"product","link":"https:\/\/mybrazil.co.uk\/en\/shop\/geleia-de-goiaba-230g-predilecta\/","title":{"rendered":"Geleia de Goiaba 230g Predilecta"},"content":{"rendered":"<p>Deliciosa geleia feita com polpa de goiaba e a\u00e7\u00facar, com sabor marcante e textura suave. Sem corantes ou conservantes artificiais. Ideal para passar em p\u00e3es, torradas ou como toque doce em sobremesas e bolos. Produto pronto para consumo, sem gl\u00faten \u2013 \u201cCont\u00e9m sementes\u201d.<\/p>\n<p><strong data-start=\"1134\" data-end=\"1165\">Ingredientes \/ Ingredients:<\/strong><br data-start=\"1165\" data-end=\"1168\" \/>Goiaba (guava pulp), a\u00e7\u00facar (sugar), acidulante INS 330 (acidity regulator \u2013 citric acid). Cont\u00e9m sementes. N\u00e3o cont\u00e9m gl\u00faten. Possivelmente pode conter tra\u00e7os de soja, leite e avel\u00e3.<\/p>","protected":false},"excerpt":{"rendered":"<p>Deliciosa geleia feita com polpa de goiaba e a\u00e7\u00facar, com sabor marcante e textura suave. Sem corantes ou conservantes artificiais. Ideal para passar em p\u00e3es, torradas ou como toque doce em sobremesas e bolos. Produto pronto para consumo, sem gl\u00faten \u2013 \u201cCont\u00e9m sementes\u201d. Ingredientes \/ Ingredients:Goiaba (guava pulp), a\u00e7\u00facar (sugar), acidulante INS 330 (acidity regulator [&hellip;]<\/p>","protected":false},"featured_media":9222,"comment_status":"open","ping_status":"closed","template":"","meta":{"_acf_changed":false,"_glsr_average":0,"_glsr_ranking":0,"_glsr_reviews":0},"product_brand":[],"product_cat":[109,46,43],"product_tag":[],"class_list":{"0":"post-9221","1":"product","2":"type-product","3":"status-publish","4":"has-post-thumbnail","6":"product_cat-conservas","7":"product_cat-sweets","8":"product_cat-grocery","10":"first","11":"instock","12":"taxable","13":"shipping-taxable","14":"purchasable","15":"product-type-simple"},"acf":[],"_links":{"self":[{"href":"https:\/\/mybrazil.co.uk\/en\/wp-json\/wp\/v2\/product\/9221","targetHints":{"allow":["GET"]}}],"collection":[{"href":"https:\/\/mybrazil.co.uk\/en\/wp-json\/wp\/v2\/product"}],"about":[{"href":"https:\/\/mybrazil.co.uk\/en\/wp-json\/wp\/v2\/types\/product"}],"replies":[{"embeddable":true,"href":"https:\/\/mybrazil.co.uk\/en\/wp-json\/wp\/v2\/comments?post=9221"}],"wp:featuredmedia":[{"embeddable":true,"href":"https:\/\/mybrazil.co.uk\/en\/wp-json\/wp\/v2\/media\/9222"}],"wp:attachment":[{"href":"https:\/\/mybrazil.co.uk\/en\/wp-json\/wp\/v2\/media?parent=9221"}],"wp:term":[{"taxonomy":"product_brand","embeddable":true,"href":"https:\/\/mybrazil.co.uk\/en\/wp-json\/wp\/v2\/product_brand?post=9221"},{"taxonomy":"product_cat","embeddable":true,"href":"https:\/\/mybrazil.co.uk\/en\/wp-json\/wp\/v2\/product_cat?post=9221"},{"taxonomy":"product_tag","embeddable":true,"href":"https:\/\/mybrazil.co.uk\/en\/wp-json\/wp\/v2\/product_tag?post=9221"}],"curies":[{"name":"wp","href":"https:\/\/api.w.org\/{rel}","templated":true}]}}