{"id":9219,"date":"2025-09-19T13:49:28","date_gmt":"2025-09-19T12:49:28","guid":{"rendered":"https:\/\/mybrazil.co.uk\/?post_type=product&#038;p=9219"},"modified":"2026-02-11T12:05:08","modified_gmt":"2026-02-11T12:05:08","slug":"fanta-uva-330ml","status":"publish","type":"product","link":"https:\/\/mybrazil.co.uk\/en\/shop\/fanta-uva-330ml\/","title":{"rendered":"Fanta Uva Zero 330ml"},"content":{"rendered":"<p>Fanta Uva Zero 330 ml \u00e9 um refrigerante com sabor frutado de uva, sem adi\u00e7\u00e3o de a\u00e7\u00facares, perfeito para quem quer desfrutar de uma bebida leve e refrescante. Com g\u00e1s sutil, aromas naturais e edulcorantes cuidadosamente selecionados (aspartame e sucralose), entrega sabor marcante com poucas calorias. Ideal para acompanhar refei\u00e7\u00f5es, lanches ou simplesmente para matar a sede de forma prazerosa.<\/p>\n<p><strong data-start=\"966\" data-end=\"997\">Ingredientes \/ Ingredients:<\/strong><br data-start=\"997\" data-end=\"1000\" \/>\u00c1gua; 7 % suco de uva proveniente de concentrado; di\u00f3xido de carbono; corante (antocianinas); acidificante: \u00e1cido c\u00edtrico (E-330); extrato de ma\u00e7\u00e3 e hibisco; edulcorantes: aspartame (E-950) e sucralose (E-955); conservante: sorbato de pot\u00e1ssio (E-202); aromas naturais.<\/p>","protected":false},"excerpt":{"rendered":"<p>Fanta Uva Zero 330 ml \u00e9 um refrigerante com sabor frutado de uva, sem adi\u00e7\u00e3o de a\u00e7\u00facares, perfeito para quem quer desfrutar de uma bebida leve e refrescante. Com g\u00e1s sutil, aromas naturais e edulcorantes cuidadosamente selecionados (aspartame e sucralose), entrega sabor marcante com poucas calorias. Ideal para acompanhar refei\u00e7\u00f5es, lanches ou simplesmente para matar [&hellip;]<\/p>","protected":false},"featured_media":9329,"comment_status":"open","ping_status":"closed","template":"","meta":{"_acf_changed":false,"_glsr_average":0,"_glsr_ranking":0,"_glsr_reviews":0},"product_brand":[],"product_cat":[42,90],"product_tag":[],"class_list":{"0":"post-9219","1":"product","2":"type-product","3":"status-publish","4":"has-post-thumbnail","6":"product_cat-drink","7":"product_cat-refrigerantes","9":"first","10":"outofstock","11":"taxable","12":"shipping-taxable","13":"purchasable","14":"product-type-simple"},"acf":[],"_links":{"self":[{"href":"https:\/\/mybrazil.co.uk\/en\/wp-json\/wp\/v2\/product\/9219","targetHints":{"allow":["GET"]}}],"collection":[{"href":"https:\/\/mybrazil.co.uk\/en\/wp-json\/wp\/v2\/product"}],"about":[{"href":"https:\/\/mybrazil.co.uk\/en\/wp-json\/wp\/v2\/types\/product"}],"replies":[{"embeddable":true,"href":"https:\/\/mybrazil.co.uk\/en\/wp-json\/wp\/v2\/comments?post=9219"}],"wp:featuredmedia":[{"embeddable":true,"href":"https:\/\/mybrazil.co.uk\/en\/wp-json\/wp\/v2\/media\/9329"}],"wp:attachment":[{"href":"https:\/\/mybrazil.co.uk\/en\/wp-json\/wp\/v2\/media?parent=9219"}],"wp:term":[{"taxonomy":"product_brand","embeddable":true,"href":"https:\/\/mybrazil.co.uk\/en\/wp-json\/wp\/v2\/product_brand?post=9219"},{"taxonomy":"product_cat","embeddable":true,"href":"https:\/\/mybrazil.co.uk\/en\/wp-json\/wp\/v2\/product_cat?post=9219"},{"taxonomy":"product_tag","embeddable":true,"href":"https:\/\/mybrazil.co.uk\/en\/wp-json\/wp\/v2\/product_tag?post=9219"}],"curies":[{"name":"wp","href":"https:\/\/api.w.org\/{rel}","templated":true}]}}