{"id":9216,"date":"2025-09-19T13:38:22","date_gmt":"2025-09-19T12:38:22","guid":{"rendered":"https:\/\/mybrazil.co.uk\/?post_type=product&#038;p=9216"},"modified":"2026-04-06T13:13:21","modified_gmt":"2026-04-06T12:13:21","slug":"sequilhos-laranja-300g-nazinha","status":"publish","type":"product","link":"https:\/\/mybrazil.co.uk\/en\/shop\/sequilhos-laranja-300g-nazinha\/","title":{"rendered":"Sequilhos Laranja 300g Nazinha"},"content":{"rendered":"<p>Estes biscoitos doces combinam o toque c\u00edtrico vibrante da laranja com massa leve e textura crocante. S\u00e3o ideais para aquele caf\u00e9 da manh\u00e3 gostoso, para um lanche da tarde ou para compartilhar em momentos especiais. Produto sem gl\u00faten e sem lactose, fabricado com ingredientes simples, perfeito para quem busca sabor com mais cuidados alimentares.<\/p>\n<p data-start=\"1024\" data-end=\"1367\">Amido de milho (bacillus thuringiensis, streptomyces viridochomogenes, agrobacterium tumefaciens, zea mays, sphingobium herbicidovorans, s. maltophilia, diabrotica firgifera e dicossoma sp.), a\u00e7\u00facar, amido de mandioca, gordura vegetal de palma, ovo, sal e aromatizante.<\/p>\n<p data-start=\"1369\" data-end=\"1482\">Al\u00e9rgicos: cont\u00e9m ovos. Pode conter derivados de soja. N\u00e3o cont\u00e9m gl\u00faten<\/p>","protected":false},"excerpt":{"rendered":"<p>Estes biscoitos doces combinam o toque c\u00edtrico vibrante da laranja com massa leve e textura crocante. S\u00e3o ideais para aquele caf\u00e9 da manh\u00e3 gostoso, para um lanche da tarde ou para compartilhar em momentos especiais. Produto sem gl\u00faten e sem lactose, fabricado com ingredientes simples, perfeito para quem busca sabor com mais cuidados alimentares. Amido [&hellip;]<\/p>","protected":false},"featured_media":9217,"comment_status":"open","ping_status":"closed","template":"","meta":{"_acf_changed":false,"_glsr_average":0,"_glsr_ranking":0,"_glsr_reviews":0},"product_brand":[],"product_cat":[92,43],"product_tag":[],"class_list":{"0":"post-9216","1":"product","2":"type-product","3":"status-publish","4":"has-post-thumbnail","6":"product_cat-bolachas-biscoitos-salgadinhos","7":"product_cat-grocery","9":"first","10":"outofstock","11":"taxable","12":"shipping-taxable","13":"purchasable","14":"product-type-simple"},"acf":[],"_links":{"self":[{"href":"https:\/\/mybrazil.co.uk\/en\/wp-json\/wp\/v2\/product\/9216","targetHints":{"allow":["GET"]}}],"collection":[{"href":"https:\/\/mybrazil.co.uk\/en\/wp-json\/wp\/v2\/product"}],"about":[{"href":"https:\/\/mybrazil.co.uk\/en\/wp-json\/wp\/v2\/types\/product"}],"replies":[{"embeddable":true,"href":"https:\/\/mybrazil.co.uk\/en\/wp-json\/wp\/v2\/comments?post=9216"}],"wp:featuredmedia":[{"embeddable":true,"href":"https:\/\/mybrazil.co.uk\/en\/wp-json\/wp\/v2\/media\/9217"}],"wp:attachment":[{"href":"https:\/\/mybrazil.co.uk\/en\/wp-json\/wp\/v2\/media?parent=9216"}],"wp:term":[{"taxonomy":"product_brand","embeddable":true,"href":"https:\/\/mybrazil.co.uk\/en\/wp-json\/wp\/v2\/product_brand?post=9216"},{"taxonomy":"product_cat","embeddable":true,"href":"https:\/\/mybrazil.co.uk\/en\/wp-json\/wp\/v2\/product_cat?post=9216"},{"taxonomy":"product_tag","embeddable":true,"href":"https:\/\/mybrazil.co.uk\/en\/wp-json\/wp\/v2\/product_tag?post=9216"}],"curies":[{"name":"wp","href":"https:\/\/api.w.org\/{rel}","templated":true}]}}