{"id":9160,"date":"2025-09-11T13:39:47","date_gmt":"2025-09-11T12:39:47","guid":{"rendered":"https:\/\/mybrazil.co.uk\/?post_type=product&#038;p=9160"},"modified":"2026-02-03T17:13:53","modified_gmt":"2026-02-03T17:13:53","slug":"biscoito-doce-tipo-maisena-300g","status":"publish","type":"product","link":"https:\/\/mybrazil.co.uk\/en\/shop\/biscoito-doce-tipo-maisena-300g\/","title":{"rendered":"Bolacha Maisena 300g"},"content":{"rendered":"<p>Biscoito doce tipo \u201cmaisena\u201d, leve e de textura crocante, ideal para acompanhar caf\u00e9 ou ch\u00e1. Feito com ingredientes de qualidade, com sabor suave e toque caseiro. Perfeito para lanches, sobremesas ou simplesmente para saborear a qualquer hora.<\/p>\n<p><strong data-start=\"778\" data-end=\"809\">Ingredientes \/ Ingredients:<\/strong><br data-start=\"809\" data-end=\"812\" \/>Farinha de trigo enriquecida com ferro e \u00e1cido f\u00f3lico; a\u00e7\u00facar; gordura vegetal; a\u00e7\u00facar l\u00edquido invertido; amido de milho; sal; fermentos qu\u00edmicos (bicarbonato de am\u00f4nio, bicarbonato de s\u00f3dio, fosfato tric\u00e1lcico e fosfato monoc\u00e1lcico); emulsificantes (lecitina de soja e estearoil lactato de s\u00f3dio); aromatizantes; melhorador de farinha (metabissulfito de s\u00f3dio).<\/p>\n<p>&nbsp;<\/p>","protected":false},"excerpt":{"rendered":"<p>Biscoito doce tipo \u201cmaisena\u201d, leve e de textura crocante, ideal para acompanhar caf\u00e9 ou ch\u00e1. Feito com ingredientes de qualidade, com sabor suave e toque caseiro. Perfeito para lanches, sobremesas ou simplesmente para saborear a qualquer hora. Ingredientes \/ Ingredients:Farinha de trigo enriquecida com ferro e \u00e1cido f\u00f3lico; a\u00e7\u00facar; gordura vegetal; a\u00e7\u00facar l\u00edquido invertido; amido [&hellip;]<\/p>","protected":false},"featured_media":9206,"comment_status":"open","ping_status":"closed","template":"","meta":{"_acf_changed":false,"_glsr_average":0,"_glsr_ranking":0,"_glsr_reviews":0},"product_brand":[],"product_cat":[92,43],"product_tag":[],"class_list":{"0":"post-9160","1":"product","2":"type-product","3":"status-publish","4":"has-post-thumbnail","6":"product_cat-bolachas-biscoitos-salgadinhos","7":"product_cat-grocery","9":"first","10":"outofstock","11":"taxable","12":"shipping-taxable","13":"purchasable","14":"product-type-simple"},"acf":[],"_links":{"self":[{"href":"https:\/\/mybrazil.co.uk\/en\/wp-json\/wp\/v2\/product\/9160","targetHints":{"allow":["GET"]}}],"collection":[{"href":"https:\/\/mybrazil.co.uk\/en\/wp-json\/wp\/v2\/product"}],"about":[{"href":"https:\/\/mybrazil.co.uk\/en\/wp-json\/wp\/v2\/types\/product"}],"replies":[{"embeddable":true,"href":"https:\/\/mybrazil.co.uk\/en\/wp-json\/wp\/v2\/comments?post=9160"}],"wp:featuredmedia":[{"embeddable":true,"href":"https:\/\/mybrazil.co.uk\/en\/wp-json\/wp\/v2\/media\/9206"}],"wp:attachment":[{"href":"https:\/\/mybrazil.co.uk\/en\/wp-json\/wp\/v2\/media?parent=9160"}],"wp:term":[{"taxonomy":"product_brand","embeddable":true,"href":"https:\/\/mybrazil.co.uk\/en\/wp-json\/wp\/v2\/product_brand?post=9160"},{"taxonomy":"product_cat","embeddable":true,"href":"https:\/\/mybrazil.co.uk\/en\/wp-json\/wp\/v2\/product_cat?post=9160"},{"taxonomy":"product_tag","embeddable":true,"href":"https:\/\/mybrazil.co.uk\/en\/wp-json\/wp\/v2\/product_tag?post=9160"}],"curies":[{"name":"wp","href":"https:\/\/api.w.org\/{rel}","templated":true}]}}