{"id":9158,"date":"2025-09-11T13:36:24","date_gmt":"2025-09-11T12:36:24","guid":{"rendered":"https:\/\/mybrazil.co.uk\/?post_type=product&#038;p=9158"},"modified":"2026-03-28T15:38:13","modified_gmt":"2026-03-28T15:38:13","slug":"goiabada-gourmet-zero-300g","status":"publish","type":"product","link":"https:\/\/mybrazil.co.uk\/en\/shop\/goiabada-gourmet-zero-300g\/","title":{"rendered":"Goiabada Gourmet Zero 300g"},"content":{"rendered":"<p>Uma op\u00e7\u00e3o saborosa e mais saud\u00e1vel de goiabada, sem adi\u00e7\u00e3o de a\u00e7\u00facar. Mant\u00e9m o sabor aut\u00eantico e a textura macia, perfeita para acompanhar queijos, torradas ou para usar em sobremesas.<\/p>","protected":false},"excerpt":{"rendered":"<p>Uma op\u00e7\u00e3o saborosa e mais saud\u00e1vel de goiabada, sem adi\u00e7\u00e3o de a\u00e7\u00facar. Mant\u00e9m o sabor aut\u00eantico e a textura macia, perfeita para acompanhar queijos, torradas ou para usar em sobremesas.<\/p>","protected":false},"featured_media":9159,"comment_status":"open","ping_status":"closed","template":"","meta":{"_acf_changed":false,"_glsr_average":0,"_glsr_ranking":0,"_glsr_reviews":0},"product_brand":[],"product_cat":[46],"product_tag":[],"class_list":{"0":"post-9158","1":"product","2":"type-product","3":"status-publish","4":"has-post-thumbnail","6":"product_cat-sweets","8":"first","9":"outofstock","10":"taxable","11":"shipping-taxable","12":"purchasable","13":"product-type-simple"},"acf":[],"_links":{"self":[{"href":"https:\/\/mybrazil.co.uk\/en\/wp-json\/wp\/v2\/product\/9158","targetHints":{"allow":["GET"]}}],"collection":[{"href":"https:\/\/mybrazil.co.uk\/en\/wp-json\/wp\/v2\/product"}],"about":[{"href":"https:\/\/mybrazil.co.uk\/en\/wp-json\/wp\/v2\/types\/product"}],"replies":[{"embeddable":true,"href":"https:\/\/mybrazil.co.uk\/en\/wp-json\/wp\/v2\/comments?post=9158"}],"wp:featuredmedia":[{"embeddable":true,"href":"https:\/\/mybrazil.co.uk\/en\/wp-json\/wp\/v2\/media\/9159"}],"wp:attachment":[{"href":"https:\/\/mybrazil.co.uk\/en\/wp-json\/wp\/v2\/media?parent=9158"}],"wp:term":[{"taxonomy":"product_brand","embeddable":true,"href":"https:\/\/mybrazil.co.uk\/en\/wp-json\/wp\/v2\/product_brand?post=9158"},{"taxonomy":"product_cat","embeddable":true,"href":"https:\/\/mybrazil.co.uk\/en\/wp-json\/wp\/v2\/product_cat?post=9158"},{"taxonomy":"product_tag","embeddable":true,"href":"https:\/\/mybrazil.co.uk\/en\/wp-json\/wp\/v2\/product_tag?post=9158"}],"curies":[{"name":"wp","href":"https:\/\/api.w.org\/{rel}","templated":true}]}}