{"id":9153,"date":"2025-09-11T11:43:41","date_gmt":"2025-09-11T10:43:41","guid":{"rendered":"https:\/\/mybrazil.co.uk\/?post_type=product&#038;p=9153"},"modified":"2026-04-11T16:14:07","modified_gmt":"2026-04-11T15:14:07","slug":"polpa-de-acai-100g-frutamil","status":"publish","type":"product","link":"https:\/\/mybrazil.co.uk\/en\/shop\/polpa-de-acai-100g-frutamil\/","title":{"rendered":"Polpa de acai 100g Frutamil"},"content":{"rendered":"<p>Polpa de a\u00e7a\u00ed pura e refrescante, embalada em por\u00e7\u00e3o pr\u00e1tica. Ideal para vitaminas, tigelas ou sucos, trazendo o sabor aut\u00eantico e a energia da Amaz\u00f4nia.<\/p>","protected":false},"excerpt":{"rendered":"<p>Polpa de a\u00e7a\u00ed pura e refrescante, embalada em por\u00e7\u00e3o pr\u00e1tica. Ideal para vitaminas, tigelas ou sucos, trazendo o sabor aut\u00eantico e a energia da Amaz\u00f4nia.<\/p>","protected":false},"featured_media":9154,"comment_status":"open","ping_status":"closed","template":"","meta":{"_acf_changed":false,"_glsr_average":0,"_glsr_ranking":0,"_glsr_reviews":0},"product_brand":[],"product_cat":[80,91],"product_tag":[],"class_list":{"0":"post-9153","1":"product","2":"type-product","3":"status-publish","4":"has-post-thumbnail","6":"product_cat-congelados","7":"product_cat-sucos","9":"first","10":"instock","11":"taxable","12":"shipping-taxable","13":"purchasable","14":"product-type-simple"},"acf":[],"_links":{"self":[{"href":"https:\/\/mybrazil.co.uk\/en\/wp-json\/wp\/v2\/product\/9153","targetHints":{"allow":["GET"]}}],"collection":[{"href":"https:\/\/mybrazil.co.uk\/en\/wp-json\/wp\/v2\/product"}],"about":[{"href":"https:\/\/mybrazil.co.uk\/en\/wp-json\/wp\/v2\/types\/product"}],"replies":[{"embeddable":true,"href":"https:\/\/mybrazil.co.uk\/en\/wp-json\/wp\/v2\/comments?post=9153"}],"wp:featuredmedia":[{"embeddable":true,"href":"https:\/\/mybrazil.co.uk\/en\/wp-json\/wp\/v2\/media\/9154"}],"wp:attachment":[{"href":"https:\/\/mybrazil.co.uk\/en\/wp-json\/wp\/v2\/media?parent=9153"}],"wp:term":[{"taxonomy":"product_brand","embeddable":true,"href":"https:\/\/mybrazil.co.uk\/en\/wp-json\/wp\/v2\/product_brand?post=9153"},{"taxonomy":"product_cat","embeddable":true,"href":"https:\/\/mybrazil.co.uk\/en\/wp-json\/wp\/v2\/product_cat?post=9153"},{"taxonomy":"product_tag","embeddable":true,"href":"https:\/\/mybrazil.co.uk\/en\/wp-json\/wp\/v2\/product_tag?post=9153"}],"curies":[{"name":"wp","href":"https:\/\/api.w.org\/{rel}","templated":true}]}}