{"id":9109,"date":"2025-09-02T16:29:19","date_gmt":"2025-09-02T15:29:19","guid":{"rendered":"https:\/\/mybrazil.co.uk\/?post_type=product&#038;p=9109"},"modified":"2026-01-21T17:04:43","modified_gmt":"2026-01-21T17:04:43","slug":"guariroba-em-conserva-dhorta-580g","status":"publish","type":"product","link":"https:\/\/mybrazil.co.uk\/en\/shop\/guariroba-em-conserva-dhorta-580g\/","title":{"rendered":"Guariroba em Conserva D&#8217;Horta 580g"},"content":{"rendered":"<p>Guariroba em conserva D\u2019Horta Alimentos \u2014 palmito de guariroba (Syagrus oleracea) em conserva, em pote de 580 g, ideal para dar sabor e autenticidade \u00e0s suas prepara\u00e7\u00f5es. Com seu amargor caracter\u00edstico e textura firme, \u00e9 perfeito para saladas, refogados, tortas, risotos e caldos. Produto naturalmente sem gl\u00faten, com alta praticidade, mantendo todo o sabor tradicional do Cerrado.<\/p>","protected":false},"excerpt":{"rendered":"<p>Guariroba em conserva D\u2019Horta Alimentos \u2014 palmito de guariroba (Syagrus oleracea) em conserva, em pote de 580 g, ideal para dar sabor e autenticidade \u00e0s suas prepara\u00e7\u00f5es. Com seu amargor caracter\u00edstico e textura firme, \u00e9 perfeito para saladas, refogados, tortas, risotos e caldos. Produto naturalmente sem gl\u00faten, com alta praticidade, mantendo todo o sabor tradicional [&hellip;]<\/p>","protected":false},"featured_media":9110,"comment_status":"open","ping_status":"closed","template":"","meta":{"_acf_changed":false,"_glsr_average":0,"_glsr_ranking":0,"_glsr_reviews":0},"product_brand":[],"product_cat":[86,109],"product_tag":[],"class_list":{"0":"post-9109","1":"product","2":"type-product","3":"status-publish","4":"has-post-thumbnail","6":"product_cat-condiment-2","7":"product_cat-conservas","9":"first","10":"instock","11":"taxable","12":"shipping-taxable","13":"purchasable","14":"product-type-simple"},"acf":[],"_links":{"self":[{"href":"https:\/\/mybrazil.co.uk\/en\/wp-json\/wp\/v2\/product\/9109","targetHints":{"allow":["GET"]}}],"collection":[{"href":"https:\/\/mybrazil.co.uk\/en\/wp-json\/wp\/v2\/product"}],"about":[{"href":"https:\/\/mybrazil.co.uk\/en\/wp-json\/wp\/v2\/types\/product"}],"replies":[{"embeddable":true,"href":"https:\/\/mybrazil.co.uk\/en\/wp-json\/wp\/v2\/comments?post=9109"}],"wp:featuredmedia":[{"embeddable":true,"href":"https:\/\/mybrazil.co.uk\/en\/wp-json\/wp\/v2\/media\/9110"}],"wp:attachment":[{"href":"https:\/\/mybrazil.co.uk\/en\/wp-json\/wp\/v2\/media?parent=9109"}],"wp:term":[{"taxonomy":"product_brand","embeddable":true,"href":"https:\/\/mybrazil.co.uk\/en\/wp-json\/wp\/v2\/product_brand?post=9109"},{"taxonomy":"product_cat","embeddable":true,"href":"https:\/\/mybrazil.co.uk\/en\/wp-json\/wp\/v2\/product_cat?post=9109"},{"taxonomy":"product_tag","embeddable":true,"href":"https:\/\/mybrazil.co.uk\/en\/wp-json\/wp\/v2\/product_tag?post=9109"}],"curies":[{"name":"wp","href":"https:\/\/api.w.org\/{rel}","templated":true}]}}