{"id":9076,"date":"2025-08-19T16:45:39","date_gmt":"2025-08-19T15:45:39","guid":{"rendered":"https:\/\/mybrazil.co.uk\/?post_type=product&#038;p=9076"},"modified":"2026-04-15T10:37:31","modified_gmt":"2026-04-15T09:37:31","slug":"torrada-diatosta-300g","status":"publish","type":"product","link":"https:\/\/mybrazil.co.uk\/en\/shop\/torrada-diatosta-300g\/","title":{"rendered":"Torrada Diatosta 300g"},"content":{"rendered":"<p>Torrada Diatosta Tostagrill 300 g \u2014 torrada de trigo crocante e leve, perfeita para acompanhar queijos, pat\u00eas ou geleias. Em embalagens pr\u00e1ticas individuais, elas garantem frescor e f\u00e1cil porcionamento. Uma op\u00e7\u00e3o vers\u00e1til para caf\u00e9 da manh\u00e3, lanches r\u00e1pidos ou para enriquecer entradas \u2014 sabor tradicional com textura irresist\u00edvel.<\/p>\n<h2 data-start=\"1037\" data-end=\"1068\">Ingredientes \/ Ingredients<\/h2>\n<ul data-start=\"1069\" data-end=\"1425\">\n<li data-start=\"1069\" data-end=\"1098\">\n<p data-start=\"1071\" data-end=\"1098\">Farinha de trigo (gl\u00faten)<\/p>\n<\/li>\n<li data-start=\"1099\" data-end=\"1126\">\n<p data-start=\"1101\" data-end=\"1126\">Gordura vegetal (palma)<\/p>\n<\/li>\n<li data-start=\"1127\" data-end=\"1154\">\n<p data-start=\"1129\" data-end=\"1154\">\u00d3leo vegetal (girassol)<\/p>\n<\/li>\n<li data-start=\"1155\" data-end=\"1172\">\n<p data-start=\"1157\" data-end=\"1172\">Soro de leite<\/p>\n<\/li>\n<li data-start=\"1173\" data-end=\"1185\">\n<p data-start=\"1175\" data-end=\"1185\">Dextrose<\/p>\n<\/li>\n<li data-start=\"1186\" data-end=\"1215\">\n<p data-start=\"1188\" data-end=\"1215\">Extrato de malte (cevada)<\/p>\n<\/li>\n<li data-start=\"1216\" data-end=\"1235\">\n<p data-start=\"1218\" data-end=\"1235\">Gl\u00faten de trigo<\/p>\n<\/li>\n<li data-start=\"1236\" data-end=\"1248\">\n<p data-start=\"1238\" data-end=\"1248\">Levedura<\/p>\n<\/li>\n<li data-start=\"1249\" data-end=\"1256\">\n<p data-start=\"1251\" data-end=\"1256\">Sal<\/p>\n<\/li>\n<li data-start=\"1257\" data-end=\"1287\">\n<p data-start=\"1259\" data-end=\"1287\">Emulsionantes: E471 e E322<\/p>\n<\/li>\n<li data-start=\"1288\" data-end=\"1307\">\n<p data-start=\"1290\" data-end=\"1307\">Farinha de soja<\/p>\n<\/li>\n<li data-start=\"1308\" data-end=\"1341\">\n<p data-start=\"1310\" data-end=\"1341\">Antioxidante: \u00e1cido asc\u00f3rbico<\/p>\n<\/li>\n<li data-start=\"1342\" data-end=\"1425\">\n<p data-start=\"1344\" data-end=\"1425\">Pode conter vest\u00edgios de sementes de s\u00e9samo <span class=\"\" data-state=\"closed\"><span class=\"ms-1 inline-flex max-w-full items-center relative top-[-0.094rem] animate-[show_150ms_ease-in]\" data-testid=\"webpage-citation-pill\"><a class=\"flex h-4.5 overflow-hidden rounded-xl px-2 text-[9px] font-medium text-token-text-secondary! bg-[#F4F4F4]! dark:bg-[#303030]! transition-colors duration-150 ease-in-out\" href=\"https:\/\/nutripedia.pt\/produtos\/7531?utm_source=chatgpt.com\" target=\"_blank\" rel=\"noopener\"><span class=\"relative start-0 bottom-0 flex h-full w-full items-center\"><span class=\"flex h-4 w-full items-center justify-between\"><span class=\"max-w-full grow truncate overflow-hidden text-center\">Nutripedia<\/span><span class=\"-me-1 flex h-full items-center rounded-full px-1 text-[#8F8F8F]\">+1<\/span><\/span><\/span><\/a><\/span><\/span><\/p>\n<\/li>\n<\/ul>\n<hr data-start=\"1427\" data-end=\"1430\" \/>\n<h2 data-start=\"1432\" data-end=\"1481\">Informa\u00e7\u00f5es Nutricionais \/ Nutritional Facts<\/h2>\n<p data-start=\"1482\" data-end=\"1506\">Valores por <strong data-start=\"1494\" data-end=\"1503\">100 g<\/strong>:<\/p>\n<ul data-start=\"1507\" data-end=\"1698\">\n<li data-start=\"1507\" data-end=\"1539\">\n<p data-start=\"1509\" data-end=\"1539\">Energia: 414 kcal \/ 1 745 kJ<\/p>\n<\/li>\n<li data-start=\"1540\" data-end=\"1574\">\n<p data-start=\"1542\" data-end=\"1574\">L\u00edpidos: 10 g (saturados: 4 g)<\/p>\n<\/li>\n<li data-start=\"1575\" data-end=\"1613\">\n<p data-start=\"1577\" data-end=\"1613\">Carboidratos: 68 g (a\u00e7\u00facares: 6 g)<\/p>\n<\/li>\n<li data-start=\"1614\" data-end=\"1629\">\n<p data-start=\"1616\" data-end=\"1629\">Fibras: 4 g<\/p>\n<\/li>\n<li data-start=\"1630\" data-end=\"1649\">\n<p data-start=\"1632\" data-end=\"1649\">Prote\u00ednas: 11 g<\/p>\n<\/li>\n<li data-start=\"1650\" data-end=\"1698\">\n<p data-start=\"1652\" data-end=\"1698\">Sal: 1 g <span class=\"\" data-state=\"closed\"><span class=\"ms-1 inline-flex max-w-full items-center relative top-[-0.094rem] animate-[show_150ms_ease-in]\" data-testid=\"webpage-citation-pill\"><a class=\"flex h-4.5 overflow-hidden rounded-xl px-2 text-[9px] font-medium text-token-text-secondary! bg-[#F4F4F4]! dark:bg-[#303030]! transition-colors duration-150 ease-in-out\" href=\"https:\/\/nutripedia.pt\/produtos\/7531?utm_source=chatgpt.com\" target=\"_blank\" rel=\"noopener\"><span class=\"relative start-0 bottom-0 flex h-full w-full items-center\"><span class=\"flex h-4 w-full items-center justify-between overflow-hidden\"><span class=\"max-w-full grow truncate overflow-hidden text-center\">Nutripedia<\/span><\/span><\/span><\/a><\/span><\/span><\/p>\n<\/li>\n<\/ul>","protected":false},"excerpt":{"rendered":"<p>Torrada Diatosta Tostagrill 300 g \u2014 torrada de trigo crocante e leve, perfeita para acompanhar queijos, pat\u00eas ou geleias. Em embalagens pr\u00e1ticas individuais, elas garantem frescor e f\u00e1cil porcionamento. Uma op\u00e7\u00e3o vers\u00e1til para caf\u00e9 da manh\u00e3, lanches r\u00e1pidos ou para enriquecer entradas \u2014 sabor tradicional com textura irresist\u00edvel. Ingredientes \/ Ingredients Farinha de trigo (gl\u00faten) [&hellip;]<\/p>","protected":false},"featured_media":9081,"comment_status":"open","ping_status":"closed","template":"","meta":{"_acf_changed":false,"_glsr_average":0,"_glsr_ranking":0,"_glsr_reviews":0},"product_brand":[],"product_cat":[92,33],"product_tag":[],"class_list":{"0":"post-9076","1":"product","2":"type-product","3":"status-publish","4":"has-post-thumbnail","6":"product_cat-bolachas-biscoitos-salgadinhos","7":"product_cat-ofertas_home","9":"first","10":"instock","11":"sale","12":"taxable","13":"shipping-taxable","14":"purchasable","15":"product-type-simple"},"acf":[],"_links":{"self":[{"href":"https:\/\/mybrazil.co.uk\/en\/wp-json\/wp\/v2\/product\/9076","targetHints":{"allow":["GET"]}}],"collection":[{"href":"https:\/\/mybrazil.co.uk\/en\/wp-json\/wp\/v2\/product"}],"about":[{"href":"https:\/\/mybrazil.co.uk\/en\/wp-json\/wp\/v2\/types\/product"}],"replies":[{"embeddable":true,"href":"https:\/\/mybrazil.co.uk\/en\/wp-json\/wp\/v2\/comments?post=9076"}],"wp:featuredmedia":[{"embeddable":true,"href":"https:\/\/mybrazil.co.uk\/en\/wp-json\/wp\/v2\/media\/9081"}],"wp:attachment":[{"href":"https:\/\/mybrazil.co.uk\/en\/wp-json\/wp\/v2\/media?parent=9076"}],"wp:term":[{"taxonomy":"product_brand","embeddable":true,"href":"https:\/\/mybrazil.co.uk\/en\/wp-json\/wp\/v2\/product_brand?post=9076"},{"taxonomy":"product_cat","embeddable":true,"href":"https:\/\/mybrazil.co.uk\/en\/wp-json\/wp\/v2\/product_cat?post=9076"},{"taxonomy":"product_tag","embeddable":true,"href":"https:\/\/mybrazil.co.uk\/en\/wp-json\/wp\/v2\/product_tag?post=9076"}],"curies":[{"name":"wp","href":"https:\/\/api.w.org\/{rel}","templated":true}]}}