{"id":9065,"date":"2025-08-16T18:50:15","date_gmt":"2025-08-16T17:50:15","guid":{"rendered":"https:\/\/mybrazil.co.uk\/?post_type=product&#038;p=9065"},"modified":"2026-01-22T17:28:29","modified_gmt":"2026-01-22T17:28:29","slug":"cachaca-51-700-ml","status":"publish","type":"product","link":"https:\/\/mybrazil.co.uk\/en\/shop\/cachaca-51-700-ml\/","title":{"rendered":"Cacha\u00e7a 51 \u2014 700 ml"},"content":{"rendered":"<p>A Cacha\u00e7a 51 \u00e9 um destilado brasileiro tradicional, produzido a partir da fermenta\u00e7\u00e3o e destila\u00e7\u00e3o do caldo fresco da cana-de-a\u00e7\u00facar. Transparente e cristalina, apresenta aroma caracter\u00edstico, sabor equilibrado, levemente adocicado e notas frutadas. Com teor alco\u00f3lico de 40%, \u00e9 ideal para ser apreciada pura, com gelo ou como base da cl\u00e1ssica caipirinha, sendo considerada a cacha\u00e7a mais tradicional e reconhecida do Brasil.<\/p>","protected":false},"excerpt":{"rendered":"<p>A Cacha\u00e7a 51 \u00e9 um destilado brasileiro tradicional, produzido a partir da fermenta\u00e7\u00e3o e destila\u00e7\u00e3o do caldo fresco da cana-de-a\u00e7\u00facar. Transparente e cristalina, apresenta aroma caracter\u00edstico, sabor equilibrado, levemente adocicado e notas frutadas. Com teor alco\u00f3lico de 40%, \u00e9 ideal para ser apreciada pura, com gelo ou como base da cl\u00e1ssica caipirinha, sendo considerada a [&hellip;]<\/p>","protected":false},"featured_media":9066,"comment_status":"open","ping_status":"closed","template":"","meta":{"_acf_changed":false,"_glsr_average":0,"_glsr_ranking":0,"_glsr_reviews":0},"product_brand":[],"product_cat":[89],"product_tag":[],"class_list":{"0":"post-9065","1":"product","2":"type-product","3":"status-publish","4":"has-post-thumbnail","6":"product_cat-beer-wine-alcoholic-spirits","8":"first","9":"instock","10":"taxable","11":"shipping-taxable","12":"purchasable","13":"product-type-simple"},"acf":[],"_links":{"self":[{"href":"https:\/\/mybrazil.co.uk\/en\/wp-json\/wp\/v2\/product\/9065","targetHints":{"allow":["GET"]}}],"collection":[{"href":"https:\/\/mybrazil.co.uk\/en\/wp-json\/wp\/v2\/product"}],"about":[{"href":"https:\/\/mybrazil.co.uk\/en\/wp-json\/wp\/v2\/types\/product"}],"replies":[{"embeddable":true,"href":"https:\/\/mybrazil.co.uk\/en\/wp-json\/wp\/v2\/comments?post=9065"}],"wp:featuredmedia":[{"embeddable":true,"href":"https:\/\/mybrazil.co.uk\/en\/wp-json\/wp\/v2\/media\/9066"}],"wp:attachment":[{"href":"https:\/\/mybrazil.co.uk\/en\/wp-json\/wp\/v2\/media?parent=9065"}],"wp:term":[{"taxonomy":"product_brand","embeddable":true,"href":"https:\/\/mybrazil.co.uk\/en\/wp-json\/wp\/v2\/product_brand?post=9065"},{"taxonomy":"product_cat","embeddable":true,"href":"https:\/\/mybrazil.co.uk\/en\/wp-json\/wp\/v2\/product_cat?post=9065"},{"taxonomy":"product_tag","embeddable":true,"href":"https:\/\/mybrazil.co.uk\/en\/wp-json\/wp\/v2\/product_tag?post=9065"}],"curies":[{"name":"wp","href":"https:\/\/api.w.org\/{rel}","templated":true}]}}