{"id":9052,"date":"2025-08-15T12:53:19","date_gmt":"2025-08-15T11:53:19","guid":{"rendered":"https:\/\/mybrazil.co.uk\/?post_type=product&#038;p=9052"},"modified":"2026-04-17T12:14:19","modified_gmt":"2026-04-17T11:14:19","slug":"pintarolas-imperial-tubo-22-g","status":"publish","type":"product","link":"https:\/\/mybrazil.co.uk\/en\/shop\/pintarolas-imperial-tubo-22-g\/","title":{"rendered":"Pintarolas Imperial Tubo 22 g"},"content":{"rendered":"<p>Um tubo compacto de pastilhas de chocolate ao leite, cobertas com uma fina camada de a\u00e7\u00facar colorido. Divertidas e vibrantes, as drageias s\u00e3o livres de corantes artificiais e ideais para petiscar, decorar doces ou partilhar em momentos especiais. Uma explos\u00e3o de sabor e cor em cada tubinho<\/p>","protected":false},"excerpt":{"rendered":"<p>Um tubo compacto de pastilhas de chocolate ao leite, cobertas com uma fina camada de a\u00e7\u00facar colorido. Divertidas e vibrantes, as drageias s\u00e3o livres de corantes artificiais e ideais para petiscar, decorar doces ou partilhar em momentos especiais. Uma explos\u00e3o de sabor e cor em cada tubinho<\/p>","protected":false},"featured_media":9053,"comment_status":"open","ping_status":"closed","template":"","meta":{"_acf_changed":false,"_glsr_average":0,"_glsr_ranking":0,"_glsr_reviews":0},"product_brand":[],"product_cat":[46],"product_tag":[],"class_list":{"0":"post-9052","1":"product","2":"type-product","3":"status-publish","4":"has-post-thumbnail","6":"product_cat-sweets","8":"first","9":"instock","10":"taxable","11":"shipping-taxable","12":"purchasable","13":"product-type-simple"},"acf":[],"_links":{"self":[{"href":"https:\/\/mybrazil.co.uk\/en\/wp-json\/wp\/v2\/product\/9052","targetHints":{"allow":["GET"]}}],"collection":[{"href":"https:\/\/mybrazil.co.uk\/en\/wp-json\/wp\/v2\/product"}],"about":[{"href":"https:\/\/mybrazil.co.uk\/en\/wp-json\/wp\/v2\/types\/product"}],"replies":[{"embeddable":true,"href":"https:\/\/mybrazil.co.uk\/en\/wp-json\/wp\/v2\/comments?post=9052"}],"wp:featuredmedia":[{"embeddable":true,"href":"https:\/\/mybrazil.co.uk\/en\/wp-json\/wp\/v2\/media\/9053"}],"wp:attachment":[{"href":"https:\/\/mybrazil.co.uk\/en\/wp-json\/wp\/v2\/media?parent=9052"}],"wp:term":[{"taxonomy":"product_brand","embeddable":true,"href":"https:\/\/mybrazil.co.uk\/en\/wp-json\/wp\/v2\/product_brand?post=9052"},{"taxonomy":"product_cat","embeddable":true,"href":"https:\/\/mybrazil.co.uk\/en\/wp-json\/wp\/v2\/product_cat?post=9052"},{"taxonomy":"product_tag","embeddable":true,"href":"https:\/\/mybrazil.co.uk\/en\/wp-json\/wp\/v2\/product_tag?post=9052"}],"curies":[{"name":"wp","href":"https:\/\/api.w.org\/{rel}","templated":true}]}}