{"id":9046,"date":"2025-08-15T12:30:23","date_gmt":"2025-08-15T11:30:23","guid":{"rendered":"https:\/\/mybrazil.co.uk\/?post_type=product&#038;p=9046"},"modified":"2026-04-01T14:59:55","modified_gmt":"2026-04-01T13:59:55","slug":"polpa-de-maracuja-c-semente-koala-565g","status":"publish","type":"product","link":"https:\/\/mybrazil.co.uk\/en\/shop\/polpa-de-maracuja-c-semente-koala-565g\/","title":{"rendered":"Polpa de Maracuja c\/Semente Koala 565g"},"content":{"rendered":"<p>A Polpa de Maracuj\u00e1 com Semente Koala (565 g) traz a verdadeira ess\u00eancia da fruta tropical, com seu sabor marcante e sementes levemente crocantes. Produzida com maracuj\u00e1s selecionados e 100% naturais, \u00e9 perfeita para sucos, sobremesas, drinks e receitas gourmet. Vers\u00e1til e pr\u00e1tica, real\u00e7a o sabor com um toque ex\u00f3tico e delicioso.<\/p>","protected":false},"excerpt":{"rendered":"<p>A Polpa de Maracuj\u00e1 com Semente Koala (565 g) traz a verdadeira ess\u00eancia da fruta tropical, com seu sabor marcante e sementes levemente crocantes. Produzida com maracuj\u00e1s selecionados e 100% naturais, \u00e9 perfeita para sucos, sobremesas, drinks e receitas gourmet. Vers\u00e1til e pr\u00e1tica, real\u00e7a o sabor com um toque ex\u00f3tico e delicioso.<\/p>","protected":false},"featured_media":9047,"comment_status":"open","ping_status":"closed","template":"","meta":{"_acf_changed":false,"_glsr_average":0,"_glsr_ranking":0,"_glsr_reviews":0},"product_brand":[],"product_cat":[86,87,91],"product_tag":[],"class_list":{"0":"post-9046","1":"product","2":"type-product","3":"status-publish","4":"has-post-thumbnail","6":"product_cat-condiment-2","7":"product_cat-confeitaria","8":"product_cat-sucos","10":"first","11":"instock","12":"taxable","13":"shipping-taxable","14":"purchasable","15":"product-type-simple"},"acf":[],"_links":{"self":[{"href":"https:\/\/mybrazil.co.uk\/en\/wp-json\/wp\/v2\/product\/9046","targetHints":{"allow":["GET"]}}],"collection":[{"href":"https:\/\/mybrazil.co.uk\/en\/wp-json\/wp\/v2\/product"}],"about":[{"href":"https:\/\/mybrazil.co.uk\/en\/wp-json\/wp\/v2\/types\/product"}],"replies":[{"embeddable":true,"href":"https:\/\/mybrazil.co.uk\/en\/wp-json\/wp\/v2\/comments?post=9046"}],"wp:featuredmedia":[{"embeddable":true,"href":"https:\/\/mybrazil.co.uk\/en\/wp-json\/wp\/v2\/media\/9047"}],"wp:attachment":[{"href":"https:\/\/mybrazil.co.uk\/en\/wp-json\/wp\/v2\/media?parent=9046"}],"wp:term":[{"taxonomy":"product_brand","embeddable":true,"href":"https:\/\/mybrazil.co.uk\/en\/wp-json\/wp\/v2\/product_brand?post=9046"},{"taxonomy":"product_cat","embeddable":true,"href":"https:\/\/mybrazil.co.uk\/en\/wp-json\/wp\/v2\/product_cat?post=9046"},{"taxonomy":"product_tag","embeddable":true,"href":"https:\/\/mybrazil.co.uk\/en\/wp-json\/wp\/v2\/product_tag?post=9046"}],"curies":[{"name":"wp","href":"https:\/\/api.w.org\/{rel}","templated":true}]}}