{"id":9038,"date":"2025-08-14T14:52:00","date_gmt":"2025-08-14T13:52:00","guid":{"rendered":"https:\/\/mybrazil.co.uk\/?post_type=product&#038;p=9038"},"modified":"2026-04-16T18:37:14","modified_gmt":"2026-04-16T17:37:14","slug":"tempero-sazon-para-alho-60g","status":"publish","type":"product","link":"https:\/\/mybrazil.co.uk\/en\/shop\/tempero-sazon-para-alho-60g\/","title":{"rendered":"Tempero Sazon de Alho 60g"},"content":{"rendered":"<p>O SAZ\u00d3N\u00ae Tempero de Alho 60g \u00e9 um tempero em p\u00f3 desenvolvido para real\u00e7ar o sabor de carnes, arroz, legumes e diversas receitas do dia a dia. Com uma combina\u00e7\u00e3o equilibrada de alho, cebola e especiarias selecionadas, proporciona um sabor intenso, caseiro e pr\u00e1tico em poucos segundos. Sua f\u00f3rmula j\u00e1 vem pronta para uso, garantindo mais conveni\u00eancia na cozinha sem abrir m\u00e3o de um resultado saboroso e consistente. Ideal para quem busca praticidade e um toque especial de alho em suas prepara\u00e7\u00f5es.<\/p>","protected":false},"excerpt":{"rendered":"<p>O SAZ\u00d3N\u00ae Tempero de Alho 60g \u00e9 um tempero em p\u00f3 desenvolvido para real\u00e7ar o sabor de carnes, arroz, legumes e diversas receitas do dia a dia. Com uma combina\u00e7\u00e3o equilibrada de alho, cebola e especiarias selecionadas, proporciona um sabor intenso, caseiro e pr\u00e1tico em poucos segundos. Sua f\u00f3rmula j\u00e1 vem pronta para uso, garantindo [&hellip;]<\/p>","protected":false},"featured_media":10685,"comment_status":"open","ping_status":"closed","template":"","meta":{"_acf_changed":false,"_glsr_average":0,"_glsr_ranking":0,"_glsr_reviews":0},"product_brand":[],"product_cat":[86,41],"product_tag":[],"class_list":{"0":"post-9038","1":"product","2":"type-product","3":"status-publish","4":"has-post-thumbnail","6":"product_cat-condiment-2","7":"product_cat-condiments-and-sauce","9":"first","10":"instock","11":"taxable","12":"shipping-taxable","13":"purchasable","14":"product-type-simple"},"acf":[],"_links":{"self":[{"href":"https:\/\/mybrazil.co.uk\/en\/wp-json\/wp\/v2\/product\/9038","targetHints":{"allow":["GET"]}}],"collection":[{"href":"https:\/\/mybrazil.co.uk\/en\/wp-json\/wp\/v2\/product"}],"about":[{"href":"https:\/\/mybrazil.co.uk\/en\/wp-json\/wp\/v2\/types\/product"}],"replies":[{"embeddable":true,"href":"https:\/\/mybrazil.co.uk\/en\/wp-json\/wp\/v2\/comments?post=9038"}],"wp:featuredmedia":[{"embeddable":true,"href":"https:\/\/mybrazil.co.uk\/en\/wp-json\/wp\/v2\/media\/10685"}],"wp:attachment":[{"href":"https:\/\/mybrazil.co.uk\/en\/wp-json\/wp\/v2\/media?parent=9038"}],"wp:term":[{"taxonomy":"product_brand","embeddable":true,"href":"https:\/\/mybrazil.co.uk\/en\/wp-json\/wp\/v2\/product_brand?post=9038"},{"taxonomy":"product_cat","embeddable":true,"href":"https:\/\/mybrazil.co.uk\/en\/wp-json\/wp\/v2\/product_cat?post=9038"},{"taxonomy":"product_tag","embeddable":true,"href":"https:\/\/mybrazil.co.uk\/en\/wp-json\/wp\/v2\/product_tag?post=9038"}],"curies":[{"name":"wp","href":"https:\/\/api.w.org\/{rel}","templated":true}]}}