{"id":9018,"date":"2025-08-11T14:56:52","date_gmt":"2025-08-11T13:56:52","guid":{"rendered":"https:\/\/mybrazil.co.uk\/?post_type=product&#038;p=9018"},"modified":"2026-04-22T11:27:25","modified_gmt":"2026-04-22T10:27:25","slug":"contra-file-brasileiro-950g-1050g","status":"publish","type":"product","link":"https:\/\/mybrazil.co.uk\/en\/shop\/contra-file-brasileiro-950g-1050g\/","title":{"rendered":"Contra File Brasileiro"},"content":{"rendered":"<p>Contra\u2010fil\u00e9 Astra \u2014 corte bovino de alta qualidade da linha \u201cCortes Bovinos\u201d da Astra, localizado na parte traseira superior do animal (pr\u00f3ximo ao lombo), com uma capa de gordura lateral que contribui para sabor e sucul\u00eancia. Ideal para preparar grelhados, bifes altos, churrasco ou assados. Fabricado com procedimento rigoroso de sele\u00e7\u00e3o e corte pela Astra, sob padr\u00f5es de higiene e qualidade para mercado interno e exporta\u00e7\u00e3o.<\/p>\n<p>&nbsp;<\/p>","protected":false},"excerpt":{"rendered":"<p>Contra\u2010fil\u00e9 Astra \u2014 corte bovino de alta qualidade da linha \u201cCortes Bovinos\u201d da Astra, localizado na parte traseira superior do animal (pr\u00f3ximo ao lombo), com uma capa de gordura lateral que contribui para sabor e sucul\u00eancia. Ideal para preparar grelhados, bifes altos, churrasco ou assados. Fabricado com procedimento rigoroso de sele\u00e7\u00e3o e corte pela Astra, [&hellip;]<\/p>","protected":false},"featured_media":9019,"comment_status":"open","ping_status":"closed","template":"","meta":{"_acf_changed":false,"_glsr_average":0,"_glsr_ranking":0,"_glsr_reviews":0},"product_brand":[],"product_cat":[96,44],"product_tag":[],"class_list":{"0":"post-9018","1":"product","2":"type-product","3":"status-publish","4":"has-post-thumbnail","6":"product_cat-bovinos","7":"product_cat-meat","9":"first","10":"instock","11":"taxable","12":"shipping-taxable","13":"purchasable","14":"product-type-simple"},"acf":[],"_links":{"self":[{"href":"https:\/\/mybrazil.co.uk\/en\/wp-json\/wp\/v2\/product\/9018","targetHints":{"allow":["GET"]}}],"collection":[{"href":"https:\/\/mybrazil.co.uk\/en\/wp-json\/wp\/v2\/product"}],"about":[{"href":"https:\/\/mybrazil.co.uk\/en\/wp-json\/wp\/v2\/types\/product"}],"replies":[{"embeddable":true,"href":"https:\/\/mybrazil.co.uk\/en\/wp-json\/wp\/v2\/comments?post=9018"}],"wp:featuredmedia":[{"embeddable":true,"href":"https:\/\/mybrazil.co.uk\/en\/wp-json\/wp\/v2\/media\/9019"}],"wp:attachment":[{"href":"https:\/\/mybrazil.co.uk\/en\/wp-json\/wp\/v2\/media?parent=9018"}],"wp:term":[{"taxonomy":"product_brand","embeddable":true,"href":"https:\/\/mybrazil.co.uk\/en\/wp-json\/wp\/v2\/product_brand?post=9018"},{"taxonomy":"product_cat","embeddable":true,"href":"https:\/\/mybrazil.co.uk\/en\/wp-json\/wp\/v2\/product_cat?post=9018"},{"taxonomy":"product_tag","embeddable":true,"href":"https:\/\/mybrazil.co.uk\/en\/wp-json\/wp\/v2\/product_tag?post=9018"}],"curies":[{"name":"wp","href":"https:\/\/api.w.org\/{rel}","templated":true}]}}