{"id":9002,"date":"2025-08-06T20:20:47","date_gmt":"2025-08-06T19:20:47","guid":{"rendered":"https:\/\/mybrazil.co.uk\/?post_type=product&#038;p=9002"},"modified":"2026-03-23T17:01:35","modified_gmt":"2026-03-23T17:01:35","slug":"bife-costela-c-osso-temperado-950g-1050g","status":"publish","type":"product","link":"https:\/\/mybrazil.co.uk\/en\/shop\/bife-costela-c-osso-temperado-950g-1050g\/","title":{"rendered":"File de Costela com osso Temperado &#8211; (0.800 &#8211; 1.000g)"},"content":{"rendered":"<p>O <strong data-start=\"160\" data-end=\"211\">Fil\u00e9 de Costela com Osso Temperado <\/strong>\u00e9 um corte bovino suculento e saboroso, preparado com temperos selecionados para real\u00e7ar o sabor natural da carne. Com marmoreio equilibrado e presen\u00e7a do osso, este corte garante mais sucul\u00eancia e intensidade durante o preparo. Ideal para assar no forno, preparar na churrasqueira ou cozinhar lentamente, \u00e9 perfeito para refei\u00e7\u00f5es em fam\u00edlia, churrascos ou ocasi\u00f5es especiais. Pr\u00e1tico e pronto para cozinhar, oferece conveni\u00eancia sem abrir m\u00e3o do sabor.<\/p>","protected":false},"excerpt":{"rendered":"<p>O Fil\u00e9 de Costela com Osso Temperado \u00e9 um corte bovino suculento e saboroso, preparado com temperos selecionados para real\u00e7ar o sabor natural da carne. Com marmoreio equilibrado e presen\u00e7a do osso, este corte garante mais sucul\u00eancia e intensidade durante o preparo. Ideal para assar no forno, preparar na churrasqueira ou cozinhar lentamente, \u00e9 perfeito [&hellip;]<\/p>","protected":false},"featured_media":9003,"comment_status":"open","ping_status":"closed","template":"","meta":{"_acf_changed":false,"_glsr_average":0,"_glsr_ranking":0,"_glsr_reviews":0},"product_brand":[],"product_cat":[96,44,103],"product_tag":[],"class_list":{"0":"post-9002","1":"product","2":"type-product","3":"status-publish","4":"has-post-thumbnail","6":"product_cat-bovinos","7":"product_cat-meat","8":"product_cat-churrasco","10":"first","11":"instock","12":"taxable","13":"shipping-taxable","14":"purchasable","15":"product-type-simple"},"acf":[],"_links":{"self":[{"href":"https:\/\/mybrazil.co.uk\/en\/wp-json\/wp\/v2\/product\/9002","targetHints":{"allow":["GET"]}}],"collection":[{"href":"https:\/\/mybrazil.co.uk\/en\/wp-json\/wp\/v2\/product"}],"about":[{"href":"https:\/\/mybrazil.co.uk\/en\/wp-json\/wp\/v2\/types\/product"}],"replies":[{"embeddable":true,"href":"https:\/\/mybrazil.co.uk\/en\/wp-json\/wp\/v2\/comments?post=9002"}],"wp:featuredmedia":[{"embeddable":true,"href":"https:\/\/mybrazil.co.uk\/en\/wp-json\/wp\/v2\/media\/9003"}],"wp:attachment":[{"href":"https:\/\/mybrazil.co.uk\/en\/wp-json\/wp\/v2\/media?parent=9002"}],"wp:term":[{"taxonomy":"product_brand","embeddable":true,"href":"https:\/\/mybrazil.co.uk\/en\/wp-json\/wp\/v2\/product_brand?post=9002"},{"taxonomy":"product_cat","embeddable":true,"href":"https:\/\/mybrazil.co.uk\/en\/wp-json\/wp\/v2\/product_cat?post=9002"},{"taxonomy":"product_tag","embeddable":true,"href":"https:\/\/mybrazil.co.uk\/en\/wp-json\/wp\/v2\/product_tag?post=9002"}],"curies":[{"name":"wp","href":"https:\/\/api.w.org\/{rel}","templated":true}]}}