{"id":8856,"date":"2025-07-21T23:45:22","date_gmt":"2025-07-21T22:45:22","guid":{"rendered":"https:\/\/mybrazil.co.uk\/?post_type=product&#038;p=8856"},"modified":"2026-01-20T12:47:11","modified_gmt":"2026-01-20T12:47:11","slug":"anni-edt-100ml","status":"publish","type":"product","link":"https:\/\/mybrazil.co.uk\/en\/shop\/anni-edt-100ml\/","title":{"rendered":"Perfume Anni EAU de Toilette100ml"},"content":{"rendered":"<p>fragr\u00e2ncia floral frutada elegante e delicada, com notas de topo como mandarina, lim\u00e3o siciliano e damasco; cora\u00e7\u00e3o com jasmim, freesia e l\u00edrio-do-vale; e base com \u00e2mbar, alm\u00edscar, s\u00e2ndalo e acordes gourmand. <br data-start=\"592\" data-end=\"595\" \/>Sua embalagem em formato de \u00e2nfora com v\u00e1lvula spray facilita a aplica\u00e7\u00e3o. Ideal para o uso di\u00e1rio, especialmente em dias secos e amenos. Vers\u00e3o cruelty-free, feita no Brasil.<\/p>\n<p><strong data-start=\"1338\" data-end=\"1369\">Ingredientes \/ Ingredients:<\/strong><br data-start=\"1369\" data-end=\"1372\" \/>Ethyl Alcohol; Water; Parfum (Fragrance); Octisalate; Caprylyl Glycol; Avobenzone; Red 33; Bright Blue; Alpha-Isomethyl Ionone; Benzyl Salicylate; Butylphenyl Methylpropional; Cinnamyl Alcohol; Citral; Citronellol; Coumarin; Hydroxycitronellal; Hydroxyisohexyl 3-Cyclohexene Carboxaldehyde; Limonene; Linalool<\/p>","protected":false},"excerpt":{"rendered":"<p>fragr\u00e2ncia floral frutada elegante e delicada, com notas de topo como mandarina, lim\u00e3o siciliano e damasco; cora\u00e7\u00e3o com jasmim, freesia e l\u00edrio-do-vale; e base com \u00e2mbar, alm\u00edscar, s\u00e2ndalo e acordes gourmand. Sua embalagem em formato de \u00e2nfora com v\u00e1lvula spray facilita a aplica\u00e7\u00e3o. Ideal para o uso di\u00e1rio, especialmente em dias secos e amenos. Vers\u00e3o [&hellip;]<\/p>","protected":false},"featured_media":9267,"comment_status":"open","ping_status":"closed","template":"","meta":{"_acf_changed":false,"_glsr_average":0,"_glsr_ranking":0,"_glsr_reviews":0},"product_brand":[],"product_cat":[40],"product_tag":[],"class_list":{"0":"post-8856","1":"product","2":"type-product","3":"status-publish","4":"has-post-thumbnail","6":"product_cat-beauty","8":"first","9":"instock","10":"taxable","11":"shipping-taxable","12":"purchasable","13":"product-type-simple"},"acf":[],"_links":{"self":[{"href":"https:\/\/mybrazil.co.uk\/en\/wp-json\/wp\/v2\/product\/8856","targetHints":{"allow":["GET"]}}],"collection":[{"href":"https:\/\/mybrazil.co.uk\/en\/wp-json\/wp\/v2\/product"}],"about":[{"href":"https:\/\/mybrazil.co.uk\/en\/wp-json\/wp\/v2\/types\/product"}],"replies":[{"embeddable":true,"href":"https:\/\/mybrazil.co.uk\/en\/wp-json\/wp\/v2\/comments?post=8856"}],"wp:featuredmedia":[{"embeddable":true,"href":"https:\/\/mybrazil.co.uk\/en\/wp-json\/wp\/v2\/media\/9267"}],"wp:attachment":[{"href":"https:\/\/mybrazil.co.uk\/en\/wp-json\/wp\/v2\/media?parent=8856"}],"wp:term":[{"taxonomy":"product_brand","embeddable":true,"href":"https:\/\/mybrazil.co.uk\/en\/wp-json\/wp\/v2\/product_brand?post=8856"},{"taxonomy":"product_cat","embeddable":true,"href":"https:\/\/mybrazil.co.uk\/en\/wp-json\/wp\/v2\/product_cat?post=8856"},{"taxonomy":"product_tag","embeddable":true,"href":"https:\/\/mybrazil.co.uk\/en\/wp-json\/wp\/v2\/product_tag?post=8856"}],"curies":[{"name":"wp","href":"https:\/\/api.w.org\/{rel}","templated":true}]}}